{"id":291045,"date":"2026-03-04T13:48:17","date_gmt":"2026-03-04T12:48:17","guid":{"rendered":"https:\/\/textilfy.es\/impresion\/non%20class\u00e9\/sac-tote-personnalise\/"},"modified":"2026-04-20T11:15:14","modified_gmt":"2026-04-20T09:15:14","slug":"sac-tote-personnalise","status":"publish","type":"product","link":"https:\/\/textilfy.es\/fr\/impression\/vetements-personnalises\/sac-tote-personnalise\/","title":{"rendered":"Sac Tote personnalis\u00e9"},"content":{"rendered":"\n<ul class=\"wp-block-list\">\n<li>Made in Spain : impression textile, d\u00e9coupe et couture.<\/li>\n\n\n\n<li>Dimensions : 35 x 41 cm<\/li>\n\n\n\n<li>Impression en couleur : recto et arri\u00e8re.<\/li>\n\n\n\n<li>Trois types de tissus parmi lesquels choisir : toile de coton, serg\u00e9 de coton \u00e9pais et serg\u00e9 polyester \u00e9pais.<\/li>\n\n\n\n<li>Poign\u00e9es personnalis\u00e9es dans le m\u00eame tissu que le sac.  <\/li>\n\n\n\n<li>Favorise <strong>une consommation responsable<\/strong> : Nous recommandons de demander un nombre pair d\u2019unit\u00e9s pour tirer le meilleur parti du tissu.<\/li>\n\n\n\n<li>Possibilit\u00e9 de commander votre prototype (1 unit\u00e9).<\/li>\n<\/ul>\n\n<p><em>Une fois la commande confirm\u00e9e, notre \u00e9quipe vous contactera pour obtenir tous les d\u00e9tails de votre projet (design, tissu&#8230;).<\/em><\/p>\n\n<p class=\"has-global-color-1-color has-text-color has-link-color wp-elements-f9f7f44e79a03b2734d4ec83aaa2dcd2\"><a href=\"https:\/\/textilfy.es\/fr\/centre-daide\/\">Besoin d\u2019aide pour la personnalisation ?<\/a><\/p>\n\n<p><\/p>\n","protected":false},"excerpt":{"rendered":"<p>Une fois la commande confirm\u00e9e, notre \u00e9quipe vous contactera pour obtenir tous les d\u00e9tails de votre projet (design, tissu&#8230;). Besoin d\u2019aide pour la personnalisation ?<\/p>\n","protected":false},"featured_media":289736,"comment_status":"open","ping_status":"closed","template":"","meta":{"inline_featured_image":false},"product_brand":[],"product_cat":[196],"product_tag":[],"class_list":{"0":"post-291045","1":"product","2":"type-product","3":"status-publish","4":"has-post-thumbnail","6":"product_cat-vetements-personnalises","7":"sales-flash-overlay","8":"woocommerce-text-align-center","9":"woocommerce-image-align-center","10":"do-quantity-buttons","12":"first","13":"instock","14":"taxable","15":"shipping-taxable","16":"purchasable","17":"product-type-simple"},"_links":{"self":[{"href":"https:\/\/textilfy.es\/fr\/wp-json\/wp\/v2\/product\/291045","targetHints":{"allow":["GET"]}}],"collection":[{"href":"https:\/\/textilfy.es\/fr\/wp-json\/wp\/v2\/product"}],"about":[{"href":"https:\/\/textilfy.es\/fr\/wp-json\/wp\/v2\/types\/product"}],"replies":[{"embeddable":true,"href":"https:\/\/textilfy.es\/fr\/wp-json\/wp\/v2\/comments?post=291045"}],"wp:featuredmedia":[{"embeddable":true,"href":"https:\/\/textilfy.es\/fr\/wp-json\/wp\/v2\/media\/289736"}],"wp:attachment":[{"href":"https:\/\/textilfy.es\/fr\/wp-json\/wp\/v2\/media?parent=291045"}],"wp:term":[{"taxonomy":"product_brand","embeddable":true,"href":"https:\/\/textilfy.es\/fr\/wp-json\/wp\/v2\/product_brand?post=291045"},{"taxonomy":"product_cat","embeddable":true,"href":"https:\/\/textilfy.es\/fr\/wp-json\/wp\/v2\/product_cat?post=291045"},{"taxonomy":"product_tag","embeddable":true,"href":"https:\/\/textilfy.es\/fr\/wp-json\/wp\/v2\/product_tag?post=291045"}],"curies":[{"name":"wp","href":"https:\/\/api.w.org\/{rel}","templated":true}]}}