{"id":291069,"date":"2025-08-07T10:45:01","date_gmt":"2025-08-07T08:45:01","guid":{"rendered":"https:\/\/textilfy.es\/impresion\/non%20class\u00e9\/toile-de-coton\/"},"modified":"2026-04-16T11:18:48","modified_gmt":"2026-04-16T09:18:48","slug":"toile-de-coton","status":"publish","type":"product","link":"https:\/\/textilfy.es\/fr\/impression\/non-classe\/toile-de-coton\/","title":{"rendered":"Toile de coton"},"content":{"rendered":"\n<p><\/p>\n\n<details class=\"wp-block-details is-layout-flow wp-block-details-is-layout-flow\"><summary>La toile de coton imprim\u00e9e au m\u00e8tre est le choix id\u00e9al pour les artistes, d\u00e9corateurs et passionn\u00e9s de bricolage qui souhaitent cr\u00e9er leurs propres peintures personnalis\u00e9es sans les contraintes des formats standards. Fabriqu\u00e9 \u00e0 100 % coton, ce tissu haut de gamme est pr\u00e9par\u00e9 avec un <em>rev\u00eatement<\/em> blanc sp\u00e9cial garantissant un imprim\u00e9 \u00e0 tr\u00e8s haute r\u00e9solution. En l\u2019achetant au compteur, vous avez une libert\u00e9 totale de choisir la taille de votre \u0153uvre, de recevoir l\u2019impression du tissu avec vos cr\u00e9ations et de le monter vous-m\u00eame sur le cadre de votre choix, transformant n\u2019importe quel espace avec vos propres photographies ou illustrations.  <\/summary>\n<p><br\/><strong>Caract\u00e9ristiques du tissu en toile de coton :<\/strong><\/p>\n\n\n\n<ul class=\"wp-block-list\">\n<li><strong>Des couleurs intenses et r\u00e9elles :<\/strong> Gr\u00e2ce \u00e0 son <em>rev\u00eatement<\/em> blanc de haute qualit\u00e9, le tissu absorbe l\u2019encre de mani\u00e8re optimale, garantissant que chaque d\u00e9tail de votre design ressorte avec nettet\u00e9 et couleurs vives, fid\u00e8le \u00e0 votre fichier d\u2019origine.<\/li>\n\n\n\n<li><strong>Libert\u00e9 cr\u00e9ative au m\u00e8tre :<\/strong> Contrairement aux toiles avec des mesures pr\u00e9d\u00e9finies, l\u2019impression au m\u00e8tre permet de personnaliser le format exact de votre \u0153uvre. C\u2019est la solution id\u00e9ale pour les projets sur mesure et les racks de taille non conventionnelle. <\/li>\n\n\n\n<li><strong>Sensation et texture premium :<\/strong> Compos\u00e9e \u00e0 100 % de fibres de coton naturelles, elle offre la texture classique, \u00e9l\u00e9gante et r\u00e9sistante du tissu d\u2019une peinture traditionnelle, offrant une finition professionnelle et sophistiqu\u00e9e \u00e0 toute pi\u00e8ce.<\/li>\n\n\n\n<li><strong>Assemblage et manipulation faciles :<\/strong> Le poids et la rigidit\u00e9 de la toile de coton en font un tissu facile \u00e0 tendre et \u00e0 agrafer sur n\u2019importe quel cadre en bois sans que l\u2019image ne se d\u00e9forme ni que le tissu perde de la tension avec le temps.<\/li>\n<\/ul>\n\n\n\n<p><strong>Sp\u00e9cifications du tissu :<\/strong><\/p>\n\n\n\n<p><strong>Utilisation recommand\u00e9e :<\/strong> Id\u00e9al pour la cr\u00e9ation de peintures personnalis\u00e9es, de reproductions artistiques, d\u2019expositions photographiques et de d\u00e9corations int\u00e9rieures sur mesure.<\/p>\n\n\n\n<p><strong>Mat\u00e9riau :<\/strong> 100 % coton avec <em>un rev\u00eatement<\/em> blanc sp\u00e9cial pour l\u2019impression.<\/p>\n\n\n\n<p><strong>Largeur de la pi\u00e8ce :<\/strong> 155 cm.<\/p>\n\n\n\n<p><strong>Poids :<\/strong> 360 g\/m\u00b2 <em>(0,36 kg\/m\u00b2).<\/em><\/p>\n<\/details>\n\n<p><\/p>\n","protected":false},"excerpt":{"rendered":"","protected":false},"featured_media":286777,"comment_status":"open","ping_status":"closed","template":"","meta":{"inline_featured_image":false},"product_brand":[],"product_cat":[170,218],"product_tag":[],"class_list":{"0":"post-291069","1":"product","2":"type-product","3":"status-publish","4":"has-post-thumbnail","6":"product_cat-non-classe","7":"product_cat-tissus-synthetiques","8":"sales-flash-overlay","9":"woocommerce-text-align-center","10":"woocommerce-image-align-center","11":"do-quantity-buttons","13":"first","14":"instock","15":"taxable","16":"shipping-taxable","17":"purchasable","18":"product-type-variable"},"_links":{"self":[{"href":"https:\/\/textilfy.es\/fr\/wp-json\/wp\/v2\/product\/291069","targetHints":{"allow":["GET"]}}],"collection":[{"href":"https:\/\/textilfy.es\/fr\/wp-json\/wp\/v2\/product"}],"about":[{"href":"https:\/\/textilfy.es\/fr\/wp-json\/wp\/v2\/types\/product"}],"replies":[{"embeddable":true,"href":"https:\/\/textilfy.es\/fr\/wp-json\/wp\/v2\/comments?post=291069"}],"wp:featuredmedia":[{"embeddable":true,"href":"https:\/\/textilfy.es\/fr\/wp-json\/wp\/v2\/media\/286777"}],"wp:attachment":[{"href":"https:\/\/textilfy.es\/fr\/wp-json\/wp\/v2\/media?parent=291069"}],"wp:term":[{"taxonomy":"product_brand","embeddable":true,"href":"https:\/\/textilfy.es\/fr\/wp-json\/wp\/v2\/product_brand?post=291069"},{"taxonomy":"product_cat","embeddable":true,"href":"https:\/\/textilfy.es\/fr\/wp-json\/wp\/v2\/product_cat?post=291069"},{"taxonomy":"product_tag","embeddable":true,"href":"https:\/\/textilfy.es\/fr\/wp-json\/wp\/v2\/product_tag?post=291069"}],"curies":[{"name":"wp","href":"https:\/\/api.w.org\/{rel}","templated":true}]}}