{"id":291096,"date":"2024-09-27T10:14:35","date_gmt":"2024-09-27T08:14:35","guid":{"rendered":"https:\/\/textilfy.es\/impresion\/non%20class\u00e9\/coton-polaire-320\/"},"modified":"2026-05-05T14:44:16","modified_gmt":"2026-05-05T12:44:16","slug":"coton-polaire-320","status":"publish","type":"product","link":"https:\/\/textilfy.es\/fr\/impression\/tissus-naturels\/coton-polaire-320\/","title":{"rendered":"Coton polaire 320"},"content":{"rendered":"\n<details class=\"wp-block-details is-layout-flow wp-block-details-is-layout-flow\"><summary>Notre <em>polaire de coton non<\/em> bross\u00e9 de 320 grammes est le choix parfait pour confectionner des v\u00eatements confortables, chauds et r\u00e9sistants. Ce tissu, reconnu pour sa douceur et sa durabilit\u00e9, est id\u00e9al pour la confection de sweat-shirts, de v\u00eatements de b\u00e9b\u00e9 tels que des pantalons, des salopettes et des sweatshirts pour enfants. Si vous cherchez un tissu alliant confort et polyvalence, la polaire de coton est votre meilleure option.  <\/summary>\n<p><\/p>\n\n\n\n<p><\/p>\n\n\n\n<h3 class=\"wp-block-heading\">Caract\u00e9ristiques du coton en peluche<\/h3>\n\n\n\n<p>La toison de coton est un tissu \u00e9pais et moelleux qui offre une excellente isolation thermique, parfait pour les saisons froides. Non <em>bross\u00e9<\/em>, sa finition est lisse \u00e0 l\u2019int\u00e9rieur, ce qui lui conf\u00e8re une texture douce au toucher sans le volume excessif caract\u00e9ristique de la toison bross\u00e9e. Cela en fait un tissu \u00e9quilibr\u00e9, avec une grande capacit\u00e9 de respirabilit\u00e9 et sans perdre sa capacit\u00e9 \u00e0 maintenir la chaleur.  <\/p>\n\n\n\n<h3 class=\"wp-block-heading\">Avantages du coton<\/h3>\n\n\n\n<p><em>Le coton<\/em> est une fibre naturelle tr\u00e8s appr\u00e9ci\u00e9e pour sa respirabilit\u00e9, sa douceur et sa r\u00e9sistance, id\u00e9ale pour confectionner des v\u00eatements en contact direct avec la peau, en particulier pour les b\u00e9b\u00e9s et les enfants. Notre polaire de coton non bross\u00e9 est non seulement hypoallerg\u00e9nique et doux, mais il est aussi facile \u00e0 laver, conservant sa qualit\u00e9 et sa forme apr\u00e8s plusieurs lavages, ce qui le rend id\u00e9al pour des v\u00eatements fr\u00e9quemment utilis\u00e9s comme les sweat-shirts et les v\u00eatements d\u2019enfant. <\/p>\n\n\n\n<h3 class=\"wp-block-heading\">Applications et usages<\/h3>\n\n\n\n<p>Cette polaire de coton de 320 grammes est parfaite pour <em>confectionner des sweat-shirts, pantalons, salopettes et v\u00eatements de b\u00e9b\u00e9<\/em>. Son poids et sa structure en font un endroit id\u00e9al pour cr\u00e9er des v\u00eatements confortables et chauds, adapt\u00e9s aussi bien \u00e0 l\u2019int\u00e9rieur qu\u2019\u00e0 l\u2019ext\u00e9rieur. De plus, il est parfait pour les projets sportifs et de mode d\u00e9contract\u00e9e, tout en conservant une excellente combinaison de confort et de style.  <\/p>\n\n\n\n<h3 class=\"wp-block-heading\">Achats sur mesure et personnalis\u00e9s<\/h3>\n\n\n\n<p>Personnalisez votre commande de polaire en coton non bross\u00e9, qui fait partie de nos <a href=\"https:\/\/textilfy.es\/fr\/tissus-naturels\/\">tissus naturels<\/a>, selon les besoins de votre projet. Nous proposons ce tissu sur mesure pour que vous puissiez cr\u00e9er des sweat-shirts, des v\u00eatements pour enfants et plus encore avec exactement la quantit\u00e9 dont vous avez besoin. Passez votre commande d\u00e8s aujourd\u2019hui et profitez de la qualit\u00e9 et de la douceur du coton polaire !  <\/p>\n<\/details>\n","protected":false},"excerpt":{"rendered":"","protected":false},"featured_media":291103,"comment_status":"open","ping_status":"closed","template":"","meta":{"inline_featured_image":false},"product_brand":[],"product_cat":[244],"product_tag":[],"class_list":{"0":"post-291096","1":"product","2":"type-product","3":"status-publish","4":"has-post-thumbnail","6":"product_cat-tissus-naturels","7":"sales-flash-overlay","8":"woocommerce-text-align-center","9":"woocommerce-image-align-center","10":"do-quantity-buttons","12":"first","13":"instock","14":"taxable","15":"shipping-taxable","16":"purchasable","17":"product-type-variable","18":"has-default-attributes"},"_links":{"self":[{"href":"https:\/\/textilfy.es\/fr\/wp-json\/wp\/v2\/product\/291096","targetHints":{"allow":["GET"]}}],"collection":[{"href":"https:\/\/textilfy.es\/fr\/wp-json\/wp\/v2\/product"}],"about":[{"href":"https:\/\/textilfy.es\/fr\/wp-json\/wp\/v2\/types\/product"}],"replies":[{"embeddable":true,"href":"https:\/\/textilfy.es\/fr\/wp-json\/wp\/v2\/comments?post=291096"}],"wp:featuredmedia":[{"embeddable":true,"href":"https:\/\/textilfy.es\/fr\/wp-json\/wp\/v2\/media\/291103"}],"wp:attachment":[{"href":"https:\/\/textilfy.es\/fr\/wp-json\/wp\/v2\/media?parent=291096"}],"wp:term":[{"taxonomy":"product_brand","embeddable":true,"href":"https:\/\/textilfy.es\/fr\/wp-json\/wp\/v2\/product_brand?post=291096"},{"taxonomy":"product_cat","embeddable":true,"href":"https:\/\/textilfy.es\/fr\/wp-json\/wp\/v2\/product_cat?post=291096"},{"taxonomy":"product_tag","embeddable":true,"href":"https:\/\/textilfy.es\/fr\/wp-json\/wp\/v2\/product_tag?post=291096"}],"curies":[{"name":"wp","href":"https:\/\/api.w.org\/{rel}","templated":true}]}}