{"id":291137,"date":"2024-09-25T09:49:20","date_gmt":"2024-09-25T07:49:20","guid":{"rendered":"https:\/\/textilfy.es\/impresion\/non%20class\u00e9\/gaze-en-polyester\/"},"modified":"2026-04-16T11:19:01","modified_gmt":"2026-04-16T09:19:01","slug":"gaze-en-polyester","status":"publish","type":"product","link":"https:\/\/textilfy.es\/fr\/impression\/tissus-synthetiques\/gaze-en-polyester\/","title":{"rendered":"Gaze en polyester"},"content":{"rendered":"\n<details class=\"wp-block-details is-layout-flow wp-block-details-is-layout-flow\"><summary>D\u00e9couvrez notre <em>mousseline en polyester<\/em>, un tissu l\u00e9ger et polyvalent, id\u00e9al pour une grande vari\u00e9t\u00e9 de projets de mode, de d\u00e9coration et d\u2019accessoires. Pesant 55 grammes par m\u00e8tre carr\u00e9 et mesurant 140 cm de large, ce tissu offre une option durable et facile \u00e0 manipuler, parfaite aussi bien pour les professionnels que pour les passionn\u00e9s de textile. <\/summary>\n<p><\/p>\n\n\n\n<p><\/p>\n\n\n\n<h3 class=\"wp-block-heading\">Caract\u00e9ristiques principales<\/h3>\n\n\n\n<p>Le polyester chiffon se caract\u00e9rise par sa l\u00e9g\u00e8ret\u00e9, sa douceur et son excellent tombement, ce qui en fait un choix id\u00e9al pour des v\u00eatements vaporeux, des robes \u00e9l\u00e9gantes, des chemisiers, des foulards et des accessoires d\u00e9licats. Gr\u00e2ce \u00e0 la structure de son tissu, il offre une grande respirabilit\u00e9 et fluidit\u00e9, tout en conservant une r\u00e9sistance sup\u00e9rieure \u00e0 d\u2019autres tissus l\u00e9gers. <\/p>\n\n\n\n<h2 class=\"wp-block-heading\">Avantages du polyester<\/h2>\n\n\n\n<p>Le polyester est reconnu pour sa durabilit\u00e9 et sa r\u00e9sistance \u00e0 l\u2019usure. Notre gaze en polyester offre une combinaison parfaite de l\u00e9g\u00e8ret\u00e9 et de robustesse, r\u00e9sistante aux plis, facile \u00e0 laver et s\u00e9chage rapide. Ces propri\u00e9t\u00e9s en font un excellent choix pour confectionner des v\u00eatements n\u00e9cessitant un minimum d\u2019entretien, tout en conservant leur forme et leur couleur m\u00eame apr\u00e8s plusieurs lavages.  <\/p>\n\n\n\n<h3 class=\"wp-block-heading\">Utilisations et applications<\/h3>\n\n\n\n<p>Notre gaze polyester de 55 grammes est id\u00e9ale pour confectionner des v\u00eatements l\u00e9gers d\u2019\u00e9t\u00e9, des accessoires tels que des foulards et des ch\u00e2les.  <\/p>\n\n\n\n<h3 class=\"wp-block-heading\">Personnalisation et achat sur mesure<\/h3>\n\n\n\n<p>Nous proposons ce tissu \u00e0 mesure, en s\u2019adaptant aux besoins sp\u00e9cifiques de votre projet. Vous pouvez choisir exactement la quantit\u00e9 dont vous avez besoin, afin de vous assurer un ajustement parfait pour vos cr\u00e9ations. Achetez d\u00e8s maintenant et lib\u00e9rez votre cr\u00e9ativit\u00e9 avec notre gaze polyester de 55 grammes, une option l\u00e9g\u00e8re, pratique et <a href=\"https:\/\/textilfy.es\/tejidos-sinteticos\/\">\u00e9l\u00e9gante dans les tissus synth\u00e9tiques<\/a>.  <\/p>\n\n\n\n<p><\/p>\n<\/details>\n","protected":false},"excerpt":{"rendered":"","protected":false},"featured_media":283971,"comment_status":"open","ping_status":"closed","template":"","meta":{"inline_featured_image":false},"product_brand":[],"product_cat":[218],"product_tag":[],"class_list":{"0":"post-291137","1":"product","2":"type-product","3":"status-publish","4":"has-post-thumbnail","6":"product_cat-tissus-synthetiques","7":"sales-flash-overlay","8":"woocommerce-text-align-center","9":"woocommerce-image-align-center","10":"do-quantity-buttons","12":"first","13":"instock","14":"taxable","15":"shipping-taxable","16":"purchasable","17":"product-type-variable","18":"has-default-attributes"},"_links":{"self":[{"href":"https:\/\/textilfy.es\/fr\/wp-json\/wp\/v2\/product\/291137","targetHints":{"allow":["GET"]}}],"collection":[{"href":"https:\/\/textilfy.es\/fr\/wp-json\/wp\/v2\/product"}],"about":[{"href":"https:\/\/textilfy.es\/fr\/wp-json\/wp\/v2\/types\/product"}],"replies":[{"embeddable":true,"href":"https:\/\/textilfy.es\/fr\/wp-json\/wp\/v2\/comments?post=291137"}],"wp:featuredmedia":[{"embeddable":true,"href":"https:\/\/textilfy.es\/fr\/wp-json\/wp\/v2\/media\/283971"}],"wp:attachment":[{"href":"https:\/\/textilfy.es\/fr\/wp-json\/wp\/v2\/media?parent=291137"}],"wp:term":[{"taxonomy":"product_brand","embeddable":true,"href":"https:\/\/textilfy.es\/fr\/wp-json\/wp\/v2\/product_brand?post=291137"},{"taxonomy":"product_cat","embeddable":true,"href":"https:\/\/textilfy.es\/fr\/wp-json\/wp\/v2\/product_cat?post=291137"},{"taxonomy":"product_tag","embeddable":true,"href":"https:\/\/textilfy.es\/fr\/wp-json\/wp\/v2\/product_tag?post=291137"}],"curies":[{"name":"wp","href":"https:\/\/api.w.org\/{rel}","templated":true}]}}