{"id":291158,"date":"2024-03-07T22:46:37","date_gmt":"2024-03-07T21:46:37","guid":{"rendered":"https:\/\/textilfy.es\/impresion\/non%20class\u00e9\/sud-shirts-personnalises\/"},"modified":"2026-04-20T11:15:18","modified_gmt":"2026-04-20T09:15:18","slug":"sud-shirts-personnalises","status":"publish","type":"product","link":"https:\/\/textilfy.es\/fr\/impression\/vetements-personnalises\/sud-shirts-personnalises\/","title":{"rendered":"Sud-shirts personnalis\u00e9s"},"content":{"rendered":"\n<details class=\"wp-block-details is-layout-flow wp-block-details-is-layout-flow\"><summary>D\u00e9couvrez nos sweats personnalis\u00e9s, disponibles en coton polaire non bross\u00e9 et en maille de polyester bross\u00e9. Cr\u00e9ez votre design unique et faites une d\u00e9claration de style avec votre propre sweat-shirt personnalis\u00e9 ! <br><\/summary>\n<p>Cr\u00e9ez votre style unique gr\u00e2ce \u00e0 Textilfy. Nous proposons des sweats sur mesure qui vous permettent d\u2019exprimer votre cr\u00e9ativit\u00e9 de mani\u00e8re unique. Nos sweat-shirts sont imprim\u00e9s et fabriqu\u00e9s en Espagne. Ils sont r\u00e9alis\u00e9s \u00e0 la demande une fois la commande re\u00e7ue. C\u2019est-\u00e0-dire que nous n\u2019avons pas de stock puisque nous fabriquons les mod\u00e8les que nos clients envoient. Ce sont des produits de qualit\u00e9, faits maison pour vous. Que vous cherchiez un v\u00eatement pour un usage personnel ou pour promouvoir votre marque, nos sweat-shirts personnalis\u00e9s sont le choix parfait car ils attirent les regards.        <\/p>\n\n\n\n<p><strong>Caract\u00e9ristiques cl\u00e9s de nos sweat-shirts personnalis\u00e9s :<\/strong><\/p>\n\n\n\n<ul class=\"wp-block-list\">\n<li><strong>Diff\u00e9rentes options de tissus :<\/strong> Nos sweatshirts sont disponibles en deux options de tissu pour r\u00e9pondre \u00e0 vos besoins et pr\u00e9f\u00e9rences. Le tissu en coton en maille offre respirabilit\u00e9 et confort toute la journ\u00e9e. C\u2019est plus frais car il n\u2019est pas perch\u00e9 \u00e0 l\u2019int\u00e9rieur. Tandis que le polyester bross\u00e9 en peluche procure une sensation douce et plus chaude.   <\/li>\n\n\n\n<li><strong>Impression en format int\u00e9gral :<\/strong> Gr\u00e2ce \u00e0 notre technologie d\u2019impression compl\u00e8te de haute qualit\u00e9, vous pouvez personnaliser votre sweat-shirt avec n\u2019importe quel motif sur n\u2019importe quelle partie du patron. Vous pouvez t\u00e9l\u00e9charger s\u00e9par\u00e9ment l\u2019image que vous souhaitez sur chacune de ses parties. Des designs positionnels aux motifs et rapports de diff\u00e9rentes tailles.  <\/li>\n\n\n\n<li><strong>Confort et style :<\/strong> Con\u00e7us avec confort et style, nos sweat-shirts personnalis\u00e9s sont la combinaison parfaite de mode et de fonctionnalit\u00e9. Avec une coupe moderne et confortable, ils sont id\u00e9aux pour toutes les occasions, que ce soit pour se d\u00e9tendre \u00e0 la maison ou porter un look urbain dans la rue. <\/li>\n\n\n\n<li><strong>Vari\u00e9t\u00e9 de tailles :<\/strong> Nos sweatshirts sont disponibles dans une large gamme de tailles, de XS \u00e0 XXL, pour garantir un ajustement parfait pour tout le monde.<\/li>\n<\/ul>\n\n\n\n<p><strong>Instructions de personnalisation :<\/strong> <\/p>\n\n\n\n<p>Le processus de personnalisation de votre sweat est simple et facile. Il suffit de suivre ces 4 \u00e9tapes : <\/p>\n\n\n\n<ol class=\"wp-block-list\">\n<li><strong>S\u00e9lectionnez la technique \u00e0 utiliser :<\/strong> Choisissez parmi nos options de tamponnage. Pour l\u2019instant, il n\u2019est disponible que full print, mais plus tard vous pouvez le faire par s\u00e9rigraphie, DTG\/DTF ou broderie. <\/li>\n\n\n\n<li><strong>T\u00e9l\u00e9chargez votre design personnalis\u00e9 sur le customiseur 3D :<\/strong> Utilisez notre outil de t\u00e9l\u00e9chargement pour t\u00e9l\u00e9charger votre design personnalis\u00e9 et pr\u00e9senter un aper\u00e7u de votre v\u00eatement.  <\/li>\n\n\n\n<li><strong>Aper\u00e7u et ajustement :<\/strong> Visualisez \u00e0 quoi ressemblera votre design sur le sweat et faites les ajustements n\u00e9cessaires jusqu\u2019\u00e0 \u00eatre compl\u00e8tement satisfait. Peu importe si vous n\u2019\u00eates pas totalement s\u00fbr de la qualit\u00e9 de vos fichiers. Nous le examinerons avant de commencer la production et vous demanderons de nous envoyer des fichiers de meilleure qualit\u00e9 si n\u00e9cessaire.  <\/li>\n\n\n\n<li><strong>Choisissez le tissu et la taille et confirmez votre commande :<\/strong> Une fois que vous \u00eates convaincu de votre design, il vous suffit de s\u00e9lectionner le tissu, votre taille et de confirmer votre commande. On s\u2019occupe du reste. <\/li>\n<\/ol>\n\n\n\n<p><strong>Avantages :<\/strong><\/p>\n\n\n\n<ul class=\"wp-block-list\">\n<li><strong>Sweat-shirts uniques et exclusifs :<\/strong> Cr\u00e9ez un sweat-shirt qui refl\u00e8te votre style personnel et vous d\u00e9marquez de la foule avec un v\u00eatement unique et exclusif.<\/li>\n\n\n\n<li><strong>Qualit\u00e9 garantie :<\/strong> Nous utilisons des mat\u00e9riaux de la plus haute qualit\u00e9 et une technologie d\u2019impression avanc\u00e9e pour garantir que votre sweat-shirt personnalis\u00e9 soit durable et professionnel.<\/li>\n\n\n\n<li><strong>Parfait pour les cadeaux et les promotions :<\/strong> Que vous cherchiez un cadeau unique pour un \u00eatre cher ou que vous souhaitiez promouvoir votre marque, nos sweat-shirts personnalis\u00e9s sont le choix parfait.<\/li>\n<\/ul>\n\n\n\n<p>Cr\u00e9ez vos sweats personnalis\u00e9s d\u00e8s maintenant ! Nous vous offrons l\u2019opportunit\u00e9 d\u2019exprimer votre cr\u00e9ativit\u00e9 et votre style personnel de mani\u00e8re unique. Avec une large gamme d\u2019options de personnalisation et la garantie qualit\u00e9 de Textilfy, vous pouvez \u00eatre s\u00fbr d\u2019obtenir un sweat qui vous appartient vraiment.  <\/p>\n<\/details>\n","protected":false},"excerpt":{"rendered":"","protected":false},"featured_media":280895,"comment_status":"open","ping_status":"closed","template":"","meta":{"inline_featured_image":false},"product_brand":[],"product_cat":[196],"product_tag":[],"class_list":{"0":"post-291158","1":"product","2":"type-product","3":"status-publish","4":"has-post-thumbnail","6":"product_cat-vetements-personnalises","7":"sales-flash-overlay","8":"woocommerce-text-align-center","9":"woocommerce-image-align-center","10":"do-quantity-buttons","12":"first","13":"instock","14":"taxable","15":"shipping-taxable","16":"purchasable","17":"product-type-variable","18":"has-default-attributes"},"_links":{"self":[{"href":"https:\/\/textilfy.es\/fr\/wp-json\/wp\/v2\/product\/291158","targetHints":{"allow":["GET"]}}],"collection":[{"href":"https:\/\/textilfy.es\/fr\/wp-json\/wp\/v2\/product"}],"about":[{"href":"https:\/\/textilfy.es\/fr\/wp-json\/wp\/v2\/types\/product"}],"replies":[{"embeddable":true,"href":"https:\/\/textilfy.es\/fr\/wp-json\/wp\/v2\/comments?post=291158"}],"wp:featuredmedia":[{"embeddable":true,"href":"https:\/\/textilfy.es\/fr\/wp-json\/wp\/v2\/media\/280895"}],"wp:attachment":[{"href":"https:\/\/textilfy.es\/fr\/wp-json\/wp\/v2\/media?parent=291158"}],"wp:term":[{"taxonomy":"product_brand","embeddable":true,"href":"https:\/\/textilfy.es\/fr\/wp-json\/wp\/v2\/product_brand?post=291158"},{"taxonomy":"product_cat","embeddable":true,"href":"https:\/\/textilfy.es\/fr\/wp-json\/wp\/v2\/product_cat?post=291158"},{"taxonomy":"product_tag","embeddable":true,"href":"https:\/\/textilfy.es\/fr\/wp-json\/wp\/v2\/product_tag?post=291158"}],"curies":[{"name":"wp","href":"https:\/\/api.w.org\/{rel}","templated":true}]}}