{"id":291183,"date":"2024-09-17T11:51:56","date_gmt":"2024-09-17T09:51:56","guid":{"rendered":"https:\/\/textilfy.es\/impresion\/non%20class\u00e9\/echarpes-personnalisees-45x45-cm\/"},"modified":"2026-04-28T10:17:03","modified_gmt":"2026-04-28T08:17:03","slug":"echarpes-personnalisees-45x45-cm","status":"publish","type":"product","link":"https:\/\/textilfy.es\/fr\/impression\/vetements-personnalises\/echarpes-personnalisees-45x45-cm\/","title":{"rendered":"\u00c9charpes personnalis\u00e9es 45&#215;45 cm"},"content":{"rendered":"\n<p><strong>Avez-vous besoin d\u2019une attention personnalis\u00e9e ? Pas de probl\u00e8me, veuillez contacter notre \u00e9quipe : <a href=\"mailto:hello@textilfy.com\">hello@textilfy.com<\/a> <\/strong><\/p>\n\n<p><strong>Nous traiterons votre commande directement par email : devis personnalis\u00e9, conseils complets, envoi de fichiers&#8230; Tout ce dont vous avez besoin, \u00e9crivez-nous simplement !<\/strong><\/p>\n\n<details class=\"wp-block-details is-layout-flow wp-block-details-is-layout-flow\"><summary>D\u00e9couvrez la possibilit\u00e9 de cr\u00e9er <strong>des foulards personnalis\u00e9s<\/strong> qui refl\u00e8tent votre style et votre personnalit\u00e9 uniques. Nos foulards se distinguent par la qualit\u00e9 de leurs mat\u00e9riaux et la possibilit\u00e9 de choisir entre diff\u00e9rentes tailles et tissus, ce qui en fait l\u2019accessoire parfait pour toute occasion. Qu\u2019il s\u2019agisse d\u2019un ajout \u00e9l\u00e9gant \u00e0 votre garde-robe ou d\u2019un cadeau sp\u00e9cial, nos foulards sur mesure sont le choix id\u00e9al pour ceux qui recherchent quelque chose d\u2019unique et personnalis\u00e9.  <\/summary>\n<p><\/p>\n\n\n\n<h2 class=\"wp-block-heading\">Tailles disponibles<\/h2>\n\n\n\n<p>Nous proposons nos <strong>foulards sur mesure<\/strong> en trois tailles polyvalentes afin que vous puissiez choisir celle qui correspond le mieux \u00e0 vos besoins :<\/p>\n\n\n\n<ul class=\"wp-block-list\">\n<li><strong>45&#215;45 cm<\/strong> : Parfait comme accessoire de mode discret et \u00e9l\u00e9gant. Id\u00e9al \u00e0 porter autour du cou, comme ornement pour le sac ou m\u00eame comme bracelet. <\/li>\n\n\n\n<li><strong>70&#215;70 cm<\/strong> : Une taille plus grande pouvant servir de foulard ou comme pi\u00e8ce plus frappante dans la tenue.<\/li>\n\n\n\n<li><strong>140&#215;140 cm<\/strong> : Si vous pr\u00e9f\u00e9rez une grande \u00e9charpe qui fonctionne comme ch\u00e2le ou par\u00e9on, cette taille est le choix parfait pour vous.<\/li>\n<\/ul>\n\n\n\n<p>Pour \u00eatre socialement responsable et durable en essayant de gaspiller le moins de tissu possible, l\u2019id\u00e9al pour les foulards 45x45cm est de les commander en 3 unit\u00e9s \u00e0 la fois, car ce sont celles qui tiennent dans la largeur du tissu.<\/p>\n\n\n\n<h2 class=\"wp-block-heading\">Tissus de haute qualit\u00e9<\/h2>\n\n\n\n<p>Nous savons que la qualit\u00e9 est essentielle lorsqu\u2019il s\u2019agit d\u2019accessoires personnalis\u00e9s, c\u2019est pourquoi nous vous offrons la possibilit\u00e9 de choisir entre deux tissus soigneusement s\u00e9lectionn\u00e9s pour rendre vos <strong>foulards personnalis\u00e9s<\/strong> spectaculaires :<\/p>\n\n\n\n<ul class=\"wp-block-list\">\n<li><strong>Polyester semi-soie<\/strong> : Un tissu satin\u00e9 doux et l\u00e9ger qui imite la soie, mais avec une durabilit\u00e9 accrue. Id\u00e9al pour ceux qui cherchent une option \u00e9conomique sans sacrifier le style. <\/li>\n\n\n\n<li><strong>Voile en coton<\/strong> : Un tissu plus l\u00e9ger et plus respirant, parfait pour ceux qui pr\u00e9f\u00e8rent une \u00e9charpe au style plus d\u00e9contract\u00e9 et naturel, id\u00e9ale pour les climats plus chauds.<\/li>\n<\/ul>\n\n\n\n<p>Toutes sont finies avec un ourlet fin fabriqu\u00e9 \u00e0 la machine afin qu\u2019elles soient bien finies et ne s\u2019effilochent pas.  <\/p>\n\n\n\n<h3 class=\"wp-block-heading\">Pourquoi choisir nos foulards personnalis\u00e9s ?<\/h3>\n\n\n\n<p>Les <strong>foulards<\/strong> personnalis\u00e9s ne sont pas qu\u2019un simple accessoire, avec la possibilit\u00e9 d\u2019ajouter vos propres designs, photos ou logos, vous aurez une \u00e9charpe unique que vous ne trouverez nulle part ailleurs. De plus, nos proc\u00e9d\u00e9s d\u2019impression garantissent des couleurs vives et durables, qui ne s\u2019estompent pas \u00e0 l\u2019usage ou au lavage. <\/p>\n\n\n\n<p>Que vous cherchiez une \u00e9charpe pour vous-m\u00eame ou \u00e0 offrir en cadeau, nos \u00e9charpes personnalis\u00e9es sont con\u00e7ues pour r\u00e9pondre m\u00eame aux attentes les plus \u00e9lev\u00e9es. Avec trois tailles et trois mat\u00e9riaux au choix, vous pouvez personnaliser chaque d\u00e9tail pour qu\u2019il corresponde parfaitement \u00e0 votre style. <\/p>\n\n\n\n<p>N\u2019h\u00e9sitez plus, commencez d\u00e8s aujourd\u2019hui \u00e0 concevoir votre foulard personnalis\u00e9 et portez un accessoire qui vous parle !<br\/><br\/>Si vous souhaitez fabriquer des foulards d\u2019une autre taille, un autre tissu, ou si vous avez des questions \u00e0 ce sujet, veuillez nous contacter \u00e0 hello@textilfy.com.<\/p>\n<\/details>\n","protected":false},"excerpt":{"rendered":"<p>Avez-vous besoin d\u2019une attention personnalis\u00e9e ? Pas de probl\u00e8me, veuillez contacter notre \u00e9quipe : hello@textilfy.com Nous traiterons votre commande directement par email : devis personnalis\u00e9, conseils complets, envoi de fichiers&#8230; Tout ce dont vous avez besoin, \u00e9crivez-nous simplement !<\/p>\n","protected":false},"featured_media":291109,"comment_status":"open","ping_status":"closed","template":"","meta":{"inline_featured_image":false},"product_brand":[],"product_cat":[196],"product_tag":[],"class_list":{"0":"post-291183","1":"product","2":"type-product","3":"status-publish","4":"has-post-thumbnail","6":"product_cat-vetements-personnalises","7":"sales-flash-overlay","8":"woocommerce-text-align-center","9":"woocommerce-image-align-center","10":"do-quantity-buttons","12":"first","13":"instock","14":"taxable","15":"shipping-taxable","16":"purchasable","17":"product-type-variable","18":"has-default-attributes"},"_links":{"self":[{"href":"https:\/\/textilfy.es\/fr\/wp-json\/wp\/v2\/product\/291183","targetHints":{"allow":["GET"]}}],"collection":[{"href":"https:\/\/textilfy.es\/fr\/wp-json\/wp\/v2\/product"}],"about":[{"href":"https:\/\/textilfy.es\/fr\/wp-json\/wp\/v2\/types\/product"}],"replies":[{"embeddable":true,"href":"https:\/\/textilfy.es\/fr\/wp-json\/wp\/v2\/comments?post=291183"}],"wp:featuredmedia":[{"embeddable":true,"href":"https:\/\/textilfy.es\/fr\/wp-json\/wp\/v2\/media\/291109"}],"wp:attachment":[{"href":"https:\/\/textilfy.es\/fr\/wp-json\/wp\/v2\/media?parent=291183"}],"wp:term":[{"taxonomy":"product_brand","embeddable":true,"href":"https:\/\/textilfy.es\/fr\/wp-json\/wp\/v2\/product_brand?post=291183"},{"taxonomy":"product_cat","embeddable":true,"href":"https:\/\/textilfy.es\/fr\/wp-json\/wp\/v2\/product_cat?post=291183"},{"taxonomy":"product_tag","embeddable":true,"href":"https:\/\/textilfy.es\/fr\/wp-json\/wp\/v2\/product_tag?post=291183"}],"curies":[{"name":"wp","href":"https:\/\/api.w.org\/{rel}","templated":true}]}}