{"id":291205,"date":"2024-03-19T10:06:36","date_gmt":"2024-03-19T09:06:36","guid":{"rendered":"https:\/\/textilfy.es\/impresion\/non%20class\u00e9\/maillots-de-bain-pour-femmes\/"},"modified":"2026-04-20T11:15:19","modified_gmt":"2026-04-20T09:15:19","slug":"maillots-de-bain-pour-femmes","status":"publish","type":"product","link":"https:\/\/textilfy.es\/fr\/impression\/vetements-personnalises\/maillots-de-bain-pour-femmes\/","title":{"rendered":"Maillots de bain pour femmes"},"content":{"rendered":"\n<p><\/p>\n\n<details class=\"wp-block-details is-layout-flow wp-block-details-is-layout-flow\"><summary>Dans l\u2019\u00e9volution constante de la mode, et plus particuli\u00e8rement dans le segment des maillots de bain pour femmes, Textilfy \u00e9merge comme une marque qui non seulement suit les tendances, mais les red\u00e9finit, vous permettant de <strong>personnaliser enti\u00e8rement vos maillots de bain f\u00e9minins<\/strong>. La diversit\u00e9 et la personnalisation deviennent les axes centraux de notre proposition, o\u00f9 chaque femme peut trouver ou plut\u00f4t cr\u00e9er des maillots de bain qui refl\u00e8tent son essence et son style unique. <br><br>Nous utilisons un <a href=\"https:\/\/textilfy.es\/impresion-textil\/tejidos-sinteticos\/punto-de-lycra\/\">tissu tricot\u00e9 lycra de 270 grammes<\/a> pour la fabrication de nos maillots de bain f\u00e9minins, garantissant une qualit\u00e9 et une durabilit\u00e9 exceptionnelles. De plus, en pensant \u00e0 l\u2019environnement et en vous offrant un produit conscient, la doublure int\u00e9rieure est faite <a href=\"https:\/\/textilfy.es\/impresion-textil\/tejidos-sinteticos\/punto-lycra-reciclada\/\">de lycra tricot\u00e9e \u00e0 partir de 190 grammes de lycra recycl\u00e9<\/a>. Cette combinaison garantit non seulement une finition de haute qualit\u00e9 mais aussi un confort.  <br><br><\/summary>\n<h2 class=\"wp-block-heading\">Innovation et personnalisation \u00e0 port\u00e9e de main<\/h2>\n\n\n\n<p>Le maillot de bain f\u00e9minin a connu une transformation significative ces derni\u00e8res ann\u00e9es, passant d\u2019un simple maillot de bain \u00e0 de v\u00e9ritables ic\u00f4nes de la mode et de l\u2019expression personnelle. Chez Textilfy, nous allons encore plus loin dans cette \u00e9volution en vous offrant l\u2019opportunit\u00e9 unique de personnaliser vos maillots de bain f\u00e9minins. Vous n\u2019avez plus \u00e0 vous contenter de ce qui est sur le march\u00e9 ; Vous pouvez d\u00e9sormais \u00eatre la cr\u00e9atrice de votre propre maillot de bain, en choisissant les imprim\u00e9s qui vous repr\u00e9sentent le mieux \u00e0 la fois sur le devant et le dos de nos maillots de bain pour femmes.  <\/p>\n\n\n\n<h3 class=\"wp-block-heading\">Une option pour toutes les femmes<\/h3>\n\n\n\n<p>Bien que nous proposions actuellement un seul mod\u00e8le de maillot de bain, son potentiel de personnalisation ouvre une gamme quasi infinie de possibilit\u00e9s, rendant chaque cr\u00e9ation aussi unique que celui qui la porte. Cette approche garantit que, quel que soit votre style personnel ou les tendances du moment, vous pouvez cr\u00e9er un maillot de bain qui vous repr\u00e9sente directement. Que vous choisissiez de monter un rapport continu ou que vous souhaitiez placer une photographie ou un design positionnel dans chacune de ses parties.  <\/p>\n\n\n\n<p>De plus, ce mod\u00e8le est con\u00e7u pour le confort et le style, \u00e0 la fois pour une utilisation sur la plage et en piscine, en salle de sport, etc.<\/p>\n\n\n\n<h3 class=\"wp-block-heading\">Pourquoi choisir Textilfy ?<\/h3>\n\n\n\n<p>Chez Textilfy, nous ne vendons pas seulement des maillots de bain pour femmes, nous fabriquons aussi de la mode sur mesure qui vous permet d\u2019exprimer votre individualit\u00e9 de mani\u00e8re cr\u00e9ative et unique. Que vous soyez une marque de mode ou que vous souhaitiez un produit exclusif, nous pouvons fabriquer \u00e0 partir d\u2019une unit\u00e9 vers le haut. Nous contr\u00f4lons \u00e9galement l\u2019ensemble du processus de personnalisation des v\u00eatements ; imprimant, d\u00e9coupant et fabriquant chacune des parties de son motif. Nous livrons donc des pi\u00e8ces uniques, r\u00e9alis\u00e9es \u00e0 la demande et con\u00e7ues par et pour vous.   <\/p>\n\n\n\n<p>Plongez-vous dans l\u2019univers de <a href=\"https:\/\/textilfy.es\/ropa\/\">la mode personnalis\u00e9e<\/a> avec notre maillot de bain exclusif et d\u00e9couvrez toutes les possibilit\u00e9s qui vous attendent. Votre prochain maillot de bain n\u2019est qu\u2019\u00e0 un clic et porte votre empreinte personnelle. \u00cates-vous pr\u00eat \u00e0 cr\u00e9er le v\u00f4tre ?  <\/p>\n<\/details>\n","protected":false},"excerpt":{"rendered":"","protected":false},"featured_media":280882,"comment_status":"open","ping_status":"closed","template":"","meta":{"inline_featured_image":false},"product_brand":[],"product_cat":[196],"product_tag":[],"class_list":{"0":"post-291205","1":"product","2":"type-product","3":"status-publish","4":"has-post-thumbnail","6":"product_cat-vetements-personnalises","7":"sales-flash-overlay","8":"woocommerce-text-align-center","9":"woocommerce-image-align-center","10":"do-quantity-buttons","12":"first","13":"instock","14":"taxable","15":"shipping-taxable","16":"purchasable","17":"product-type-variable","18":"has-default-attributes"},"_links":{"self":[{"href":"https:\/\/textilfy.es\/fr\/wp-json\/wp\/v2\/product\/291205","targetHints":{"allow":["GET"]}}],"collection":[{"href":"https:\/\/textilfy.es\/fr\/wp-json\/wp\/v2\/product"}],"about":[{"href":"https:\/\/textilfy.es\/fr\/wp-json\/wp\/v2\/types\/product"}],"replies":[{"embeddable":true,"href":"https:\/\/textilfy.es\/fr\/wp-json\/wp\/v2\/comments?post=291205"}],"wp:featuredmedia":[{"embeddable":true,"href":"https:\/\/textilfy.es\/fr\/wp-json\/wp\/v2\/media\/280882"}],"wp:attachment":[{"href":"https:\/\/textilfy.es\/fr\/wp-json\/wp\/v2\/media?parent=291205"}],"wp:term":[{"taxonomy":"product_brand","embeddable":true,"href":"https:\/\/textilfy.es\/fr\/wp-json\/wp\/v2\/product_brand?post=291205"},{"taxonomy":"product_cat","embeddable":true,"href":"https:\/\/textilfy.es\/fr\/wp-json\/wp\/v2\/product_cat?post=291205"},{"taxonomy":"product_tag","embeddable":true,"href":"https:\/\/textilfy.es\/fr\/wp-json\/wp\/v2\/product_tag?post=291205"}],"curies":[{"name":"wp","href":"https:\/\/api.w.org\/{rel}","templated":true}]}}