{"id":291217,"date":"2024-01-30T09:22:12","date_gmt":"2024-01-30T08:22:12","guid":{"rendered":"https:\/\/textilfy.es\/impresion\/non%20class\u00e9\/grs-semi-soie-recyclee\/"},"modified":"2026-04-16T11:19:25","modified_gmt":"2026-04-16T09:19:25","slug":"grs-semi-soie-recyclee","status":"publish","type":"product","link":"https:\/\/textilfy.es\/fr\/impression\/tissus-synthetiques\/grs-semi-soie-recyclee\/","title":{"rendered":"GRS semi-soie recycl\u00e9e"},"content":{"rendered":"\n<p>Tissu en tissage satin\u00e9 avec un peu de brillance et un tr\u00e8s bon drapage. Parfait pour confectionner des v\u00eatements comme des blouses, des robes, des jupes et des foulards. Essayez d\u2019imiter la soie naturelle avec une tr\u00e8s bonne performance color\u00e9e pour le polyester. Fabriqu\u00e9 en polyester recycl\u00e9.   <\/p>\n","protected":false},"excerpt":{"rendered":"<p>Tissu en tissage satin\u00e9 avec un peu de brillance et un tr\u00e8s bon drapage. Parfait pour confectionner des v\u00eatements comme des blouses, des robes, des jupes et des foulards. Essayez d\u2019imiter la soie naturelle avec une tr\u00e8s bonne performance color\u00e9e pour le polyester. Fabriqu\u00e9 en polyester recycl\u00e9.<\/p>\n","protected":false},"featured_media":289817,"comment_status":"open","ping_status":"closed","template":"","meta":{"inline_featured_image":false},"product_brand":[],"product_cat":[218],"product_tag":[],"class_list":{"0":"post-291217","1":"product","2":"type-product","3":"status-publish","4":"has-post-thumbnail","6":"product_cat-tissus-synthetiques","7":"sales-flash-overlay","8":"woocommerce-text-align-center","9":"woocommerce-image-align-center","10":"do-quantity-buttons","12":"first","13":"instock","14":"taxable","15":"shipping-taxable","16":"purchasable","17":"product-type-variable","18":"has-default-attributes"},"_links":{"self":[{"href":"https:\/\/textilfy.es\/fr\/wp-json\/wp\/v2\/product\/291217","targetHints":{"allow":["GET"]}}],"collection":[{"href":"https:\/\/textilfy.es\/fr\/wp-json\/wp\/v2\/product"}],"about":[{"href":"https:\/\/textilfy.es\/fr\/wp-json\/wp\/v2\/types\/product"}],"replies":[{"embeddable":true,"href":"https:\/\/textilfy.es\/fr\/wp-json\/wp\/v2\/comments?post=291217"}],"wp:featuredmedia":[{"embeddable":true,"href":"https:\/\/textilfy.es\/fr\/wp-json\/wp\/v2\/media\/289817"}],"wp:attachment":[{"href":"https:\/\/textilfy.es\/fr\/wp-json\/wp\/v2\/media?parent=291217"}],"wp:term":[{"taxonomy":"product_brand","embeddable":true,"href":"https:\/\/textilfy.es\/fr\/wp-json\/wp\/v2\/product_brand?post=291217"},{"taxonomy":"product_cat","embeddable":true,"href":"https:\/\/textilfy.es\/fr\/wp-json\/wp\/v2\/product_cat?post=291217"},{"taxonomy":"product_tag","embeddable":true,"href":"https:\/\/textilfy.es\/fr\/wp-json\/wp\/v2\/product_tag?post=291217"}],"curies":[{"name":"wp","href":"https:\/\/api.w.org\/{rel}","templated":true}]}}