{"id":291265,"date":"2024-03-14T15:30:39","date_gmt":"2024-03-14T14:30:39","guid":{"rendered":"https:\/\/textilfy.es\/impresion\/non%20class\u00e9\/tablier-personnalise\/"},"modified":"2026-04-20T11:15:20","modified_gmt":"2026-04-20T09:15:20","slug":"tablier-personnalise","status":"publish","type":"product","link":"https:\/\/textilfy.es\/fr\/impression\/vetements-personnalises\/tablier-personnalise\/","title":{"rendered":"Tablier personnalis\u00e9"},"content":{"rendered":"\n<p><\/p>\n\n<details class=\"wp-block-details is-layout-flow wp-block-details-is-layout-flow\"><summary>D\u00e9couvrez nos tabliers personnalis\u00e9s chez Textilfy, disponibles en toile de coton certifi\u00e9e 100 % GOTS, en serg\u00e9 100 % coton et en serg\u00e9 100 % polyester. Avec notre processus de personnalisation 3D, vous pouvez t\u00e9l\u00e9charger votre design, l\u2019ajuster selon le motif du tablier et personnaliser la poche.  <br><br>Nous fabriquons chaque tablier \u00e0 la demande, garantissant des produits de qualit\u00e9 sans stock pr\u00e9alable, parfaits aussi bien pour un usage personnel que pour votre marque. Avec notre propre impression et fabrication, nous contr\u00f4lons l\u2019ensemble du processus de premi\u00e8re main.  <br><br><\/summary>\n<h3 class=\"wp-block-heading\">Caract\u00e9ristiques principales de nos tabliers :<\/h3>\n\n\n\n<ul class=\"wp-block-list\">\n<li><strong>Diff\u00e9rentes options de tissus de qualit\u00e9<\/strong> : Choisissez parmi trois types de tissus de haute qualit\u00e9, y compris le coton certifi\u00e9 GOTS.<\/li>\n\n\n\n<li><strong>Personnalisation compl\u00e8te<\/strong> : Utilisez notre technologie d\u2019impression int\u00e9grale pour appliquer n\u2019importe quel design \u00e0 votre tablier.<\/li>\n\n\n\n<li><strong>Confort et style<\/strong> : con\u00e7us par vous et fabriqu\u00e9s en pensant \u00e0 vous. Nos tabliers sont la combinaison parfaite de mode et de fonctionnalit\u00e9. <\/li>\n\n\n\n<li><strong>Une solution universelle<\/strong> : disponible pour les hommes, pour eux et pour tout le monde. Notre tablier personnalis\u00e9 mesure exactement : 69 cm de large sur 81 cm de haut. Mais si vous souhaitez une taille sp\u00e9cifique, n\u2019h\u00e9sitez pas \u00e0 nous \u00e9crire apr\u00e8s avoir pass\u00e9 votre commande et nous nous adapterons sans probl\u00e8me aux mesures que vous indiquez.  <\/li>\n<\/ul>\n\n\n\n<h3 class=\"wp-block-heading\">Instructions de personnalisation :<\/h3>\n\n\n\n<ol class=\"wp-block-list\">\n<li><strong>Choisissez la technique :<\/strong> Pour l\u2019instant, nous n\u2019avons que la technique de l\u2019impression compl\u00e8te.<\/li>\n\n\n\n<li><strong>T\u00e9l\u00e9chargez et ajustez votre design<\/strong> : Pr\u00e9visualisez \u00e0 quoi ressemblera votre design personnalis\u00e9, \u00e0 la fois sur le corps du tablier et dans sa poche.<\/li>\n\n\n\n<li><strong>Couleur du ruban<\/strong> : Ne vous inqui\u00e9tez pas de la couleur orange des rubans dans le pr\u00e9visualiseur 3D, c\u2019est uniquement illustratif. Le ruban sera \u00e9cru ou noir.  <\/li>\n\n\n\n<li><strong>Choisissez le type de tissu<\/strong> : toile de coton certifi\u00e9e GOTS, serg\u00e9 de coton ou serg\u00e9 de polyester.<\/li>\n\n\n\n<li><strong>Nombre d\u2019unit\u00e9s<\/strong> : S\u00e9lectionnez les unit\u00e9s que vous souhaitez et ajoutez-les au panier.  <\/li>\n<\/ol>\n\n\n\n<h2 class=\"wp-block-heading\">Avantages de notre tablier personnalis\u00e9 :<\/h2>\n\n\n\n<ul class=\"wp-block-list\">\n<li><strong>Exclusivit\u00e9 et qualit\u00e9<\/strong> : Tabliers uniques, reflet de votre personnalit\u00e9 ou de votre marque.<\/li>\n\n\n\n<li><strong>Garantie de satisfaction<\/strong> : Mat\u00e9riaux de haute qualit\u00e9 et souci du d\u00e9tail.<\/li>\n\n\n\n<li><strong>Id\u00e9al pour les cadeaux ou les promotions : surprenez quelqu\u2019un<\/strong> de sp\u00e9cial ou faites la promotion de votre entreprise avec un tablier personnalis\u00e9.<\/li>\n<\/ul>\n\n\n\n<p>Faites en sorte que votre cuisine refl\u00e8te votre style unique avec un tablier personnalis\u00e9 de Te<\/p>\n<\/details>\n\n<p><\/p>\n","protected":false},"excerpt":{"rendered":"","protected":false},"featured_media":280873,"comment_status":"open","ping_status":"closed","template":"","meta":{"inline_featured_image":false},"product_brand":[],"product_cat":[196],"product_tag":[],"class_list":{"0":"post-291265","1":"product","2":"type-product","3":"status-publish","4":"has-post-thumbnail","6":"product_cat-vetements-personnalises","7":"sales-flash-overlay","8":"woocommerce-text-align-center","9":"woocommerce-image-align-center","10":"do-quantity-buttons","12":"first","13":"instock","14":"taxable","15":"shipping-taxable","16":"purchasable","17":"product-type-variable","18":"has-default-attributes"},"_links":{"self":[{"href":"https:\/\/textilfy.es\/fr\/wp-json\/wp\/v2\/product\/291265","targetHints":{"allow":["GET"]}}],"collection":[{"href":"https:\/\/textilfy.es\/fr\/wp-json\/wp\/v2\/product"}],"about":[{"href":"https:\/\/textilfy.es\/fr\/wp-json\/wp\/v2\/types\/product"}],"replies":[{"embeddable":true,"href":"https:\/\/textilfy.es\/fr\/wp-json\/wp\/v2\/comments?post=291265"}],"wp:featuredmedia":[{"embeddable":true,"href":"https:\/\/textilfy.es\/fr\/wp-json\/wp\/v2\/media\/280873"}],"wp:attachment":[{"href":"https:\/\/textilfy.es\/fr\/wp-json\/wp\/v2\/media?parent=291265"}],"wp:term":[{"taxonomy":"product_brand","embeddable":true,"href":"https:\/\/textilfy.es\/fr\/wp-json\/wp\/v2\/product_brand?post=291265"},{"taxonomy":"product_cat","embeddable":true,"href":"https:\/\/textilfy.es\/fr\/wp-json\/wp\/v2\/product_cat?post=291265"},{"taxonomy":"product_tag","embeddable":true,"href":"https:\/\/textilfy.es\/fr\/wp-json\/wp\/v2\/product_tag?post=291265"}],"curies":[{"name":"wp","href":"https:\/\/api.w.org\/{rel}","templated":true}]}}