{"id":291278,"date":"2024-02-02T11:42:55","date_gmt":"2024-02-02T10:42:55","guid":{"rendered":"https:\/\/textilfy.es\/impresion\/non%20class\u00e9\/coussin-personnalise\/"},"modified":"2026-04-20T11:15:53","modified_gmt":"2026-04-20T09:15:53","slug":"coussin-personnalise","status":"publish","type":"product","link":"https:\/\/textilfy.es\/fr\/impression\/vetements-personnalises\/coussin-personnalise\/","title":{"rendered":"Coussin personnalis\u00e9"},"content":{"rendered":"\n<details class=\"wp-block-details is-layout-flow wp-block-details-is-layout-flow\"><summary>Transformez votre maison avec notre coussin personnalis\u00e9 exclusif. Fabriqu\u00e9 en Espagne, chaque coussin, mesurant 45 x 45 cm, est le r\u00e9sultat d\u2019un processus artisanal d\u2019impression, de d\u00e9coupe et de couture de nos tissus. En pouvant enti\u00e8rement la personnaliser avec vos propres designs, ils seront uniques, exclusifs et transmettront votre go\u00fbt pour le design.  <br><br><\/summary>\n<p>Notre coussin personnalis\u00e9 offre un imprim\u00e9 en couleur des deux c\u00f4t\u00e9s, capturant chaque d\u00e9tail de vos designs pr\u00e9f\u00e9r\u00e9s ou moments sp\u00e9ciaux. Vous pouvez t\u00e9l\u00e9charger soit une photographie, soit n\u2019importe quel design positionnel ou relation. Et vous pouvez choisir parmi nos trois types de tissus : velours doux, serge fine 100\u00a0% coton biologique et serg\u00e9 \u00e9pais 100\u00a0% polyester. Tous les tissus sont doux au toucher et r\u00e9sistants, id\u00e9aux pour la d\u00e9coration int\u00e9rieure.   <\/p>\n\n\n\n<p>Chaque coussin personnalis\u00e9 porte une \u00e9tiquette personnalis\u00e9e cousue \u00e0 l\u2019int\u00e9rieur \u00e0 l\u2019encre. La fermeture \u00e9clair invisible en \u00e9cru sous le pied assure une esth\u00e9tique propre et raffin\u00e9e, et permet de l\u2019ins\u00e9rer et du retirer facilement du remplissage (non inclus) selon les besoins. <\/p>\n\n\n\n<p>Nous comprenons que chaque d\u00e9tail compte, c\u2019est pourquoi nous vous offrons la possibilit\u00e9 de commander \u00e0 une seule unit\u00e9 afin que vous puissiez en \u00e9valuer la qualit\u00e9 et v\u00e9rifier l\u2019apparence de votre design avant une production plus importante.<\/p>\n\n\n\n<p>Nous avons un d\u00e9lai de production de 10 \u00e0 15 jours ouvr\u00e9s et nous nous engageons \u00e0 livrer un produit de qualit\u00e9. Nos coussins sur mesure sont un choix exceptionnel pour ceux qui valorisent la qualit\u00e9, la durabilit\u00e9 et le design sur mesure. <\/p>\n<\/details>\n","protected":false},"excerpt":{"rendered":"","protected":false},"featured_media":281013,"comment_status":"open","ping_status":"closed","template":"","meta":{"inline_featured_image":false},"product_brand":[],"product_cat":[196],"product_tag":[],"class_list":{"0":"post-291278","1":"product","2":"type-product","3":"status-publish","4":"has-post-thumbnail","6":"product_cat-vetements-personnalises","7":"sales-flash-overlay","8":"woocommerce-text-align-center","9":"woocommerce-image-align-center","10":"do-quantity-buttons","12":"first","13":"instock","14":"taxable","15":"shipping-taxable","16":"purchasable","17":"product-type-variable","18":"has-default-attributes"},"_links":{"self":[{"href":"https:\/\/textilfy.es\/fr\/wp-json\/wp\/v2\/product\/291278","targetHints":{"allow":["GET"]}}],"collection":[{"href":"https:\/\/textilfy.es\/fr\/wp-json\/wp\/v2\/product"}],"about":[{"href":"https:\/\/textilfy.es\/fr\/wp-json\/wp\/v2\/types\/product"}],"replies":[{"embeddable":true,"href":"https:\/\/textilfy.es\/fr\/wp-json\/wp\/v2\/comments?post=291278"}],"wp:featuredmedia":[{"embeddable":true,"href":"https:\/\/textilfy.es\/fr\/wp-json\/wp\/v2\/media\/281013"}],"wp:attachment":[{"href":"https:\/\/textilfy.es\/fr\/wp-json\/wp\/v2\/media?parent=291278"}],"wp:term":[{"taxonomy":"product_brand","embeddable":true,"href":"https:\/\/textilfy.es\/fr\/wp-json\/wp\/v2\/product_brand?post=291278"},{"taxonomy":"product_cat","embeddable":true,"href":"https:\/\/textilfy.es\/fr\/wp-json\/wp\/v2\/product_cat?post=291278"},{"taxonomy":"product_tag","embeddable":true,"href":"https:\/\/textilfy.es\/fr\/wp-json\/wp\/v2\/product_tag?post=291278"}],"curies":[{"name":"wp","href":"https:\/\/api.w.org\/{rel}","templated":true}]}}