{"id":291359,"date":"2023-11-06T13:57:04","date_gmt":"2023-11-06T12:57:04","guid":{"rendered":"https:\/\/textilfy.es\/impresion\/non%20class\u00e9\/tissu-naturel-du-client\/"},"modified":"2026-04-20T11:16:41","modified_gmt":"2026-04-20T09:16:41","slug":"tissu-naturel-du-client","status":"publish","type":"product","link":"https:\/\/textilfy.es\/fr\/impression\/tissus-naturels\/tissu-naturel-du-client\/","title":{"rendered":"Tissu naturel du client"},"content":{"rendered":"\n<details class=\"wp-block-details is-layout-flow wp-block-details-is-layout-flow\"><summary>Chez Textilfy, nous valorisons votre cr\u00e9ativit\u00e9 et vous proposons un service de personnalisation unique : apportez votre propre tissu naturel et nous le donnerons vie avec vos patrons. Qu\u2019il s\u2019agisse de coton, de linol\u00e9um, de viscose ou d\u2019une autre fibre naturelle, notre proc\u00e9d\u00e9 d\u2019impression permet d\u2019obtenir des d\u00e9tails fins tout en conservant la texture organique et la qualit\u00e9 du mat\u00e9riau choisi. Avec le choix du bois naturel du client, nous voulons faciliter l\u2019impression sur le bois sur lequel il travaille d\u00e9j\u00e0.  <\/summary>\n<p>Pour garantir la meilleure qualit\u00e9 et satisfaction, votre tissu doit respecter certaines conditions :<\/p>\n\n\n\n<ol class=\"wp-block-list\">\n<li>Elle doit \u00eatre 100 % naturelle ou contenir au moins 75 % de fibres naturelles.<\/li>\n\n\n\n<li>La couleur du tissu doit \u00eatre blanche ou d\u2019une teinte naturelle claire. Il ne devrait jamais \u00eatre color\u00e9. <\/li>\n\n\n\n<li>Nous n\u2019acceptons pas les tissus contenant des peluches ou des fibres l\u00e2ches.<\/li>\n\n\n\n<li>La largeur maximale pour l\u2019impression est de 160 cm.<\/li>\n\n\n\n<li>Envoyez 80 cm \u00e0 1 m\u00e8tre suppl\u00e9mentaire du tissu que vous souhaitez imprimer.<\/li>\n\n\n\n<li>Indiquez clairement le c\u00f4t\u00e9 du tissu \u00e0 imprimer.<\/li>\n\n\n\n<li>Pour les commandes de plus de 5 m\u00e8tres, le tissu doit \u00eatre livr\u00e9 sur une bobine, sinon un co\u00fbt suppl\u00e9mentaire s\u2019appliquera.<\/li>\n\n\n\n<li>Comme nous utilisons des tissus fournis par le client, le r\u00e9sultat final peut varier.<\/li>\n\n\n\n<li>Assurez-vous de marquer clairement votre colis avec votre nom ou votre r\u00e9f\u00e9rence de commande.<\/li>\n\n\n\n<li>Utilisez l\u2019adresse de livraison en bas de ce site pour nous envoyer votre \u00ab tissu client naturel \u00bb.<\/li>\n<\/ol>\n\n\n\n<p><\/p>\n\n\n\n<p>Si vous avez des questions \u00e0 ce sujet, veuillez nous contacter \u00e0 hello@textilfy.com.<\/p>\n<\/details>\n","protected":false},"excerpt":{"rendered":"","protected":false},"featured_media":289660,"comment_status":"open","ping_status":"closed","template":"","meta":{"inline_featured_image":false},"product_brand":[],"product_cat":[244],"product_tag":[],"class_list":{"0":"post-291359","1":"product","2":"type-product","3":"status-publish","4":"has-post-thumbnail","6":"product_cat-tissus-naturels","7":"sales-flash-overlay","8":"woocommerce-text-align-center","9":"woocommerce-image-align-center","10":"do-quantity-buttons","12":"first","13":"instock","14":"taxable","15":"shipping-taxable","16":"purchasable","17":"product-type-variable","18":"has-default-attributes"},"_links":{"self":[{"href":"https:\/\/textilfy.es\/fr\/wp-json\/wp\/v2\/product\/291359","targetHints":{"allow":["GET"]}}],"collection":[{"href":"https:\/\/textilfy.es\/fr\/wp-json\/wp\/v2\/product"}],"about":[{"href":"https:\/\/textilfy.es\/fr\/wp-json\/wp\/v2\/types\/product"}],"replies":[{"embeddable":true,"href":"https:\/\/textilfy.es\/fr\/wp-json\/wp\/v2\/comments?post=291359"}],"wp:featuredmedia":[{"embeddable":true,"href":"https:\/\/textilfy.es\/fr\/wp-json\/wp\/v2\/media\/289660"}],"wp:attachment":[{"href":"https:\/\/textilfy.es\/fr\/wp-json\/wp\/v2\/media?parent=291359"}],"wp:term":[{"taxonomy":"product_brand","embeddable":true,"href":"https:\/\/textilfy.es\/fr\/wp-json\/wp\/v2\/product_brand?post=291359"},{"taxonomy":"product_cat","embeddable":true,"href":"https:\/\/textilfy.es\/fr\/wp-json\/wp\/v2\/product_cat?post=291359"},{"taxonomy":"product_tag","embeddable":true,"href":"https:\/\/textilfy.es\/fr\/wp-json\/wp\/v2\/product_tag?post=291359"}],"curies":[{"name":"wp","href":"https:\/\/api.w.org\/{rel}","templated":true}]}}