{"id":291394,"date":"2023-11-06T13:57:04","date_gmt":"2023-11-06T12:57:04","guid":{"rendered":"https:\/\/textilfy.es\/impresion\/non%20class\u00e9\/tissu-synthetique-du-client\/"},"modified":"2026-04-20T11:15:54","modified_gmt":"2026-04-20T09:15:54","slug":"tissu-synthetique-du-client","status":"publish","type":"product","link":"https:\/\/textilfy.es\/fr\/impression\/tissus-synthetiques\/tissu-synthetique-du-client\/","title":{"rendered":"Tissu synth\u00e9tique du client"},"content":{"rendered":"\n<details class=\"wp-block-details is-layout-flow wp-block-details-is-layout-flow\"><summary>Noi di Textilfy apprezziamo la tua creativit\u00e0 e offriamo un servizio di personalizzazione unico&nbsp;: porta il tuo tessuto sintetico e noi gli daremo vita con i tuoi disegni. Lorsque nous traitons la fibre de polyester, notre proc\u00e9d\u00e9 est estamp\u00e9 sans extr\u00e9mit\u00e9 fine, pur mantenendo la consistenza organique e la qualit\u00e9 del mat\u00e9riel fornito. Con l\u2019option del tessuto sintetico, vogliamo rendti plus facile stampare su quei tessuti su cui hai d\u00e9j\u00e0 travaill\u00e9.  <\/summary>\n<p>\n<\/p>\n\n\n<p>Pour garantir la massima qualit\u00e0 e satisfazione, il tuo tessuto doit satisfaire determinate condizioni\u00a0:<\/p>\n\n\n\n<ol class=\"wp-block-list\">\n<li>Deve \u00eatre sintetique al 100\u00a0% o contenere almeno il 75\u00a0% di fibre sintetiche.<\/li>\n\n\n\n<li>Il colore del tessuto devrait \u00eatre bianco o toni naturali chiari. Mai colorato.<\/li>\n\n\n\n<li>Non si accettano tessuti avec lanugine o fibre sciolte.<\/li>\n\n\n\n<li>La longueur de cette longueur est de 160 cm.<\/li>\n\n\n\n<li>Inviare altri \u00e0 80 cm \u00e0 1 m\u00e8tre du tessuto che si desidera stampare.<\/li>\n\n\n\n<li>Il indique chiaramente la fa\u00e7ade du tessuto da stampare.<\/li>\n\n\n\n<li>Per ordini sup\u00e9rieuri ai 5 metri, il tessuto doit arrivare in bobina o verr\u00e0 applicato un costo aggiuntivo.<\/li>\n\n\n\n<li>Poich\u00e9 utilizziamo tessuti forniti dal cliente, il risultato finale pu\u00f2 variare.<\/li>\n\n\n\n<li>Assicurati di contrassegnare chiaramente il tuo pacco avec il tuo nome o il r\u00e9f\u00e9rence dell\u2019ordine.<\/li>\n\n\n\n<li>Utilise l\u2019indirizzo di spedizione in fondo a questo sito web per inviarci il tuo \u00ab\u00a0tessuto sintetico del cliente\u00a0\u00bb.<\/li>\n<\/ol>\n\n\n\n<p>\n<\/p>\n\n\n<p>Dans le cas de questions au riguardo, contattaci al hello@textilfy.com<\/p>\n<\/details>\n","protected":false},"excerpt":{"rendered":"","protected":false},"featured_media":289672,"comment_status":"open","ping_status":"closed","template":"","meta":{"inline_featured_image":false},"product_brand":[],"product_cat":[218],"product_tag":[],"class_list":{"0":"post-291394","1":"product","2":"type-product","3":"status-publish","4":"has-post-thumbnail","6":"product_cat-tissus-synthetiques","7":"sales-flash-overlay","8":"woocommerce-text-align-center","9":"woocommerce-image-align-center","10":"do-quantity-buttons","12":"first","13":"instock","14":"taxable","15":"shipping-taxable","16":"purchasable","17":"product-type-variable","18":"has-default-attributes"},"_links":{"self":[{"href":"https:\/\/textilfy.es\/fr\/wp-json\/wp\/v2\/product\/291394","targetHints":{"allow":["GET"]}}],"collection":[{"href":"https:\/\/textilfy.es\/fr\/wp-json\/wp\/v2\/product"}],"about":[{"href":"https:\/\/textilfy.es\/fr\/wp-json\/wp\/v2\/types\/product"}],"replies":[{"embeddable":true,"href":"https:\/\/textilfy.es\/fr\/wp-json\/wp\/v2\/comments?post=291394"}],"wp:featuredmedia":[{"embeddable":true,"href":"https:\/\/textilfy.es\/fr\/wp-json\/wp\/v2\/media\/289672"}],"wp:attachment":[{"href":"https:\/\/textilfy.es\/fr\/wp-json\/wp\/v2\/media?parent=291394"}],"wp:term":[{"taxonomy":"product_brand","embeddable":true,"href":"https:\/\/textilfy.es\/fr\/wp-json\/wp\/v2\/product_brand?post=291394"},{"taxonomy":"product_cat","embeddable":true,"href":"https:\/\/textilfy.es\/fr\/wp-json\/wp\/v2\/product_cat?post=291394"},{"taxonomy":"product_tag","embeddable":true,"href":"https:\/\/textilfy.es\/fr\/wp-json\/wp\/v2\/product_tag?post=291394"}],"curies":[{"name":"wp","href":"https:\/\/api.w.org\/{rel}","templated":true}]}}