{"id":291411,"date":"2023-11-06T13:57:02","date_gmt":"2023-11-06T12:57:02","guid":{"rendered":"https:\/\/textilfy.es\/impresion\/non%20class\u00e9\/flame-viscose-22\/"},"modified":"2026-04-20T11:16:42","modified_gmt":"2026-04-20T09:16:42","slug":"flame-viscose-22","status":"publish","type":"product","link":"https:\/\/textilfy.es\/fr\/impression\/tissus-naturels\/flame-viscose-22\/","title":{"rendered":"Flam\u00e9 viscose 22"},"content":{"rendered":"\n<details class=\"wp-block-details is-layout-flow wp-block-details-is-layout-flow\"><summary>Notre tissu viscose flam\u00e9 combine des zones plus fines et plus \u00e9paisses du fil, cr\u00e9ant une finition particuli\u00e8re. Id\u00e9al pour fabriquer des t-shirts avec une touche diff\u00e9rente. D\u00e9couvrez la diff\u00e9rence avec notre tissu en viscose flam\u00e9, le choix parfait pour ceux qui souhaitent ajouter une touche distinctive \u00e0 leur collection de mode. Connu pour sa texture distinctive, ce tissu est fabriqu\u00e9 avec des fils alternant des sections fines et \u00e9paisses, ce qui donne une finition visuellement dynamique et agr\u00e9able.   <\/summary>\n<p><br\/><\/p>\n\n\n\n<p>Ce tissu est compos\u00e9 de viscose avec \u00e9lastane, tandis que notre <a href=\"https:\/\/textilfy.es\/impresion-textil\/tejidos-naturales\/flame-algodon\/\">tricot flam\u00e9<\/a> est fait de coton sans \u00e9lastane. Celui en viscose est l\u00e9g\u00e8rement satin\u00e9 dans certaines fibres et celui <a href=\"https:\/\/textilfy.es\/impresion-textil\/tejidos-naturales\/flame-algodon\/\">en coton<\/a> est enti\u00e8rement mat.  Vous avez donc deux options parmi lesquelles choisir.  <\/p>\n\n\n\n<p><strong>Un tissu avec de la personnalit\u00e9.<\/strong>  Chaque m\u00e8tre de notre tissu viscose flam\u00e9 raconte une histoire diff\u00e9rente gr\u00e2ce \u00e0 son aspect distinctif. L\u2019effet flam\u00e9 apporte une dimension unique aux v\u00eatements, offrant un jeu visuel fascinant qui attire l\u2019\u0153il et se d\u00e9marque sur n\u2019importe quelle \u00e9tag\u00e8re mode.<\/p>\n\n\n\n<p><strong>Qualit\u00e9 dans chaque maille.<\/strong>  Id\u00e9al pour les t-shirts et autres v\u00eatements qui exigent confort et style, notre tricot en viscose flam\u00e9 est la d\u00e9finition m\u00eame de la qualit\u00e9 et du design. L\u2019alternance entre les zones plus fines et les plus \u00e9paisses est non seulement esth\u00e9tiquement plaisante, mais apporte aussi une structure int\u00e9ressante au drap\u00e9 du tissu, donnant du mouvement et une touche distinctive \u00e0 chaque pi\u00e8ce.<\/p>\n\n\n\n<p><strong>Polyvalence dans le design.<\/strong>  Adapt\u00e9 \u00e0 une grande vari\u00e9t\u00e9 de styles, du d\u00e9contract\u00e9 au sophistiqu\u00e9, le tissu flam\u00e9 est une base exceptionnelle pour les cr\u00e9ateurs souhaitant exprimer cr\u00e9ativit\u00e9 et originalit\u00e9 dans leurs cr\u00e9ations. Sa texture riche et sa flexibilit\u00e9 le rendent adapt\u00e9 aussi bien aux lignes classiques qu\u2019aux coupes modernes.<\/p>\n\n\n\n<p><strong>Engagement envers l\u2019excellence.<\/strong> Nous nous engageons \u00e0 <a href=\"https:\/\/textilfy.es\/fr\/tissus-naturels\/\">proposer des tissus naturels<\/a> qui non seulement inspirent par leur design, mais perdurent aussi par leur qualit\u00e9 et leur confort. Notre tissu en tricot flam\u00e9 promet de r\u00e9sister au port quotidien et de conserver son caract\u00e8re distinctif au fil du temps. <\/p>\n<\/details>\n","protected":false},"excerpt":{"rendered":"","protected":false},"featured_media":283969,"comment_status":"open","ping_status":"closed","template":"","meta":{"inline_featured_image":false},"product_brand":[],"product_cat":[244],"product_tag":[],"class_list":{"0":"post-291411","1":"product","2":"type-product","3":"status-publish","4":"has-post-thumbnail","6":"product_cat-tissus-naturels","7":"sales-flash-overlay","8":"woocommerce-text-align-center","9":"woocommerce-image-align-center","10":"do-quantity-buttons","12":"first","13":"instock","14":"taxable","15":"shipping-taxable","16":"purchasable","17":"product-type-variable","18":"has-default-attributes"},"_links":{"self":[{"href":"https:\/\/textilfy.es\/fr\/wp-json\/wp\/v2\/product\/291411","targetHints":{"allow":["GET"]}}],"collection":[{"href":"https:\/\/textilfy.es\/fr\/wp-json\/wp\/v2\/product"}],"about":[{"href":"https:\/\/textilfy.es\/fr\/wp-json\/wp\/v2\/types\/product"}],"replies":[{"embeddable":true,"href":"https:\/\/textilfy.es\/fr\/wp-json\/wp\/v2\/comments?post=291411"}],"wp:featuredmedia":[{"embeddable":true,"href":"https:\/\/textilfy.es\/fr\/wp-json\/wp\/v2\/media\/283969"}],"wp:attachment":[{"href":"https:\/\/textilfy.es\/fr\/wp-json\/wp\/v2\/media?parent=291411"}],"wp:term":[{"taxonomy":"product_brand","embeddable":true,"href":"https:\/\/textilfy.es\/fr\/wp-json\/wp\/v2\/product_brand?post=291411"},{"taxonomy":"product_cat","embeddable":true,"href":"https:\/\/textilfy.es\/fr\/wp-json\/wp\/v2\/product_cat?post=291411"},{"taxonomy":"product_tag","embeddable":true,"href":"https:\/\/textilfy.es\/fr\/wp-json\/wp\/v2\/product_tag?post=291411"}],"curies":[{"name":"wp","href":"https:\/\/api.w.org\/{rel}","templated":true}]}}