{"id":291468,"date":"2023-04-26T16:52:49","date_gmt":"2023-04-26T14:52:49","guid":{"rendered":"https:\/\/textilfy.es\/impresion\/non%20class\u00e9\/caoutchouc\/"},"modified":"2026-04-16T11:20:04","modified_gmt":"2026-04-16T09:20:04","slug":"caoutchouc","status":"publish","type":"product","link":"https:\/\/textilfy.es\/fr\/impression\/tissus-synthetiques\/caoutchouc\/","title":{"rendered":"Caoutchouc"},"content":{"rendered":"\n<p>La toile cir\u00e9e \u00e0 motifs est un type de mat\u00e9riau couramment utilis\u00e9 comme nappe ou housse pour les surfaces de table. Il est fabriqu\u00e9 en PVC, un plastique flexible et durable qui le rend adapt\u00e9 \u00e0 la protection des tables et autres surfaces. <\/p>\n\n<details class=\"wp-block-details is-layout-flow wp-block-details-is-layout-flow\"><summary>L\u2019une des principales caract\u00e9ristiques du caoutchouc estamp\u00e9 est sa capacit\u00e9 \u00e0 repousser les liquides. Le PVC \u00e9tanche emp\u00eache les d\u00e9versements de liquides, tels que de l\u2019eau, du jus ou du vin, de p\u00e9n\u00e9trer la table, la prot\u00e9geant ainsi des taches et des dommages. <br><\/summary>\n<p>Gr\u00e2ce \u00e0 sa surface non poreuse, le tissu imprim\u00e9 cir\u00e9 est tr\u00e8s facile \u00e0 nettoyer. Il suffit d\u2019essuyer avec un chiffon humide ou une \u00e9ponge pour enlever les taches ou r\u00e9sidus alimentaires. Ce mat\u00e9riau est \u00e9galement robuste et peut r\u00e9sister \u00e0 l\u2019usure quotidienne. C\u2019est un choix id\u00e9al pour les tables dans des maisons avec enfants ou au restaurant, car il r\u00e9siste \u00e0 une utilisation constante. C\u2019est une excellente option pour prot\u00e9ger vos tables et leur donner une touche d\u00e9corative.    <\/p>\n\n\n\n<p>\u00c0 d\u2019autres occasions, nos clients l\u2019utilisent dans des produits tels que des tabliers ou des bavoirs car ce n\u2019est pas un tissu excessivement \u00e9pais. Il est clairement estampill\u00e9 car il est imprim\u00e9 avec des encres latex certifi\u00e9es ECO GREENGUARD\u00ae. <\/p>\n\n\n\n<p>Flexible et l\u00e9ger, le tissu cir\u00e9 est facile \u00e0 transporter et \u00e0 stocker, ce qui en fait un choix pratique pour les \u00e9v\u00e9nements ext\u00e9rieurs, tels que les pique-ou les f\u00eates.<\/p>\n\n\n\n<p>Enti\u00e8rement personnalisable en couleur, ce <strong><a href=\"https:\/\/textilfy.es\/tejidos-sinteticos\/\">tissu synth\u00e9tique<\/a><\/strong> est valable pour les sacs imperm\u00e9ables, les tissus pour confectionner des sacs ou d\u2019autres accessoires comme des portefeuilles, des housses, etc. Les nappes \u00e0 graisse sont populaires et fonctionnent tr\u00e8s bien si vous avez de jeunes enfants et devez d\u00e9barrasser la table des liquides, pur\u00e9e, fruits, etc. <\/p>\n\n\n\n<p>En r\u00e9sum\u00e9, le tissu cir\u00e9 estamp\u00e9 est un mat\u00e9riau polyvalent et pratique qui allie fonctionnalit\u00e9 et esth\u00e9tique. C\u2019est un choix populaire pour ceux qui souhaitent prot\u00e9ger efficacement leurs tables et ajouter une touche d\u00e9corative \u00e0 leur espace. <\/p>\n<\/details>\n\n<p>\n<\/p>","protected":false},"excerpt":{"rendered":"<p>Le caoutchouc embouti est un type de mat\u00e9riau couramment utilis\u00e9 comme nappe ou housse pour les plateaux de plateforme. Il est fabriqu\u00e9 en PVC, un plastique flexible et durable qui le rend adapt\u00e9 \u00e0 la protection des tables et autres surfaces. <\/p>\n","protected":false},"featured_media":289798,"comment_status":"open","ping_status":"closed","template":"","meta":{"inline_featured_image":false},"product_brand":[],"product_cat":[218],"product_tag":[],"class_list":{"0":"post-291468","1":"product","2":"type-product","3":"status-publish","4":"has-post-thumbnail","6":"product_cat-tissus-synthetiques","7":"sales-flash-overlay","8":"woocommerce-text-align-center","9":"woocommerce-image-align-center","10":"do-quantity-buttons","12":"first","13":"instock","14":"taxable","15":"shipping-taxable","16":"purchasable","17":"product-type-variable"},"_links":{"self":[{"href":"https:\/\/textilfy.es\/fr\/wp-json\/wp\/v2\/product\/291468","targetHints":{"allow":["GET"]}}],"collection":[{"href":"https:\/\/textilfy.es\/fr\/wp-json\/wp\/v2\/product"}],"about":[{"href":"https:\/\/textilfy.es\/fr\/wp-json\/wp\/v2\/types\/product"}],"replies":[{"embeddable":true,"href":"https:\/\/textilfy.es\/fr\/wp-json\/wp\/v2\/comments?post=291468"}],"wp:featuredmedia":[{"embeddable":true,"href":"https:\/\/textilfy.es\/fr\/wp-json\/wp\/v2\/media\/289798"}],"wp:attachment":[{"href":"https:\/\/textilfy.es\/fr\/wp-json\/wp\/v2\/media?parent=291468"}],"wp:term":[{"taxonomy":"product_brand","embeddable":true,"href":"https:\/\/textilfy.es\/fr\/wp-json\/wp\/v2\/product_brand?post=291468"},{"taxonomy":"product_cat","embeddable":true,"href":"https:\/\/textilfy.es\/fr\/wp-json\/wp\/v2\/product_cat?post=291468"},{"taxonomy":"product_tag","embeddable":true,"href":"https:\/\/textilfy.es\/fr\/wp-json\/wp\/v2\/product_tag?post=291468"}],"curies":[{"name":"wp","href":"https:\/\/api.w.org\/{rel}","templated":true}]}}