{"id":291505,"date":"2023-04-26T16:52:39","date_gmt":"2023-04-26T14:52:39","guid":{"rendered":"https:\/\/textilfy.es\/impresion\/non%20class\u00e9\/similicuir-type-2\/"},"modified":"2026-04-19T13:27:09","modified_gmt":"2026-04-19T11:27:09","slug":"similicuir-type-2","status":"publish","type":"product","link":"https:\/\/textilfy.es\/fr\/impression\/tissus-synthetiques\/similicuir-type-2\/","title":{"rendered":"Similicuir Type 2"},"content":{"rendered":"\n<details class=\"wp-block-details is-layout-flow wp-block-details-is-layout-flow\"><summary>Notre cuir synth\u00e9tique Type 2 polyvalent et durable est la solution id\u00e9ale pour la sellerie, le mobilier, les accessoires automobiles et la mode, comme les projets de sacs. Ce cuir synth\u00e9tique de haute qualit\u00e9, con\u00e7u pour imiter le cuir authentique, est le choix privil\u00e9gi\u00e9 des professionnels et des amateurs pour une grande vari\u00e9t\u00e9 d\u2019applications. La seule diff\u00e9rence avec le cuir synth\u00e9tique de type 1 est la texture.  <br><\/summary>\n<p><strong>Applications polyvalentes :<\/strong> Nos clients choisissent le cuir synth\u00e9tique de type 2 pour sa flexibilit\u00e9 et sa durabilit\u00e9. C\u2019est parfait pour cr\u00e9er des sacs personnalis\u00e9s, des sacs \u00e0 main, des t\u00eates de lit, et bien plus encore. Son adaptabilit\u00e9 en fait un id\u00e9al aussi bien pour des projets de d\u00e9coration int\u00e9rieure que pour les accessoires de mode.  <br\/><strong>Qualit\u00e9 et durabilit\u00e9 :<\/strong> Gr\u00e2ce \u00e0 un rev\u00eatement protecteur sp\u00e9cial, notre imitation cuir offre une bonne r\u00e9sistance au frottement et \u00e0 l\u2019usure. Ce rev\u00eatement protecteur garantit que vos projets conservent leur beaut\u00e9 et leur fonctionnalit\u00e9. <\/p>\n\n\n\n<p><strong>\u00c9cologique et s\u00fbr :<\/strong> Pour respecter l\u2019environnement et la s\u00e9curit\u00e9 de nos clients, le cuir synth\u00e9tique Type 2 est imprim\u00e9 avec des encres \u00e0 base d\u2019eau. Ces encres sont certifi\u00e9es ECO GREENGUARD\u00ae et garantissent que votre produit est imprim\u00e9 avec des encres \u00e9cologiques et s\u00fbres pour tous types d\u2019environnements. <\/p>\n\n\n\n<p><strong>Style et vari\u00e9t\u00e9 : <\/strong>Disponible pour l\u2019impression en couleur, notre cuir synth\u00e9tique vous permet d\u2019explorer votre cr\u00e9ativit\u00e9 et d\u2019adapter vos cr\u00e9ations \u00e0 tous les styles ou besoins.<\/p>\n<\/details>\n","protected":false},"excerpt":{"rendered":"<p>Le cuir synth\u00e9tique est principalement utilis\u00e9 dans la sellerie, la d\u00e9coration int\u00e9rieure, l\u2019automobile et les accessoires. Notre simili cuir de type 2 diff\u00e8re du type 1 par sa texture. Une couche protectrice est appliqu\u00e9e pour lui offrir une meilleure r\u00e9sistance au frottement. Elle est tamponn\u00e9e avec des encres\u00ae certifi\u00e9es ECO GREENGUARD.   <\/p>\n","protected":false},"featured_media":291510,"comment_status":"open","ping_status":"closed","template":"","meta":{"inline_featured_image":false},"product_brand":[],"product_cat":[218],"product_tag":[],"class_list":{"0":"post-291505","1":"product","2":"type-product","3":"status-publish","4":"has-post-thumbnail","6":"product_cat-tissus-synthetiques","7":"sales-flash-overlay","8":"woocommerce-text-align-center","9":"woocommerce-image-align-center","10":"do-quantity-buttons","12":"first","13":"instock","14":"taxable","15":"shipping-taxable","16":"purchasable","17":"product-type-variable","18":"has-default-attributes"},"_links":{"self":[{"href":"https:\/\/textilfy.es\/fr\/wp-json\/wp\/v2\/product\/291505","targetHints":{"allow":["GET"]}}],"collection":[{"href":"https:\/\/textilfy.es\/fr\/wp-json\/wp\/v2\/product"}],"about":[{"href":"https:\/\/textilfy.es\/fr\/wp-json\/wp\/v2\/types\/product"}],"replies":[{"embeddable":true,"href":"https:\/\/textilfy.es\/fr\/wp-json\/wp\/v2\/comments?post=291505"}],"wp:featuredmedia":[{"embeddable":true,"href":"https:\/\/textilfy.es\/fr\/wp-json\/wp\/v2\/media\/291510"}],"wp:attachment":[{"href":"https:\/\/textilfy.es\/fr\/wp-json\/wp\/v2\/media?parent=291505"}],"wp:term":[{"taxonomy":"product_brand","embeddable":true,"href":"https:\/\/textilfy.es\/fr\/wp-json\/wp\/v2\/product_brand?post=291505"},{"taxonomy":"product_cat","embeddable":true,"href":"https:\/\/textilfy.es\/fr\/wp-json\/wp\/v2\/product_cat?post=291505"},{"taxonomy":"product_tag","embeddable":true,"href":"https:\/\/textilfy.es\/fr\/wp-json\/wp\/v2\/product_tag?post=291505"}],"curies":[{"name":"wp","href":"https:\/\/api.w.org\/{rel}","templated":true}]}}