{"id":291523,"date":"2023-04-26T16:52:29","date_gmt":"2023-04-26T14:52:29","guid":{"rendered":"https:\/\/textilfy.es\/impresion\/non%20class\u00e9\/similicuir-type-1\/"},"modified":"2026-04-16T11:20:17","modified_gmt":"2026-04-16T09:20:17","slug":"similicuir-type-1","status":"publish","type":"product","link":"https:\/\/textilfy.es\/fr\/impression\/tissus-synthetiques\/similicuir-type-1\/","title":{"rendered":"Similicuir Type 1"},"content":{"rendered":"\n<details class=\"wp-block-details is-layout-flow wp-block-details-is-layout-flow\"><summary>Notre cuir synth\u00e9tique Type 1 est polyvalent et r\u00e9sistant, c\u2019est la solution id\u00e9ale pour les projets de rembourrage, la d\u00e9coration int\u00e9rieure, les accessoires automobiles et de mode comme les sacs. Ce similicuir de haute qualit\u00e9, con\u00e7u pour imiter le vrai cuir, est le choix privil\u00e9gi\u00e9 des professionnels et des amateurs pour un large \u00e9ventail d\u2019applications. <br><\/summary>\n<p><strong>Usages polyvalents<\/strong> : Nos clients choisissent le cuir synth\u00e9tique Type 1 pour sa flexibilit\u00e9 et sa durabilit\u00e9. C\u2019est parfait pour cr\u00e9er des sacs styl\u00e9s, des portefeuilles, des t\u00eates de lit sur mesure, et bien plus encore. Son adaptabilit\u00e9 en fait un id\u00e9al aussi bien pour des projets de d\u00e9coration int\u00e9rieure que pour les accessoires de mode.  <\/p>\n\n\n\n<p><strong>Qualit\u00e9 et durabilit\u00e9<\/strong> : Avec un rev\u00eatement protecteur sp\u00e9cial, notre simili cuir offre une bonne r\u00e9sistance au frottement et \u00e0 l\u2019usure. Cette couche protectrice garantit que vos projets conservent leur beaut\u00e9 et leur fonctionnalit\u00e9. <\/p>\n\n\n\n<p><strong>Respectueux de l\u2019environnement et s\u00fbrs<\/strong> : Engag\u00e9 envers l\u2019environnement et la s\u00e9curit\u00e9 de nos clients, le cuir synth\u00e9tique Type 1 est imprim\u00e9 avec des encres \u00e0 base d\u2019eau. Ces encres sont\u00ae certifi\u00e9es ECO GREENGUARD, garantissant que votre produit est imprim\u00e9 avec des teintures \u00e9cologiques et s\u00fbr pour tous types d\u2019environnements. <\/p>\n\n\n\n<p><strong>Style et vari\u00e9t\u00e9 : Disponible<\/strong> pour l\u2019impression en couleur, notre simili cuir, faisant partie de la famille des <a href=\"https:\/\/textilfy.es\/tejidos-sinteticos\/\">tissus<\/a> synth\u00e9tiques, vous permet d\u2019explorer votre cr\u00e9ativit\u00e9 et d\u2019adapter vos projets \u00e0 n\u2019importe quel style ou besoin.<\/p>\n<\/details>\n","protected":false},"excerpt":{"rendered":"","protected":false},"featured_media":286782,"comment_status":"open","ping_status":"closed","template":"","meta":{"inline_featured_image":false},"product_brand":[],"product_cat":[218],"product_tag":[],"class_list":{"0":"post-291523","1":"product","2":"type-product","3":"status-publish","4":"has-post-thumbnail","6":"product_cat-tissus-synthetiques","7":"sales-flash-overlay","8":"woocommerce-text-align-center","9":"woocommerce-image-align-center","10":"do-quantity-buttons","12":"first","13":"instock","14":"taxable","15":"shipping-taxable","16":"purchasable","17":"product-type-variable","18":"has-default-attributes"},"_links":{"self":[{"href":"https:\/\/textilfy.es\/fr\/wp-json\/wp\/v2\/product\/291523","targetHints":{"allow":["GET"]}}],"collection":[{"href":"https:\/\/textilfy.es\/fr\/wp-json\/wp\/v2\/product"}],"about":[{"href":"https:\/\/textilfy.es\/fr\/wp-json\/wp\/v2\/types\/product"}],"replies":[{"embeddable":true,"href":"https:\/\/textilfy.es\/fr\/wp-json\/wp\/v2\/comments?post=291523"}],"wp:featuredmedia":[{"embeddable":true,"href":"https:\/\/textilfy.es\/fr\/wp-json\/wp\/v2\/media\/286782"}],"wp:attachment":[{"href":"https:\/\/textilfy.es\/fr\/wp-json\/wp\/v2\/media?parent=291523"}],"wp:term":[{"taxonomy":"product_brand","embeddable":true,"href":"https:\/\/textilfy.es\/fr\/wp-json\/wp\/v2\/product_brand?post=291523"},{"taxonomy":"product_cat","embeddable":true,"href":"https:\/\/textilfy.es\/fr\/wp-json\/wp\/v2\/product_cat?post=291523"},{"taxonomy":"product_tag","embeddable":true,"href":"https:\/\/textilfy.es\/fr\/wp-json\/wp\/v2\/product_tag?post=291523"}],"curies":[{"name":"wp","href":"https:\/\/api.w.org\/{rel}","templated":true}]}}