{"id":291565,"date":"2023-04-26T16:52:19","date_gmt":"2023-04-26T14:52:19","guid":{"rendered":"https:\/\/textilfy.es\/impresion\/non%20class\u00e9\/viyella-visqueuse\/"},"modified":"2026-04-16T11:20:18","modified_gmt":"2026-04-16T09:20:18","slug":"viyella-visqueuse","status":"publish","type":"product","link":"https:\/\/textilfy.es\/fr\/impression\/tissus-naturels\/viyella-visqueuse\/","title":{"rendered":"Viyella visqueuse"},"content":{"rendered":"<div class=\"gb-container gb-container-ee9c135d\">\n<div class=\"gb-container gb-container-51ab5409\">\n<div class=\"gb-container gb-container-e618ddb4\">\n\n<p>Le tissu viscose Viyella est un mat\u00e9riau naturel largement utilis\u00e9 dans la fabrication de v\u00eatements, tels que les robes, les blouses et autres v\u00eatements \u00e0 la mode. Ce tissu combine les propri\u00e9t\u00e9s de la viscose mais est un peu plus \u00e9pais que notre autre viscose. Et la principale diff\u00e9rence est que le ligament dans ce cas est en serg\u00e9, ce qui lui conf\u00e8re \u00e9l\u00e9gance et distinction.  <\/p>\n\n\n\n<details class=\"wp-block-details is-layout-flow wp-block-details-is-layout-flow\"><summary>Caract\u00e9ristiques du tissu de viscose Viyella :<\/summary>\n<ol class=\"wp-block-list\">\n<li><strong>Composition des fibres naturelles : Le tissu viscose<\/strong> Viyella est principalement compos\u00e9 de viscose, une fibre d\u00e9riv\u00e9e de la cellulose du bois. Cette caract\u00e9ristique lui conf\u00e8re sa douceur et son confort, en faisant un choix id\u00e9al pour les v\u00eatements en contact direct avec la peau. <\/li>\n\n\n\n<li><strong>Respirabilit\u00e9<\/strong> : La viscose est reconnue pour sa capacit\u00e9 \u00e0 absorber l\u2019humidit\u00e9 et \u00e0 permettre \u00e0 la peau de respirer. Cela rend le tissu confortable \u00e0 porter par temps chaud et humide, car il aide \u00e0 maintenir la fra\u00eecheur et \u00e0 \u00e9viter la sensation de transpiration excessive. <\/li>\n\n\n\n<li><strong>Douceur et tomb\u00e9<\/strong> : La viscose conf\u00e8re au tissu une douceur semblable \u00e0 la soie et un tombement fluide, lui conf\u00e9rant une apparence \u00e9l\u00e9gante et agr\u00e9able. Cela rend le tissu id\u00e9al pour les v\u00eatements n\u00e9cessitant mobilit\u00e9 et fluidit\u00e9, comme les robes et les blouses. <\/li>\n\n\n\n<li><strong>Capacit\u00e9 d\u2019impression en couleur<\/strong> : Comme pour le reste de notre catalogue, nous offrons la possibilit\u00e9 d\u2019imprimer ce tissu en couleur. Cela signifie que le tissu viyella viscose se pr\u00eate parfaitement \u00e0 l\u2019impression de motifs vari\u00e9s, motifs et couleurs. Cela donne aux cr\u00e9ateurs et fabricants la flexibilit\u00e9 de cr\u00e9er des v\u00eatements \u00e0 la mode avec des imprim\u00e9s attrayants et personnalis\u00e9s.  <\/li>\n\n\n\n<li><strong>Polyvalence<\/strong> : Le tissu en viscose Viyella est polyvalent tant en termes de style que d\u2019occasion. Elle peut \u00eatre utilis\u00e9e pour cr\u00e9er des v\u00eatements d\u00e9contract\u00e9s et formels, selon le design et la confection. De plus, la possibilit\u00e9 d\u2019une impression en couleur la rend adapt\u00e9e \u00e0 une large gamme de v\u00eatements et de styles.  <\/li>\n\n\n\n<li><strong>Durabilit\u00e9<\/strong> : Malgr\u00e9 son apparence d\u00e9licate, ce tissu est r\u00e9sistant et peut conserver sa qualit\u00e9 avec des soins appropri\u00e9s, comme un lavage et un s\u00e9chage d\u00e9licats.<\/li>\n<\/ol>\n\n\n\n<p>Dans l\u2019ensemble, le tissu Viyella viscose est un choix attrayant parmi <a href=\"https:\/\/textilfy.es\/fr\/tissus-naturels\/\">les tissus naturels<\/a> pour les v\u00eatements, gr\u00e2ce \u00e0 sa douceur, sa respirabilit\u00e9 et sa capacit\u00e9 \u00e0 imprimer en couleur. Ce tissu favorise la cr\u00e9ativit\u00e9 dans la mode et permet la cr\u00e9ation de v\u00eatements uniques et \u00e9l\u00e9gants pour une grande vari\u00e9t\u00e9 d\u2019occasions. <\/p>\n<\/details>\n\n<\/div>\n<\/div>\n<\/div>","protected":false},"excerpt":{"rendered":"<p>Le tissu viscose Viyella est un mat\u00e9riau naturel largement utilis\u00e9 dans la fabrication de v\u00eatements, tels que les robes, les blouses et autres v\u00eatements \u00e0 la mode. Ce tissu combine les propri\u00e9t\u00e9s de la viscose mais est un peu plus \u00e9pais que notre autre viscose. Et la principale diff\u00e9rence est que le ligament dans ce &#8230; <a title=\"Viyella visqueuse\" class=\"read-more\" href=\"https:\/\/textilfy.es\/fr\/impression\/tissus-naturels\/viyella-visqueuse\/\" aria-label=\"Plus sur Viyella visqueuse\">Lire plus<\/a><\/p>\n","protected":false},"featured_media":262303,"comment_status":"open","ping_status":"closed","template":"","meta":{"inline_featured_image":false},"product_brand":[],"product_cat":[244],"product_tag":[],"class_list":{"0":"post-291565","1":"product","2":"type-product","3":"status-publish","4":"has-post-thumbnail","6":"product_cat-tissus-naturels","7":"sales-flash-overlay","8":"woocommerce-text-align-center","9":"woocommerce-image-align-center","10":"do-quantity-buttons","12":"first","13":"instock","14":"taxable","15":"shipping-taxable","16":"purchasable","17":"product-type-variable","18":"has-default-attributes"},"_links":{"self":[{"href":"https:\/\/textilfy.es\/fr\/wp-json\/wp\/v2\/product\/291565","targetHints":{"allow":["GET"]}}],"collection":[{"href":"https:\/\/textilfy.es\/fr\/wp-json\/wp\/v2\/product"}],"about":[{"href":"https:\/\/textilfy.es\/fr\/wp-json\/wp\/v2\/types\/product"}],"replies":[{"embeddable":true,"href":"https:\/\/textilfy.es\/fr\/wp-json\/wp\/v2\/comments?post=291565"}],"wp:featuredmedia":[{"embeddable":true,"href":"https:\/\/textilfy.es\/fr\/wp-json\/wp\/v2\/media\/262303"}],"wp:attachment":[{"href":"https:\/\/textilfy.es\/fr\/wp-json\/wp\/v2\/media?parent=291565"}],"wp:term":[{"taxonomy":"product_brand","embeddable":true,"href":"https:\/\/textilfy.es\/fr\/wp-json\/wp\/v2\/product_brand?post=291565"},{"taxonomy":"product_cat","embeddable":true,"href":"https:\/\/textilfy.es\/fr\/wp-json\/wp\/v2\/product_cat?post=291565"},{"taxonomy":"product_tag","embeddable":true,"href":"https:\/\/textilfy.es\/fr\/wp-json\/wp\/v2\/product_tag?post=291565"}],"curies":[{"name":"wp","href":"https:\/\/api.w.org\/{rel}","templated":true}]}}