{"id":291571,"date":"2023-04-26T16:52:08","date_gmt":"2023-04-26T14:52:08","guid":{"rendered":"https:\/\/textilfy.es\/impresion\/non%20class\u00e9\/popeline-polyester\/"},"modified":"2026-04-16T11:20:39","modified_gmt":"2026-04-16T09:20:39","slug":"popeline-polyester","status":"publish","type":"product","link":"https:\/\/textilfy.es\/fr\/impression\/tissus-synthetiques\/popeline-polyester\/","title":{"rendered":"Popeline polyester"},"content":{"rendered":"\n<p><\/p>\n\n<details class=\"wp-block-details is-layout-flow wp-block-details-is-layout-flow\"><summary>Tissu particuli\u00e8rement adapt\u00e9 \u00e0 la fabrication de masques, conforme \u00e0 la r\u00e9glementation actuelle concernant les masques r\u00e9utilisables. Il offre une filtration de particules de 0,3 micron de diam\u00e8tre et plus, ce qui \u00e9quivaut \u00e0 une efficacit\u00e9 de filtration d\u2019au moins 96 %.<br>Cette popeline polyester n\u2019irrite pas la peau et offre une excellente respirabilit\u00e9, avec une pression diff\u00e9rentielle &lt;de 43 PA\/cm2. <br><\/summary>\n<p>Une option pour les designers recherchant la durabilit\u00e9 sans sacrifier la l\u00e9g\u00e8ret\u00e9. Pesant seulement 83 grammes par m\u00e8tre carr\u00e9, ce tissu allie une construction robuste \u00e0 une sensation exceptionnellement l\u00e9g\u00e8re, id\u00e9ale pour un large \u00e9ventail d\u2019applications. <\/p>\n\n\n\n<p><strong>L\u00e9g\u00e8ret\u00e9 et r\u00e9sistance<\/strong>. Notre popeline polyester est non seulement douce au toucher, mais aussi extr\u00eamement fonctionnelle. Avec un poids optimal de 83g\/m\u00b2, il offre un tombement lisse et une finition parfaite pour tous types de v\u00eatements, des chemises et chemisiers aux robes et d\u00e9corations int\u00e9rieures.  <\/p>\n\n\n\n<p><strong>Durabilit\u00e9 et entretien facile.<\/strong>  Le polyester de haute qualit\u00e9 assure une r\u00e9sistance sup\u00e9rieure aux plis et un entretien facile, id\u00e9al pour un usage quotidien. Ce tissu r\u00e9siste au r\u00e9tr\u00e9cissement et conserve les couleurs lavage apr\u00e8s lavage, garantissant que vos cr\u00e9ations conservent leur aspect vibrant et frais au fil du temps. <\/p>\n\n\n\n<p><strong>Une toile polyvalente pour la cr\u00e9ativit\u00e9<\/strong>. Avec une surface lisse et une structure coh\u00e9rente, notre tissu en popeline polyester est la toile id\u00e9ale pour imprimer vos cr\u00e9ations personnalis\u00e9es. La qualit\u00e9 du mat\u00e9riau garantit que chaque d\u00e9tail est clairement captur\u00e9, offrant des tirages nets et vivants qui capturent l\u2019essence de votre vision cr\u00e9ative.  <\/p>\n\n\n\n<p><strong>Id\u00e9al pour tous types de projets.<\/strong>  Qu\u2019il s\u2019agisse de projets de mode, d\u2019\u00e9v\u00e9nements ou de d\u00e9coration int\u00e9rieure, notre tissu en popeline polyester est adapt\u00e9 \u00e0 vos besoins sp\u00e9cifiques. Offrant une combinaison parfaite de douceur, de flexibilit\u00e9 et de structure, c\u2019est le choix judicieux pour ceux qui exigent la meilleure qualit\u00e9 sans compromettre <a href=\"https:\/\/textilfy.es\/tejidos-sinteticos\/\">les tissus synth\u00e9tiques<\/a>. <\/p>\n<\/details>\n","protected":false},"excerpt":{"rendered":"","protected":false},"featured_media":287988,"comment_status":"open","ping_status":"closed","template":"","meta":{"inline_featured_image":false},"product_brand":[],"product_cat":[218],"product_tag":[],"class_list":{"0":"post-291571","1":"product","2":"type-product","3":"status-publish","4":"has-post-thumbnail","6":"product_cat-tissus-synthetiques","7":"sales-flash-overlay","8":"woocommerce-text-align-center","9":"woocommerce-image-align-center","10":"do-quantity-buttons","12":"first","13":"instock","14":"taxable","15":"shipping-taxable","16":"purchasable","17":"product-type-variable","18":"has-default-attributes"},"_links":{"self":[{"href":"https:\/\/textilfy.es\/fr\/wp-json\/wp\/v2\/product\/291571","targetHints":{"allow":["GET"]}}],"collection":[{"href":"https:\/\/textilfy.es\/fr\/wp-json\/wp\/v2\/product"}],"about":[{"href":"https:\/\/textilfy.es\/fr\/wp-json\/wp\/v2\/types\/product"}],"replies":[{"embeddable":true,"href":"https:\/\/textilfy.es\/fr\/wp-json\/wp\/v2\/comments?post=291571"}],"wp:featuredmedia":[{"embeddable":true,"href":"https:\/\/textilfy.es\/fr\/wp-json\/wp\/v2\/media\/287988"}],"wp:attachment":[{"href":"https:\/\/textilfy.es\/fr\/wp-json\/wp\/v2\/media?parent=291571"}],"wp:term":[{"taxonomy":"product_brand","embeddable":true,"href":"https:\/\/textilfy.es\/fr\/wp-json\/wp\/v2\/product_brand?post=291571"},{"taxonomy":"product_cat","embeddable":true,"href":"https:\/\/textilfy.es\/fr\/wp-json\/wp\/v2\/product_cat?post=291571"},{"taxonomy":"product_tag","embeddable":true,"href":"https:\/\/textilfy.es\/fr\/wp-json\/wp\/v2\/product_tag?post=291571"}],"curies":[{"name":"wp","href":"https:\/\/api.w.org\/{rel}","templated":true}]}}