{"id":291580,"date":"2023-04-26T16:52:03","date_gmt":"2023-04-26T14:52:03","guid":{"rendered":"https:\/\/textilfy.es\/impresion\/non%20class\u00e9\/papier-peint-traditionnel\/"},"modified":"2026-04-16T16:50:34","modified_gmt":"2026-04-16T14:50:34","slug":"papier-peint-traditionnel","status":"publish","type":"product","link":"https:\/\/textilfy.es\/fr\/impression\/fonds-decran\/papier-peint-traditionnel\/","title":{"rendered":"Papier peint traditionnel"},"content":{"rendered":"\n<details class=\"wp-block-details is-layout-flow wp-block-details-is-layout-flow\"><summary>Le papier peint traditionnel est la solution id\u00e9ale pour ceux qui souhaitent d\u00e9corer leur espace avec une touche classique et personnalis\u00e9e. Ce papier peint, avec sa texture lisse et sa finition de haute qualit\u00e9, est le classique \u00ab papier peint \u00bb, id\u00e9al \u00e0 appliquer sur n\u2019importe quel mur de votre maison ou de votre bureau. Bien que nous recommandions l\u2019utilisation de papier vinyle pour les zones humides comme les cuisines et les salles de bains, notre papier peint traditionnel convient parfaitement \u00e0 la plupart des espaces int\u00e9rieurs.  <\/summary>\n<p><\/p>\n\n\n\n<p>Imprim\u00e9 en couleur, ce papier peint permet une application facile et pr\u00e9cise avec de la colle de peintre. Sa polyvalence vous permet d\u2019int\u00e9grer vos propres photos ou designs personnalis\u00e9s, transformant n\u2019importe quelle pi\u00e8ce en un espace unique et chaleureux. Que vous souhaitiez un look moderne, un th\u00e8me classique ou quelque chose de totalement original, notre papier peint est le choix id\u00e9al pour refl\u00e9ter votre style personnel dans votre d\u00e9coration.  <\/p>\n\n\n\n<p>Pour ceux qui souhaitent voir et ressentir la qualit\u00e9 de notre produit avant l\u2019achat, nous proposons des \u00e9chantillons dans notre catalogue de tissus. Ces \u00e9chantillons permettent une appr\u00e9ciation approfondie de la texture et de la couleur, aidant ainsi \u00e0 prendre une d\u00e9cision. Nous avons trois types diff\u00e9rents de papier peint, chacun con\u00e7u pour r\u00e9pondre \u00e0 diff\u00e9rents besoins et pr\u00e9f\u00e9rences de d\u00e9coration.  <\/p>\n\n\n\n<p>Notre papier peint traditionnel est un excellent choix pour ceux qui souhaitent personnaliser leurs espaces avec qualit\u00e9 et style. Offrant durabilit\u00e9, facilit\u00e9 d\u2019application et possibilit\u00e9 de personnalisation compl\u00e8te, il est le compl\u00e9ment parfait pour tout projet de d\u00e9coration int\u00e9rieure. <\/p>\n<\/details>\n\n<p><\/p>\n","protected":false},"excerpt":{"rendered":"","protected":false},"featured_media":291585,"comment_status":"open","ping_status":"closed","template":"","meta":{"inline_featured_image":false},"product_brand":[],"product_cat":[390],"product_tag":[],"class_list":{"0":"post-291580","1":"product","2":"type-product","3":"status-publish","4":"has-post-thumbnail","6":"product_cat-fonds-decran","7":"sales-flash-overlay","8":"woocommerce-text-align-center","9":"woocommerce-image-align-center","10":"do-quantity-buttons","12":"first","13":"instock","14":"taxable","15":"shipping-taxable","16":"purchasable","17":"product-type-variable","18":"has-default-attributes"},"_links":{"self":[{"href":"https:\/\/textilfy.es\/fr\/wp-json\/wp\/v2\/product\/291580","targetHints":{"allow":["GET"]}}],"collection":[{"href":"https:\/\/textilfy.es\/fr\/wp-json\/wp\/v2\/product"}],"about":[{"href":"https:\/\/textilfy.es\/fr\/wp-json\/wp\/v2\/types\/product"}],"replies":[{"embeddable":true,"href":"https:\/\/textilfy.es\/fr\/wp-json\/wp\/v2\/comments?post=291580"}],"wp:featuredmedia":[{"embeddable":true,"href":"https:\/\/textilfy.es\/fr\/wp-json\/wp\/v2\/media\/291585"}],"wp:attachment":[{"href":"https:\/\/textilfy.es\/fr\/wp-json\/wp\/v2\/media?parent=291580"}],"wp:term":[{"taxonomy":"product_brand","embeddable":true,"href":"https:\/\/textilfy.es\/fr\/wp-json\/wp\/v2\/product_brand?post=291580"},{"taxonomy":"product_cat","embeddable":true,"href":"https:\/\/textilfy.es\/fr\/wp-json\/wp\/v2\/product_cat?post=291580"},{"taxonomy":"product_tag","embeddable":true,"href":"https:\/\/textilfy.es\/fr\/wp-json\/wp\/v2\/product_tag?post=291580"}],"curies":[{"name":"wp","href":"https:\/\/api.w.org\/{rel}","templated":true}]}}