{"id":291595,"date":"2023-04-26T16:52:04","date_gmt":"2023-04-26T14:52:04","guid":{"rendered":"https:\/\/textilfy.es\/impresion\/non%20class\u00e9\/velours\/"},"modified":"2026-04-16T11:20:39","modified_gmt":"2026-04-16T09:20:39","slug":"velours","status":"publish","type":"product","link":"https:\/\/textilfy.es\/fr\/impression\/tissus-synthetiques\/velours\/","title":{"rendered":"Velours"},"content":{"rendered":"\n<details class=\"wp-block-details is-layout-flow wp-block-details-is-layout-flow\"><summary>Velours de haute qualit\u00e9, \u00e9galement appel\u00e9 velours. Ce tissu poilu, avec un poil court et dense, offre une douceur exceptionnelle au toucher, en faisant le choix id\u00e9al pour les projets de rembourrage et de d\u00e9coration int\u00e9rieure. <br><\/summary>\n<p><strong>Une douceur et un confort incomparables<\/strong> : Velvet se distingue par sa texture velout\u00e9e et riche, qui apporte un sentiment de luxe et de confort \u00e0 tout espace. Sa douceur est in\u00e9gal\u00e9e, ce qui en fait un endroit id\u00e9al pour les canap\u00e9s, coussins, rembourrages et autres \u00e9l\u00e9ments d\u00e9coratifs de votre maison. <\/p>\n\n\n\n<p><strong>R\u00e9sistance et durabilit\u00e9 : Avec<\/strong> un martindale de 75 000 cycles, notre velours est con\u00e7u pour r\u00e9sister \u00e0 l\u2019usage quotidien, tout en conservant sa beaut\u00e9 et sa texture au fil du temps. Cette durabilit\u00e9 en fait la perfection pour les accessoires et meubles n\u00e9cessitant un tissu r\u00e9sistant et durable. <\/p>\n\n\n\n<p><strong>Protection avanc\u00e9e<\/strong> : \u00c9quip\u00e9e d\u2019un traitement anti-taches, notre velours offre un nettoyage et un entretien faciles, garantissant que les taches et les \u00e9claboussures ne posent aucun probl\u00e8me. Cette caract\u00e9ristique la rend id\u00e9ale pour les foyers avec enfants ou animaux de compagnie, ainsi que pour les espaces tr\u00e8s fr\u00e9quent\u00e9s. <\/p>\n\n\n\n<p><strong>Meilleur support et r\u00e9gularit\u00e9<\/strong> : Gr\u00e2ce \u00e0 son tissu de soutien, notre velours gagne en consistance et en poids, offrant une qualit\u00e9 sup\u00e9rieure et une plus grande facilit\u00e9 de manipulation dans tous types de projets d\u00e9coratifs.<\/p>\n\n\n\n<p><strong>Polyvalence et style : Disponible<\/strong> pour l\u2019impression en couleur, notre velours, dans la <a href=\"https:\/\/textilfy.es\/tejidos-sinteticos\/\">cat\u00e9gorie des tissus synth\u00e9tiques<\/a>, s\u2019adapte \u00e0 tout design d\u2019int\u00e9rieur, du classique au moderne, apportant une touche d\u2019\u00e9l\u00e9gance et de sophistication \u00e0 tout environnement. Les couleurs sont vives et le r\u00e9sultat d\u00e9j\u00e0 imprim\u00e9 attire l\u2019\u0153il. <\/p>\n<\/details>\n","protected":false},"excerpt":{"rendered":"<p>Ce tissu est aussi appel\u00e9 velours. Le velours est un type de tissu hirsute avec des poils courts, dense et tr\u00e8s doux au toucher. Il peut \u00eatre utilis\u00e9 pour la fabrication de rembourrage et de produits m\u00e9nagers. Il dispose d\u2019un traitement anti-taches et d\u2019un martindale de 75 000 cycles. Tissu sp\u00e9cial pour la saison hivernale.    <\/p>\n","protected":false},"featured_media":286787,"comment_status":"open","ping_status":"closed","template":"","meta":{"inline_featured_image":false},"product_brand":[],"product_cat":[218],"product_tag":[],"class_list":{"0":"post-291595","1":"product","2":"type-product","3":"status-publish","4":"has-post-thumbnail","6":"product_cat-tissus-synthetiques","7":"sales-flash-overlay","8":"woocommerce-text-align-center","9":"woocommerce-image-align-center","10":"do-quantity-buttons","12":"first","13":"instock","14":"taxable","15":"shipping-taxable","16":"purchasable","17":"product-type-variable","18":"has-default-attributes"},"_links":{"self":[{"href":"https:\/\/textilfy.es\/fr\/wp-json\/wp\/v2\/product\/291595","targetHints":{"allow":["GET"]}}],"collection":[{"href":"https:\/\/textilfy.es\/fr\/wp-json\/wp\/v2\/product"}],"about":[{"href":"https:\/\/textilfy.es\/fr\/wp-json\/wp\/v2\/types\/product"}],"replies":[{"embeddable":true,"href":"https:\/\/textilfy.es\/fr\/wp-json\/wp\/v2\/comments?post=291595"}],"wp:featuredmedia":[{"embeddable":true,"href":"https:\/\/textilfy.es\/fr\/wp-json\/wp\/v2\/media\/286787"}],"wp:attachment":[{"href":"https:\/\/textilfy.es\/fr\/wp-json\/wp\/v2\/media?parent=291595"}],"wp:term":[{"taxonomy":"product_brand","embeddable":true,"href":"https:\/\/textilfy.es\/fr\/wp-json\/wp\/v2\/product_brand?post=291595"},{"taxonomy":"product_cat","embeddable":true,"href":"https:\/\/textilfy.es\/fr\/wp-json\/wp\/v2\/product_cat?post=291595"},{"taxonomy":"product_tag","embeddable":true,"href":"https:\/\/textilfy.es\/fr\/wp-json\/wp\/v2\/product_tag?post=291595"}],"curies":[{"name":"wp","href":"https:\/\/api.w.org\/{rel}","templated":true}]}}