{"id":291604,"date":"2023-04-26T16:52:03","date_gmt":"2023-04-26T14:52:03","guid":{"rendered":"https:\/\/textilfy.es\/impresion\/non%20class\u00e9\/papier-peint-vinyle-uni\/"},"modified":"2026-04-16T11:20:39","modified_gmt":"2026-04-16T09:20:39","slug":"papier-peint-vinyle-uni","status":"publish","type":"product","link":"https:\/\/textilfy.es\/fr\/impression\/fonds-decran\/papier-peint-vinyle-uni\/","title":{"rendered":"Papier peint vinyle uni"},"content":{"rendered":"\n<details class=\"wp-block-details is-layout-flow wp-block-details-is-layout-flow\"><summary>Le papier peint vinyle uni est une option moderne et \u00e9l\u00e9gante de d\u00e9coration int\u00e9rieure, parfaite pour ceux qui recherchent une finition sophistiqu\u00e9e et minimaliste. Ce papier vinyle, de la marque Canon, avec sa texture lisse, offre une finition soign\u00e9e et uniforme qui s\u2019adapte parfaitement \u00e0 tous les espaces, y compris dans les zones \u00e0 forte humidit\u00e9 comme les salles de bains et les cuisines. Sa nature vinyle assure une r\u00e9sistance \u00e0 l\u2019humidit\u00e9 et facilite le nettoyage avec un simple chiffon humide, ce qui en fait une option pratique et durable pour la maison et les espaces commerciaux.  <\/summary>\n<p><\/p>\n\n\n\n<p>Son installation est simple, r\u00e9alis\u00e9e avec de la colle de peintre, ce qui permet une application efficace et simple. La simplicit\u00e9 et l\u2019\u00e9l\u00e9gance de la texture lisse de ce papier peint en vinyle lui permettent de compl\u00e9ter une large gamme de styles d\u00e9coratifs, des plus modernes aux plus classiques. <\/p>\n\n\n\n<p>Le papier peint en vinyle uni est un choix exceptionnel pour ceux qui recherchent un rev\u00eatement mural pratique, durable et esth\u00e9tiquement polyvalent. Sa combinaison de fonctionnalit\u00e9, de r\u00e9sistance \u00e0 l\u2019humidit\u00e9 et de style \u00e9l\u00e9gant en fait un choix id\u00e9al pour un large \u00e9ventail d\u2019applications de d\u00e9coration int\u00e9rieure. <\/p>\n<\/details>\n","protected":false},"excerpt":{"rendered":"","protected":false},"featured_media":262293,"comment_status":"open","ping_status":"closed","template":"","meta":{"inline_featured_image":false},"product_brand":[],"product_cat":[390],"product_tag":[],"class_list":{"0":"post-291604","1":"product","2":"type-product","3":"status-publish","4":"has-post-thumbnail","6":"product_cat-fonds-decran","7":"sales-flash-overlay","8":"woocommerce-text-align-center","9":"woocommerce-image-align-center","10":"do-quantity-buttons","12":"first","13":"instock","14":"taxable","15":"shipping-taxable","16":"purchasable","17":"product-type-variable","18":"has-default-attributes"},"_links":{"self":[{"href":"https:\/\/textilfy.es\/fr\/wp-json\/wp\/v2\/product\/291604","targetHints":{"allow":["GET"]}}],"collection":[{"href":"https:\/\/textilfy.es\/fr\/wp-json\/wp\/v2\/product"}],"about":[{"href":"https:\/\/textilfy.es\/fr\/wp-json\/wp\/v2\/types\/product"}],"replies":[{"embeddable":true,"href":"https:\/\/textilfy.es\/fr\/wp-json\/wp\/v2\/comments?post=291604"}],"wp:featuredmedia":[{"embeddable":true,"href":"https:\/\/textilfy.es\/fr\/wp-json\/wp\/v2\/media\/262293"}],"wp:attachment":[{"href":"https:\/\/textilfy.es\/fr\/wp-json\/wp\/v2\/media?parent=291604"}],"wp:term":[{"taxonomy":"product_brand","embeddable":true,"href":"https:\/\/textilfy.es\/fr\/wp-json\/wp\/v2\/product_brand?post=291604"},{"taxonomy":"product_cat","embeddable":true,"href":"https:\/\/textilfy.es\/fr\/wp-json\/wp\/v2\/product_cat?post=291604"},{"taxonomy":"product_tag","embeddable":true,"href":"https:\/\/textilfy.es\/fr\/wp-json\/wp\/v2\/product_tag?post=291604"}],"curies":[{"name":"wp","href":"https:\/\/api.w.org\/{rel}","templated":true}]}}