{"id":291614,"date":"2023-04-26T16:51:52","date_gmt":"2023-04-26T14:51:52","guid":{"rendered":"https:\/\/textilfy.es\/impresion\/non%20class\u00e9\/semi-soie\/"},"modified":"2026-04-16T11:20:59","modified_gmt":"2026-04-16T09:20:59","slug":"semi-soie","status":"publish","type":"product","link":"https:\/\/textilfy.es\/fr\/impression\/tissus-synthetiques\/semi-soie\/","title":{"rendered":"Semi-soie"},"content":{"rendered":"<p>Tissu en tissage satin\u00e9 avec un peu de brillance et un tr\u00e8s bon drapage. Parfait pour confectionner des v\u00eatements comme des blouses, des robes, des jupes et des foulards. Essayez d\u2019imiter la soie naturelle avec une tr\u00e8s bonne performance color\u00e9e pour le polyester.  <\/p>\n\n<details class=\"wp-block-details is-layout-flow wp-block-details-is-layout-flow\"><summary>D\u00e9couvrez l\u2019\u00e9l\u00e9gance et la polyvalence du tissu semi-soie pour votre prochaine cr\u00e9ation. Voici quelques-unes de ses caract\u00e9ristiques les plus notables : <br><\/summary>\n<ul class=\"wp-block-list\">\n<li><strong>Brillance subtile et drap\u00e9 exceptionnel :<\/strong> Le tissu semi-soie a une l\u00e9g\u00e8re brillance qui ajoute une touche de sophistication \u00e0 vos cr\u00e9ations. De plus, sa chute douce lui conf\u00e8re un mouvement \u00e9l\u00e9gant, parfait pour des v\u00eatements fluides et \u00e9l\u00e9gants. <\/li>\n\n\n\n<li><strong>Imitation de la soie naturelle :<\/strong> Con\u00e7u pour imiter l\u2019apparence et la sensation de la soie naturelle, ce tissu offre un \u00e9quilibre id\u00e9al entre luxe et accessibilit\u00e9 financi\u00e8re. Vous pouvez d\u00e9sormais profiter de l\u2019\u00e9l\u00e9gance de la soie sans compromettre la durabilit\u00e9 et la qualit\u00e9 des couleurs. <\/li>\n\n\n\n<li><strong>Couleurs exceptionnelles : <\/strong>Gr\u00e2ce \u00e0 sa composition polyester de haute qualit\u00e9, notre tissu semi-soie offre une performance color\u00e9e exceptionnelle. Vos cr\u00e9ations prendront vie avec une clart\u00e9 et une vivacit\u00e9 \u00e9tonnantes, mettant en valeur chaque d\u00e9tail. <\/li>\n\n\n\n<li><strong>Impression en quatre couleurs :<\/strong> Des motifs simples aux rapports abstraits, votre cr\u00e9ativit\u00e9 n\u2019est pas limit\u00e9e, car vous pouvez imprimer ce tissu en quatre couleurs \u00e0 partir d\u2019un m\u00e8tre.<\/li>\n<\/ul>\n\n\n\n<p>Si vous avez encore besoin de plus de brillance, nous recommandons <a href=\"https:\/\/pro.textilfy.es\/imprime-textil\/tejidos-sinteticos\/saten-poliester\/\">du satin polyester<\/a>. Il est plus lumineux et la performance couleur est encore meilleure. <\/p>\n\n\n\n<p>Il est important de savoir que l\u2019impression au dos n\u2019a pas la m\u00eame intensit\u00e9 que le c\u00f4t\u00e9 sur lequel elle est imprim\u00e9e. Il est quelque peu transparent, mais le revers reste blanc, non imprim\u00e9. <\/p>\n\n\n\n<p>Essayez notre tissu semi-soie pour le confort, l\u2019\u00e9clat et la polyvalence dans vos projets de couture. Lib\u00e9rez votre cr\u00e9ativit\u00e9 avec notre impression num\u00e9rique en couleur et cr\u00e9ez des v\u00eatements uniques ! <\/p>\n<\/details>\n","protected":false},"excerpt":{"rendered":"<p>Tissu avec tissage satin\u00e9 avec un peu de brillance et un tr\u00e8s bon tombement. Parfait pour confectionner des v\u00eatements comme des blouses, des robes, des jupes et des foulards. Essayez d\u2019imiter la soie naturelle avec une tr\u00e8s bonne performance color\u00e9e pour la rendre en polyester.  <\/p>\n","protected":false},"featured_media":289642,"comment_status":"open","ping_status":"closed","template":"","meta":{"inline_featured_image":false},"product_brand":[],"product_cat":[218],"product_tag":[],"class_list":{"0":"post-291614","1":"product","2":"type-product","3":"status-publish","4":"has-post-thumbnail","6":"product_cat-tissus-synthetiques","7":"sales-flash-overlay","8":"woocommerce-text-align-center","9":"woocommerce-image-align-center","10":"do-quantity-buttons","12":"first","13":"instock","14":"taxable","15":"shipping-taxable","16":"purchasable","17":"product-type-variable","18":"has-default-attributes"},"_links":{"self":[{"href":"https:\/\/textilfy.es\/fr\/wp-json\/wp\/v2\/product\/291614","targetHints":{"allow":["GET"]}}],"collection":[{"href":"https:\/\/textilfy.es\/fr\/wp-json\/wp\/v2\/product"}],"about":[{"href":"https:\/\/textilfy.es\/fr\/wp-json\/wp\/v2\/types\/product"}],"replies":[{"embeddable":true,"href":"https:\/\/textilfy.es\/fr\/wp-json\/wp\/v2\/comments?post=291614"}],"wp:featuredmedia":[{"embeddable":true,"href":"https:\/\/textilfy.es\/fr\/wp-json\/wp\/v2\/media\/289642"}],"wp:attachment":[{"href":"https:\/\/textilfy.es\/fr\/wp-json\/wp\/v2\/media?parent=291614"}],"wp:term":[{"taxonomy":"product_brand","embeddable":true,"href":"https:\/\/textilfy.es\/fr\/wp-json\/wp\/v2\/product_brand?post=291614"},{"taxonomy":"product_cat","embeddable":true,"href":"https:\/\/textilfy.es\/fr\/wp-json\/wp\/v2\/product_cat?post=291614"},{"taxonomy":"product_tag","embeddable":true,"href":"https:\/\/textilfy.es\/fr\/wp-json\/wp\/v2\/product_tag?post=291614"}],"curies":[{"name":"wp","href":"https:\/\/api.w.org\/{rel}","templated":true}]}}