{"id":291638,"date":"2023-04-26T16:52:02","date_gmt":"2023-04-26T14:52:02","guid":{"rendered":"https:\/\/textilfy.es\/impresion\/non%20class\u00e9\/toile-de-papier-peint-en-vinyle\/"},"modified":"2026-04-16T11:20:58","modified_gmt":"2026-04-16T09:20:58","slug":"toile-de-papier-peint-en-vinyle","status":"publish","type":"product","link":"https:\/\/textilfy.es\/fr\/impression\/fonds-decran\/toile-de-papier-peint-en-vinyle\/","title":{"rendered":"Toile de papier peint en vinyle"},"content":{"rendered":"\n<details class=\"wp-block-details is-layout-flow wp-block-details-is-layout-flow\"><summary>Le papier peint vinyle en toile de marque Canon est un excellent choix pour ceux qui recherchent un rev\u00eatement mural durable et esth\u00e9tiquement attrayant. Gr\u00e2ce \u00e0 sa texture en toile, ce papier vinyle apporte non seulement une finition originale et \u00e9l\u00e9gante \u00e0 n\u2019importe quelle pi\u00e8ce, mais est aussi id\u00e9al pour les zones \u00e0 faible humidit\u00e9, comme les salles de bain et les cuisines. Sa capacit\u00e9 \u00e0 r\u00e9sister \u00e0 l\u2019humidit\u00e9 et la facilit\u00e9 avec laquelle il peut \u00eatre nettoy\u00e9 avec un chiffon humide le rendent exceptionnellement pratique et facile \u00e0 entretenir.  <\/summary>\n<p><\/p>\n\n\n\n<p>L\u2019application de ce papier peint en toile vinyle est simple et se fait avec de la colle de peintre, ce qui permet une installation rapide et efficace. Cette caract\u00e9ristique en fait un choix populaire pour les projets de r\u00e9novation et de d\u00e9coration, aussi bien dans les maisons que dans les espaces commerciaux. <\/p>\n\n\n\n<p>De plus, la texture de toile de ce papier peint vinyle Canon met non seulement en valeur l\u2019apparence des murs, mais ajoute aussi une touche de sophistication et de profondeur au design int\u00e9rieur. Qu\u2019il soit utilis\u00e9 pour couvrir un mur entier ou comme accent dans une section sp\u00e9cifique, ce document offre un parfait \u00e9quilibre entre fonctionnalit\u00e9 et style.   <\/p>\n\n\n\n<p>La toile de papier peint en vinyle est la solution id\u00e9ale pour ceux qui recherchent un rev\u00eatement mural alliant durabilit\u00e9, facilit\u00e9 d\u2019entretien et beaut\u00e9 esth\u00e9tique. Sa r\u00e9sistance \u00e0 l\u2019humidit\u00e9 et sa texture unique en font un excellent choix pour un large \u00e9ventail d\u2019applications de d\u00e9coration int\u00e9rieure. <\/p>\n\n\n\n<p><\/p>\n<\/details>\n","protected":false},"excerpt":{"rendered":"","protected":false},"featured_media":262291,"comment_status":"open","ping_status":"closed","template":"","meta":{"inline_featured_image":false},"product_brand":[],"product_cat":[390],"product_tag":[],"class_list":{"0":"post-291638","1":"product","2":"type-product","3":"status-publish","4":"has-post-thumbnail","6":"product_cat-fonds-decran","7":"sales-flash-overlay","8":"woocommerce-text-align-center","9":"woocommerce-image-align-center","10":"do-quantity-buttons","12":"first","13":"instock","14":"taxable","15":"shipping-taxable","16":"purchasable","17":"product-type-variable","18":"has-default-attributes"},"_links":{"self":[{"href":"https:\/\/textilfy.es\/fr\/wp-json\/wp\/v2\/product\/291638","targetHints":{"allow":["GET"]}}],"collection":[{"href":"https:\/\/textilfy.es\/fr\/wp-json\/wp\/v2\/product"}],"about":[{"href":"https:\/\/textilfy.es\/fr\/wp-json\/wp\/v2\/types\/product"}],"replies":[{"embeddable":true,"href":"https:\/\/textilfy.es\/fr\/wp-json\/wp\/v2\/comments?post=291638"}],"wp:featuredmedia":[{"embeddable":true,"href":"https:\/\/textilfy.es\/fr\/wp-json\/wp\/v2\/media\/262291"}],"wp:attachment":[{"href":"https:\/\/textilfy.es\/fr\/wp-json\/wp\/v2\/media?parent=291638"}],"wp:term":[{"taxonomy":"product_brand","embeddable":true,"href":"https:\/\/textilfy.es\/fr\/wp-json\/wp\/v2\/product_brand?post=291638"},{"taxonomy":"product_cat","embeddable":true,"href":"https:\/\/textilfy.es\/fr\/wp-json\/wp\/v2\/product_cat?post=291638"},{"taxonomy":"product_tag","embeddable":true,"href":"https:\/\/textilfy.es\/fr\/wp-json\/wp\/v2\/product_tag?post=291638"}],"curies":[{"name":"wp","href":"https:\/\/api.w.org\/{rel}","templated":true}]}}