{"id":291655,"date":"2023-04-26T16:51:43","date_gmt":"2023-04-26T14:51:43","guid":{"rendered":"https:\/\/textilfy.es\/impresion\/non%20class\u00e9\/voile-de-coton\/"},"modified":"2026-04-16T11:21:00","modified_gmt":"2026-04-16T09:21:00","slug":"voile-de-coton","status":"publish","type":"product","link":"https:\/\/textilfy.es\/fr\/impression\/tissus-naturels\/voile-de-coton\/","title":{"rendered":"Voile de coton"},"content":{"rendered":"\n<details class=\"wp-block-details is-layout-flow wp-block-details-is-layout-flow\"><summary>D\u00e9couvrez la douceur de notre voile en coton, un choix naturel pour fabriquer des foulards. Ce tissu fin et \u00e9l\u00e9gant est id\u00e9al pour ceux qui recherchent qualit\u00e9 et style dans leurs accessoires de mode. <br><br><\/summary>\n<p><strong>Souple et l\u00e9ger : <\/strong>Notre voile en coton se distingue par sa douceur au toucher et sa l\u00e9g\u00e8ret\u00e9, offrant une sensation agr\u00e9able et r\u00e9confortante. Sa texture d\u00e9licate en fait un mod\u00e8le parfait pour les \u00e9charpes alliant confort et \u00e9l\u00e9gance. <\/p>\n\n\n\n<p><strong>Transparence exquise<\/strong> : Sa transparence apporte une touche de d\u00e9licatesse et de sophistication \u00e0 tout design, permettant \u00e0 l\u2019encre de p\u00e9n\u00e9trer le revers en pourcentage \u00e9lev\u00e9. Sa nature semi-transparente en fait un tissu tr\u00e8s recherch\u00e9 pour les foulards. <\/p>\n\n\n\n<p><strong>Perm\u00e9abilit\u00e9 unique \u00e0 l\u2019encre<\/strong> : L\u2019une des qualit\u00e9s les plus importantes de notre voile en coton est sa capacit\u00e9 \u00e0 p\u00e9n\u00e9trer l\u2019encre \u00e0 l\u2019arri\u00e8re du tissu, bien plus que dans d\u2019autres mat\u00e9riaux.  <\/p>\n\n\n\n<p><strong>Polyvalence de conception :<\/strong> Gr\u00e2ce \u00e0 sa polyvalence, cette voile est parfaite pour une grande vari\u00e9t\u00e9 de styles et de mod\u00e8les, s\u2019adaptant \u00e0 diff\u00e9rentes tendances et pr\u00e9f\u00e9rences de mode.<\/p>\n\n\n\n<p>D\u00e9couvrez la beaut\u00e9 et la fonctionnalit\u00e9 de notre voile en coton pour vos prochains projets de mode. Avec notre tissu, chaque foulard devient une \u0153uvre d\u2019art. <\/p>\n<\/details>\n","protected":false},"excerpt":{"rendered":"<p>Un voile en coton fini et \u00e9l\u00e9gant pour confectionner des foulards. Il est tr\u00e8s doux, transparent et permet \u00e0 l\u2019encre de p\u00e9n\u00e9trer beaucoup plus \u00e0 l\u2019arri\u00e8re que dans d\u2019autres tissus. <\/p>\n","protected":false},"featured_media":289720,"comment_status":"open","ping_status":"closed","template":"","meta":{"inline_featured_image":false},"product_brand":[],"product_cat":[244],"product_tag":[],"class_list":{"0":"post-291655","1":"product","2":"type-product","3":"status-publish","4":"has-post-thumbnail","6":"product_cat-tissus-naturels","7":"sales-flash-overlay","8":"woocommerce-text-align-center","9":"woocommerce-image-align-center","10":"do-quantity-buttons","12":"first","13":"instock","14":"taxable","15":"shipping-taxable","16":"purchasable","17":"product-type-variable","18":"has-default-attributes"},"_links":{"self":[{"href":"https:\/\/textilfy.es\/fr\/wp-json\/wp\/v2\/product\/291655","targetHints":{"allow":["GET"]}}],"collection":[{"href":"https:\/\/textilfy.es\/fr\/wp-json\/wp\/v2\/product"}],"about":[{"href":"https:\/\/textilfy.es\/fr\/wp-json\/wp\/v2\/types\/product"}],"replies":[{"embeddable":true,"href":"https:\/\/textilfy.es\/fr\/wp-json\/wp\/v2\/comments?post=291655"}],"wp:featuredmedia":[{"embeddable":true,"href":"https:\/\/textilfy.es\/fr\/wp-json\/wp\/v2\/media\/289720"}],"wp:attachment":[{"href":"https:\/\/textilfy.es\/fr\/wp-json\/wp\/v2\/media?parent=291655"}],"wp:term":[{"taxonomy":"product_brand","embeddable":true,"href":"https:\/\/textilfy.es\/fr\/wp-json\/wp\/v2\/product_brand?post=291655"},{"taxonomy":"product_cat","embeddable":true,"href":"https:\/\/textilfy.es\/fr\/wp-json\/wp\/v2\/product_cat?post=291655"},{"taxonomy":"product_tag","embeddable":true,"href":"https:\/\/textilfy.es\/fr\/wp-json\/wp\/v2\/product_tag?post=291655"}],"curies":[{"name":"wp","href":"https:\/\/api.w.org\/{rel}","templated":true}]}}