{"id":291686,"date":"2023-04-26T16:51:31","date_gmt":"2023-04-26T14:51:31","guid":{"rendered":"https:\/\/textilfy.es\/impresion\/non%20class\u00e9\/serge-synthetique\/"},"modified":"2026-04-16T11:21:11","modified_gmt":"2026-04-16T09:21:11","slug":"serge-synthetique","status":"publish","type":"product","link":"https:\/\/textilfy.es\/fr\/impression\/tissus-synthetiques\/serge-synthetique\/","title":{"rendered":"Serg\u00e9 synth\u00e9tique"},"content":{"rendered":"\n<details class=\"wp-block-details is-layout-flow wp-block-details-is-layout-flow\"><summary>Le serg\u00e9 synth\u00e9tique est un v\u00e9ritable joyau dans le monde textile, reconnu et appr\u00e9ci\u00e9 aussi bien par les cr\u00e9ateurs que par les passionn\u00e9s de mode. Ce tissu, r\u00e9put\u00e9 pour son excellent tomb\u00e9 et sa douceur agr\u00e9able, se distingue par son adaptabilit\u00e9 exceptionnelle \u00e0 divers v\u00eatements. Ce n\u2019est pas seulement la texture qui la rend sp\u00e9ciale, mais aussi son \u00e9clat subtil, qui apporte une aura de sophistication et d\u2019\u00e9l\u00e9gance.  <br><\/summary>\n<p>La polyvalence du serg\u00e9 synth\u00e9tique en fait un mat\u00e9riau indispensable dans toute collection de mode. Qu\u2019il soit utilis\u00e9 pour confectionner une robe de bal ou pour donner vie \u00e0 une cravate \u00e9l\u00e9gante, ce tissu promet non seulement un look \u00e9poustouflant mais aussi une exp\u00e9rience confortable et durable. Sa r\u00e9sistance et sa facilit\u00e9 d\u2019entretien la rendent encore plus attrayante pour un usage quotidien et les occasions sp\u00e9ciales, r\u00e9affirmant ainsi sa pertinence dans le domaine des <a href=\"https:\/\/textilfy.es\/tejidos-sinteticos\/\">tissus synth\u00e9tiques<\/a>.  <\/p>\n\n\n\n<p>De plus, le serg\u00e9 synth\u00e9tique offre un large \u00e9ventail de possibilit\u00e9s en termes de performance des couleurs, permettant aux cr\u00e9atifs d\u2019exp\u00e9rimenter sans limites. Des teintes vives aux couleurs plus subtiles, chaque option sublime la beaut\u00e9 naturelle du tissu, garantissant que chaque v\u00eatement soit unique et accrocheur. <\/p>\n<\/details>\n","protected":false},"excerpt":{"rendered":"","protected":false},"featured_media":262285,"comment_status":"open","ping_status":"closed","template":"","meta":{"inline_featured_image":false},"product_brand":[],"product_cat":[218],"product_tag":[],"class_list":{"0":"post-291686","1":"product","2":"type-product","3":"status-publish","4":"has-post-thumbnail","6":"product_cat-tissus-synthetiques","7":"sales-flash-overlay","8":"woocommerce-text-align-center","9":"woocommerce-image-align-center","10":"do-quantity-buttons","12":"first","13":"instock","14":"taxable","15":"shipping-taxable","16":"purchasable","17":"product-type-variable","18":"has-default-attributes"},"_links":{"self":[{"href":"https:\/\/textilfy.es\/fr\/wp-json\/wp\/v2\/product\/291686","targetHints":{"allow":["GET"]}}],"collection":[{"href":"https:\/\/textilfy.es\/fr\/wp-json\/wp\/v2\/product"}],"about":[{"href":"https:\/\/textilfy.es\/fr\/wp-json\/wp\/v2\/types\/product"}],"replies":[{"embeddable":true,"href":"https:\/\/textilfy.es\/fr\/wp-json\/wp\/v2\/comments?post=291686"}],"wp:featuredmedia":[{"embeddable":true,"href":"https:\/\/textilfy.es\/fr\/wp-json\/wp\/v2\/media\/262285"}],"wp:attachment":[{"href":"https:\/\/textilfy.es\/fr\/wp-json\/wp\/v2\/media?parent=291686"}],"wp:term":[{"taxonomy":"product_brand","embeddable":true,"href":"https:\/\/textilfy.es\/fr\/wp-json\/wp\/v2\/product_brand?post=291686"},{"taxonomy":"product_cat","embeddable":true,"href":"https:\/\/textilfy.es\/fr\/wp-json\/wp\/v2\/product_cat?post=291686"},{"taxonomy":"product_tag","embeddable":true,"href":"https:\/\/textilfy.es\/fr\/wp-json\/wp\/v2\/product_tag?post=291686"}],"curies":[{"name":"wp","href":"https:\/\/api.w.org\/{rel}","templated":true}]}}