{"id":291716,"date":"2023-04-26T16:51:01","date_gmt":"2023-04-26T14:51:01","guid":{"rendered":"https:\/\/textilfy.es\/impresion\/non%20class\u00e9\/soie-naturelle-de-habotai\/"},"modified":"2026-04-16T11:22:12","modified_gmt":"2026-04-16T09:22:12","slug":"soie-naturelle-de-habotai","status":"publish","type":"product","link":"https:\/\/textilfy.es\/fr\/impression\/tissus-naturels\/soie-naturelle-de-habotai\/","title":{"rendered":"Soie naturelle de habotai"},"content":{"rendered":"\n<details class=\"wp-block-details is-layout-flow wp-block-details-is-layout-flow\"><summary>La soie habotai naturelle, avec sa d\u00e9licatesse 8-mommie et sa texture semblable \u00e0 celle du chiffon, est le choix parfait pour confectionner des foulards de haute qualit\u00e9. Ce tissu se distingue par sa transparence subtile et sa l\u00e9g\u00e8ret\u00e9, offrant une apparence raffin\u00e9e et \u00e9l\u00e9gante. Apr\u00e8s lavage, la soie habotai r\u00e9v\u00e8le un toucher encore plus doux et agr\u00e9able, augmentant sa valeur et son attractivit\u00e9.  <\/summary>\n<p><\/p>\n\n\n\n<p>Caract\u00e9ristiques du tissu :<\/p>\n\n\n\n<ul class=\"wp-block-list\">\n<li><strong>D\u00e9licatesse et transparence :<\/strong> Avec son tissu fin semblable \u00e0 du chiffon, la soie habotai naturelle est id\u00e9ale pour cr\u00e9er des foulards l\u00e9gers \u00e0 la transparence charmante.<\/li>\n\n\n\n<li><strong>Toucher doux et am\u00e9lior\u00e9 :<\/strong> La qualit\u00e9 du tissu s\u2019intensifie \u00e0 chaque lavage, assurant une sensation exceptionnellement douce et confortable.<\/li>\n\n\n\n<li><strong>\u00c9l\u00e9gance naturelle :<\/strong> La soie naturelle Habotai apporte une sophistication inh\u00e9rente, typique des <a href=\"https:\/\/textilfy.es\/fr\/tissus-naturels\/\">tissus naturels<\/a>, \u00e0 tout v\u00eatement, en particulier aux foulards et accessoires de mode.<\/li>\n\n\n\n<li><strong>Qualit\u00e9 et durabilit\u00e9 :<\/strong> Malgr\u00e9 sa d\u00e9licatesse, ce tissu de soie offre une durabilit\u00e9 remarquable, conservant sa beaut\u00e9 et sa qualit\u00e9 au fil du temps.<\/li>\n<\/ul>\n\n\n\n<p><\/p>\n\n\n\n<p>Sp\u00e9cifications du tissu :<\/p>\n\n\n\n<ul class=\"wp-block-list\">\n<li><strong>Mat\u00e9riel :<\/strong> Soie naturelle habotai de 8 mamans.<\/li>\n\n\n\n<li><strong>Utilisation recommand\u00e9e :<\/strong> Parfait pour les foulards, ainsi que pour d\u2019autres v\u00eatements et accessoires n\u00e9cessitant un tissu fin et \u00e9l\u00e9gant.<\/li>\n<\/ul>\n<\/details>\n","protected":false},"excerpt":{"rendered":"","protected":false},"featured_media":262279,"comment_status":"open","ping_status":"closed","template":"","meta":{"inline_featured_image":false},"product_brand":[],"product_cat":[244],"product_tag":[],"class_list":{"0":"post-291716","1":"product","2":"type-product","3":"status-publish","4":"has-post-thumbnail","6":"product_cat-tissus-naturels","7":"sales-flash-overlay","8":"woocommerce-text-align-center","9":"woocommerce-image-align-center","10":"do-quantity-buttons","12":"first","13":"instock","14":"taxable","15":"shipping-taxable","16":"purchasable","17":"product-type-variable","18":"has-default-attributes"},"_links":{"self":[{"href":"https:\/\/textilfy.es\/fr\/wp-json\/wp\/v2\/product\/291716","targetHints":{"allow":["GET"]}}],"collection":[{"href":"https:\/\/textilfy.es\/fr\/wp-json\/wp\/v2\/product"}],"about":[{"href":"https:\/\/textilfy.es\/fr\/wp-json\/wp\/v2\/types\/product"}],"replies":[{"embeddable":true,"href":"https:\/\/textilfy.es\/fr\/wp-json\/wp\/v2\/comments?post=291716"}],"wp:featuredmedia":[{"embeddable":true,"href":"https:\/\/textilfy.es\/fr\/wp-json\/wp\/v2\/media\/262279"}],"wp:attachment":[{"href":"https:\/\/textilfy.es\/fr\/wp-json\/wp\/v2\/media?parent=291716"}],"wp:term":[{"taxonomy":"product_brand","embeddable":true,"href":"https:\/\/textilfy.es\/fr\/wp-json\/wp\/v2\/product_brand?post=291716"},{"taxonomy":"product_cat","embeddable":true,"href":"https:\/\/textilfy.es\/fr\/wp-json\/wp\/v2\/product_cat?post=291716"},{"taxonomy":"product_tag","embeddable":true,"href":"https:\/\/textilfy.es\/fr\/wp-json\/wp\/v2\/product_tag?post=291716"}],"curies":[{"name":"wp","href":"https:\/\/api.w.org\/{rel}","templated":true}]}}