{"id":291722,"date":"2023-04-26T16:50:41","date_gmt":"2023-04-26T14:50:41","guid":{"rendered":"https:\/\/textilfy.es\/impresion\/non%20class\u00e9\/satin-polyester\/"},"modified":"2026-04-16T11:22:13","modified_gmt":"2026-04-16T09:22:13","slug":"satin-polyester","status":"publish","type":"product","link":"https:\/\/textilfy.es\/fr\/impression\/tissus-synthetiques\/satin-polyester\/","title":{"rendered":"Satin polyester"},"content":{"rendered":"\n<details class=\"wp-block-details is-layout-flow wp-block-details-is-layout-flow\"><summary>Le satin polyester, avec une touche d\u2019\u00e9lastane, red\u00e9finit l\u2019\u00e9l\u00e9gance classique par son \u00e9clat et sa flexibilit\u00e9 distinctifs. Ce tissu est un excellent choix pour la couture de mode, notamment pour la cr\u00e9ation de robes de soir\u00e9e et de soir\u00e9e. Caract\u00e9ris\u00e9 par un tissu fin et fluide, le satin polyester se distingue par son excellent drap\u00e9 et sa douceur soyeuse, offrant une exp\u00e9rience luxueuse et confortable.  <br><\/summary>\n<p>Caract\u00e9ristiques du tissu satin polyester :<\/p>\n\n\n\n<ul class=\"wp-block-list\">\n<li><strong>Brillance et douceur exceptionnelles :<\/strong> Le brillant classique du satin se combine \u00e0 la douceur du polyester, donnant un tissu qui sublime les couleurs et offre une esth\u00e9tique sophistiqu\u00e9e.<\/li>\n\n\n\n<li><strong>Flexibilit\u00e9 avec l\u2019\u00e9lastane :<\/strong> L\u2019ajout d\u2019\u00e9lasttane ajoute une plus grande flexibilit\u00e9 au tissu, permettant un ajustement ajust\u00e9 et confortable pour n\u2019importe quel v\u00eatement.<\/li>\n\n\n\n<li><strong>Id\u00e9al pour les robes de soir\u00e9e : <\/strong>La nature fluide et le super drap\u00e9 du satin polyester en font un choix parfait pour les robes de soir\u00e9e, les c\u00e9r\u00e9monies et autres tenues pour les occasions sp\u00e9ciales.<\/li>\n\n\n\n<li><strong>Durabilit\u00e9 et facilit\u00e9 d\u2019entretien :<\/strong> Malgr\u00e9 son apparence d\u00e9licate, ce tissu est durable et facile \u00e0 entretenir, conservant sa qualit\u00e9 et sa couleur au fil du temps et lavage apr\u00e8s lavage.<\/li>\n<\/ul>\n\n\n\n<p>Sp\u00e9cifications du tissu :<\/p>\n\n\n\n<ul class=\"wp-block-list\">\n<li><strong>Objet : <\/strong>Polyester satin\u00e9 avec \u00e9lastane.<\/li>\n\n\n\n<li><strong>Utilisation recommand\u00e9e : <\/strong>Id\u00e9al pour les robes de soir\u00e9e, les c\u00e9r\u00e9monies et d\u2019autres tenues \u00e9l\u00e9gantes.<\/li>\n<\/ul>\n<\/details>\n","protected":false},"excerpt":{"rendered":"<p>Le classique satin brillant et aussi avec un peu de spandex dans sa composition. Id\u00e9al pour l\u2019habillement et la mode. <\/p>\n","protected":false},"featured_media":288508,"comment_status":"open","ping_status":"closed","template":"","meta":{"inline_featured_image":false},"product_brand":[],"product_cat":[218],"product_tag":[],"class_list":{"0":"post-291722","1":"product","2":"type-product","3":"status-publish","4":"has-post-thumbnail","6":"product_cat-tissus-synthetiques","7":"sales-flash-overlay","8":"woocommerce-text-align-center","9":"woocommerce-image-align-center","10":"do-quantity-buttons","12":"first","13":"instock","14":"taxable","15":"shipping-taxable","16":"purchasable","17":"product-type-variable","18":"has-default-attributes"},"_links":{"self":[{"href":"https:\/\/textilfy.es\/fr\/wp-json\/wp\/v2\/product\/291722","targetHints":{"allow":["GET"]}}],"collection":[{"href":"https:\/\/textilfy.es\/fr\/wp-json\/wp\/v2\/product"}],"about":[{"href":"https:\/\/textilfy.es\/fr\/wp-json\/wp\/v2\/types\/product"}],"replies":[{"embeddable":true,"href":"https:\/\/textilfy.es\/fr\/wp-json\/wp\/v2\/comments?post=291722"}],"wp:featuredmedia":[{"embeddable":true,"href":"https:\/\/textilfy.es\/fr\/wp-json\/wp\/v2\/media\/288508"}],"wp:attachment":[{"href":"https:\/\/textilfy.es\/fr\/wp-json\/wp\/v2\/media?parent=291722"}],"wp:term":[{"taxonomy":"product_brand","embeddable":true,"href":"https:\/\/textilfy.es\/fr\/wp-json\/wp\/v2\/product_brand?post=291722"},{"taxonomy":"product_cat","embeddable":true,"href":"https:\/\/textilfy.es\/fr\/wp-json\/wp\/v2\/product_cat?post=291722"},{"taxonomy":"product_tag","embeddable":true,"href":"https:\/\/textilfy.es\/fr\/wp-json\/wp\/v2\/product_tag?post=291722"}],"curies":[{"name":"wp","href":"https:\/\/api.w.org\/{rel}","templated":true}]}}