{"id":291735,"date":"2023-04-26T16:50:51","date_gmt":"2023-04-26T14:50:51","guid":{"rendered":"https:\/\/textilfy.es\/impresion\/non%20class\u00e9\/satin-de-soie-naturel\/"},"modified":"2026-04-16T11:22:13","modified_gmt":"2026-04-16T09:22:13","slug":"satin-de-soie-naturel","status":"publish","type":"product","link":"https:\/\/textilfy.es\/fr\/impression\/tissus-naturels\/satin-de-soie-naturel\/","title":{"rendered":"Satin de soie naturel"},"content":{"rendered":"\n<details class=\"wp-block-details is-layout-flow wp-block-details-is-layout-flow\"><summary>Le satin de soie naturel, avec sa texture particuli\u00e8re qui lui conf\u00e8re un \u00e9clat subtil, est un tissu pour 12 m\u00e8res qui offre une texture plus \u00e9paisse et plus compacte que les soies fines. Cette caract\u00e9ristique en fait un mat\u00e9riau id\u00e9al non seulement pour les foulards, mais aussi pour des v\u00eatements comme les blouses et des accessoires \u00e9l\u00e9gants comme les cravates, ajoutant une touche de sophistication et de luxe. <\/summary>\n<p><\/p>\n\n\n\n<p>Caract\u00e9ristiques du tissu satin en soie naturelle :<\/p>\n\n\n\n<ul class=\"wp-block-list\">\n<li><strong>Brillance \u00e9l\u00e9gante :<\/strong> la texture satin\u00e9e offre un \u00e9clat d\u00e9licat et raffin\u00e9, id\u00e9al pour les v\u00eatements et accessoires haut de gamme.<\/li>\n\n\n\n<li><strong>Texture riche et durable :<\/strong> Avec 12 m\u00e8res, ce tissu est plus lourd que la soie habotai naturelle, assurant durabilit\u00e9 et un drap\u00e9 \u00e9l\u00e9gant.<\/li>\n\n\n\n<li><strong>Polyvalence d\u2019utilisation :<\/strong> Adapt\u00e9 \u00e0 une vari\u00e9t\u00e9 d\u2019applications, des foulards aux blouses et cravates, ce satin en soie convient \u00e0 de nombreux styles de mode.<\/li>\n\n\n\n<li><strong>Qualit\u00e9 sup\u00e9rieure :<\/strong> La soie naturelle garantit une sensation douce et une qualit\u00e9 exceptionnelle, transformant chaque v\u00eatement en une \u0153uvre d\u2019art r\u00e9alis\u00e9e \u00e0 partir de ce satin de soie naturel.<br\/><\/li>\n<\/ul>\n\n\n\n<p>Sp\u00e9cifications du tissu :<\/p>\n\n\n\n<ul class=\"wp-block-list\">\n<li><strong>Mat\u00e9riel : <\/strong>Satin de soie naturelle 12 mamans.<\/li>\n\n\n\n<li><strong>Utilisation recommand\u00e9e :<\/strong> Id\u00e9al pour les foulards, chemises, cravates et autres accessoires et articles de mode.<br\/><\/li>\n<\/ul>\n\n\n\n<p><br\/>La soie est une fibre naturelle reconnue pour sa douceur, son \u00e9clat et sa solidit\u00e9. Il a \u00e9t\u00e9 tr\u00e8s appr\u00e9ci\u00e9 tout au long de l\u2019histoire pour sa texture luxueuse et ses qualit\u00e9s isolantes, qui le rendent chaud en hiver et frais en \u00e9t\u00e9. <\/p>\n\n\n\n<p>L\u2019une des caract\u00e9ristiques les plus remarquables de la soie est son \u00e9clat naturel, qui provient de la structure triangulaire en forme de prisme de la fibre, qui r\u00e9fl\u00e9chit la lumi\u00e8re sous diff\u00e9rents angles. De plus, la soie est \u00e9tonnamment r\u00e9sistante gr\u00e2ce \u00e0 sa d\u00e9licatesse et constitue le tissu naturel le plus durable. <\/p>\n<\/details>\n","protected":false},"excerpt":{"rendered":"<p>Le ligament satin\u00e9 lui donne un certain \u00e9clat. Il y a 12 mamans, donc il est plus \u00e9pais et plus serr\u00e9 que nos autres soies. Cela permet de l\u2019utiliser, en plus de l\u2019\u00e9charpe, pour confectionner des v\u00eatements.  <\/p>\n","protected":false},"featured_media":289657,"comment_status":"open","ping_status":"closed","template":"","meta":{"inline_featured_image":false},"product_brand":[],"product_cat":[244],"product_tag":[],"class_list":{"0":"post-291735","1":"product","2":"type-product","3":"status-publish","4":"has-post-thumbnail","6":"product_cat-tissus-naturels","7":"sales-flash-overlay","8":"woocommerce-text-align-center","9":"woocommerce-image-align-center","10":"do-quantity-buttons","12":"first","13":"instock","14":"taxable","15":"shipping-taxable","16":"purchasable","17":"product-type-variable","18":"has-default-attributes"},"_links":{"self":[{"href":"https:\/\/textilfy.es\/fr\/wp-json\/wp\/v2\/product\/291735","targetHints":{"allow":["GET"]}}],"collection":[{"href":"https:\/\/textilfy.es\/fr\/wp-json\/wp\/v2\/product"}],"about":[{"href":"https:\/\/textilfy.es\/fr\/wp-json\/wp\/v2\/types\/product"}],"replies":[{"embeddable":true,"href":"https:\/\/textilfy.es\/fr\/wp-json\/wp\/v2\/comments?post=291735"}],"wp:featuredmedia":[{"embeddable":true,"href":"https:\/\/textilfy.es\/fr\/wp-json\/wp\/v2\/media\/289657"}],"wp:attachment":[{"href":"https:\/\/textilfy.es\/fr\/wp-json\/wp\/v2\/media?parent=291735"}],"wp:term":[{"taxonomy":"product_brand","embeddable":true,"href":"https:\/\/textilfy.es\/fr\/wp-json\/wp\/v2\/product_brand?post=291735"},{"taxonomy":"product_cat","embeddable":true,"href":"https:\/\/textilfy.es\/fr\/wp-json\/wp\/v2\/product_cat?post=291735"},{"taxonomy":"product_tag","embeddable":true,"href":"https:\/\/textilfy.es\/fr\/wp-json\/wp\/v2\/product_tag?post=291735"}],"curies":[{"name":"wp","href":"https:\/\/api.w.org\/{rel}","templated":true}]}}