{"id":291744,"date":"2023-04-26T16:50:31","date_gmt":"2023-04-26T14:50:31","guid":{"rendered":"https:\/\/textilfy.es\/impresion\/non%20class\u00e9\/serge-de-coton-epais\/"},"modified":"2026-04-16T11:22:13","modified_gmt":"2026-04-16T09:22:13","slug":"serge-de-coton-epais","status":"publish","type":"product","link":"https:\/\/textilfy.es\/fr\/impression\/tissus-naturels\/serge-de-coton-epais\/","title":{"rendered":"Serg\u00e9 de coton \u00e9pais"},"content":{"rendered":"\n<details class=\"wp-block-details is-layout-flow wp-block-details-is-layout-flow\"><summary>Le serg\u00e9 de coton \u00e9pais est un tissu vedette dans notre catalogue pour sa qualit\u00e9 sup\u00e9rieure et sa polyvalence d\u2019applications. Avec un poids de 300 gr\/m2 et une largeur de 148 cm, ce tissu 100 % coton est id\u00e9al pour cr\u00e9er tout, des v\u00eatements de travail robustes aux accessoires \u00e9l\u00e9gants et aux \u00e9l\u00e9ments d\u00e9coratifs pour la maison. Caract\u00e9ris\u00e9 par sa texture douce et l\u00e9g\u00e8rement rigide ainsi que les lignes diagonales typiques du serg\u00e9, ce tissu allie durabilit\u00e9 \u00e0 un style rustique et sophistiqu\u00e9.  <br><\/summary>\n<p>Caract\u00e9ristiques de la serg\u00e9e \u00e9paisse en coton :<\/p>\n\n\n\n<ul class=\"wp-block-list\">\n<li><strong>Une force et une qualit\u00e9 exceptionnelles :<\/strong> Fabriqu\u00e9 selon un proc\u00e9d\u00e9 sp\u00e9cial, notre \u00e9pais tissu en serg\u00e9 en coton est nettement plus r\u00e9sistant que les tissus en coton conventionnels.<\/li>\n\n\n\n<li><strong>Design polyvalent :<\/strong> sa r\u00e9sistance et son apparence r\u00e9ussie le rendent adapt\u00e9 \u00e0 une grande vari\u00e9t\u00e9 d\u2019usages, allant des v\u00eatements \u00e0 la mode comme les pantalons et les sur-shirts aux accessoires personnels tels que les trousses et sacs de toilette.<\/li> <li>\n<\/li>\n\n\n<li><strong>Id\u00e9al pour les textiles pour la maison :<\/strong> sa durabilit\u00e9 et son esth\u00e9tique rustique en font un excellent choix pour les coussins, les chemins de table, les nappes et les sets de table.<\/li> <li>\n<\/li>\n\n\n<li><strong>Pas besoin de doublure suppl\u00e9mentaire :<\/strong> son poids garantit que les accessoires fabriqu\u00e9s en ce mod\u00e8le conservent leur forme et leur structure sans avoir besoin de doublure int\u00e9rieure.<\/li> <li>Pas besoin de doublure int\u00e9rieure.\n<\/li><\/ul>\n\n\n\n<p>Sp\u00e9cifications du tissu :<\/p>\n\n\n\n<ul class=\"wp-block-list\">\n<li><strong>Poids et largeur : <\/strong>300 gr\/m2 et 148 cm.<\/li>.\n\n\n\n<li><strong>Applications recommand\u00e9es :<\/strong>Id\u00e9al pour les v\u00eatements de travail, la mode d\u00e9contract\u00e9e, les accessoires et la d\u00e9coration int\u00e9rieure.<\/li>\n<\/ul>\n<\/details>\n\n<p>Le serg\u00e9 \u00e9pais en coton est l\u2019une des meilleures options dans <a href=\"https:\/\/textilfy.es\/fr\/tissus-naturels\/\">les tissus naturels<\/a> pour ceux qui recherchent un mat\u00e9riau alliant r\u00e9sistance, \u00e9l\u00e9gance et fonctionnalit\u00e9 dans leurs projets de mode et de d\u00e9coration.<\/p>\n","protected":false},"excerpt":{"rendered":"<p>Nos serges en coton sont parmi nos tissus les plus vendus. Ils sont id\u00e9aux pour fabriquer toutes sortes d\u2019accessoires. Il a suffisamment de poids, donc il n\u2019est pas n\u00e9cessaire d\u2019utiliser une doublure int\u00e9rieure. Tissu sp\u00e9cial pour la saison hivernale.   <\/p>\n<p>&nbsp;<\/p>\n","protected":false},"featured_media":282783,"comment_status":"open","ping_status":"closed","template":"","meta":{"inline_featured_image":false},"product_brand":[],"product_cat":[244],"product_tag":[],"class_list":{"0":"post-291744","1":"product","2":"type-product","3":"status-publish","4":"has-post-thumbnail","6":"product_cat-tissus-naturels","7":"sales-flash-overlay","8":"woocommerce-text-align-center","9":"woocommerce-image-align-center","10":"do-quantity-buttons","12":"first","13":"instock","14":"taxable","15":"shipping-taxable","16":"purchasable","17":"product-type-variable","18":"has-default-attributes"},"_links":{"self":[{"href":"https:\/\/textilfy.es\/fr\/wp-json\/wp\/v2\/product\/291744","targetHints":{"allow":["GET"]}}],"collection":[{"href":"https:\/\/textilfy.es\/fr\/wp-json\/wp\/v2\/product"}],"about":[{"href":"https:\/\/textilfy.es\/fr\/wp-json\/wp\/v2\/types\/product"}],"replies":[{"embeddable":true,"href":"https:\/\/textilfy.es\/fr\/wp-json\/wp\/v2\/comments?post=291744"}],"wp:featuredmedia":[{"embeddable":true,"href":"https:\/\/textilfy.es\/fr\/wp-json\/wp\/v2\/media\/282783"}],"wp:attachment":[{"href":"https:\/\/textilfy.es\/fr\/wp-json\/wp\/v2\/media?parent=291744"}],"wp:term":[{"taxonomy":"product_brand","embeddable":true,"href":"https:\/\/textilfy.es\/fr\/wp-json\/wp\/v2\/product_brand?post=291744"},{"taxonomy":"product_cat","embeddable":true,"href":"https:\/\/textilfy.es\/fr\/wp-json\/wp\/v2\/product_cat?post=291744"},{"taxonomy":"product_tag","embeddable":true,"href":"https:\/\/textilfy.es\/fr\/wp-json\/wp\/v2\/product_tag?post=291744"}],"curies":[{"name":"wp","href":"https:\/\/api.w.org\/{rel}","templated":true}]}}