{"id":291751,"date":"2023-04-26T16:50:11","date_gmt":"2023-04-26T14:50:11","guid":{"rendered":"https:\/\/textilfy.es\/impresion\/non%20class\u00e9\/serge-epais\/"},"modified":"2026-04-16T11:22:27","modified_gmt":"2026-04-16T09:22:27","slug":"serge-epais","status":"publish","type":"product","link":"https:\/\/textilfy.es\/fr\/impression\/tissus-synthetiques\/serge-epais\/","title":{"rendered":"Serg\u00e9 \u00e9pais"},"content":{"rendered":"\n<details class=\"wp-block-details is-layout-flow wp-block-details-is-layout-flow\"><summary>Notre serg\u00e9 polyester \u00e9pais pr\u00e9sente une couleur blanche mate, parfaite pour capturer des couleurs riches et contrast\u00e9es, tout en offrant une excellente qualit\u00e9 d\u2019impression. La serge \u00e9paisse en polyester, qui p\u00e8se 240 grammes, se distingue par sa solidit\u00e9 et sa durabilit\u00e9, en faisant une option polyvalente pour plusieurs usages. <\/summary>\n<p><\/p>\n\n\n\n<p>Caract\u00e9ristiques du produit :<\/p>\n\n\n\n<ul class=\"wp-block-list\">\n<li><strong>Impression de haute qualit\u00e9 : <\/strong>La sublimation de ce tissu assure des couleurs riches et vives, avec des d\u00e9tails fins et des lignes nettes.<\/li>\n\n\n\n<li><strong>Texture et confort : <\/strong>Sa texture douce, lisse et confortable la rend id\u00e9ale pour le contact avec la peau, tandis que sa structure ferme maintient la forme et pr\u00e9vient les rides.<\/li>\n\n\n\n<li><strong>Polyvalence d\u2019utilisation :<\/strong> De la sellerie \u00e0 la d\u00e9coration int\u00e9rieure, ce tissu est parfait pour les coussins, chaises, housses et autres usages quotidiens, r\u00e9sistant \u00e0 l\u2019usure et aux rayures.<\/li>\n<\/ul>\n\n\n\n<p>L\u2019avant et l\u2019arri\u00e8re du tissu \u00e9pais \u00e0 serg\u00e9 imprim\u00e9 par sublimation pr\u00e9sentent les lignes diagonales caract\u00e9ristiques typiques des tissus en serg\u00e9. Sa structure est parfaitement robuste et garantit une telle compacit\u00e9 qu\u2019elle conserve toujours sa forme et \u00e9vite les plis. Si vous cherchez un serg\u00e9 un peu plus fin, avec une texture moins marqu\u00e9e et plus de brillance, jetez un \u0153il \u00e0 notre serge fine.  <\/p>\n<\/details>\n","protected":false},"excerpt":{"rendered":"<p>Serg\u00e9 bien marqu\u00e9 par l\u2019\u00e9paisseur de son fil. Il n\u2019est pas \u00e9lastique et est id\u00e9al pour fabriquer des accessoires. La couleur de fond est blanc chimique, donc la performance des couleurs est bonne, donnant un aspect similaire \u00e0 un serg\u00e9 naturel. Il a une tr\u00e8s bonne \u00ab main \u00bb.   <\/p>\n","protected":false},"featured_media":289651,"comment_status":"open","ping_status":"closed","template":"","meta":{"inline_featured_image":false},"product_brand":[],"product_cat":[218],"product_tag":[],"class_list":{"0":"post-291751","1":"product","2":"type-product","3":"status-publish","4":"has-post-thumbnail","6":"product_cat-tissus-synthetiques","7":"sales-flash-overlay","8":"woocommerce-text-align-center","9":"woocommerce-image-align-center","10":"do-quantity-buttons","12":"first","13":"instock","14":"taxable","15":"shipping-taxable","16":"purchasable","17":"product-type-variable","18":"has-default-attributes"},"_links":{"self":[{"href":"https:\/\/textilfy.es\/fr\/wp-json\/wp\/v2\/product\/291751","targetHints":{"allow":["GET"]}}],"collection":[{"href":"https:\/\/textilfy.es\/fr\/wp-json\/wp\/v2\/product"}],"about":[{"href":"https:\/\/textilfy.es\/fr\/wp-json\/wp\/v2\/types\/product"}],"replies":[{"embeddable":true,"href":"https:\/\/textilfy.es\/fr\/wp-json\/wp\/v2\/comments?post=291751"}],"wp:featuredmedia":[{"embeddable":true,"href":"https:\/\/textilfy.es\/fr\/wp-json\/wp\/v2\/media\/289651"}],"wp:attachment":[{"href":"https:\/\/textilfy.es\/fr\/wp-json\/wp\/v2\/media?parent=291751"}],"wp:term":[{"taxonomy":"product_brand","embeddable":true,"href":"https:\/\/textilfy.es\/fr\/wp-json\/wp\/v2\/product_brand?post=291751"},{"taxonomy":"product_cat","embeddable":true,"href":"https:\/\/textilfy.es\/fr\/wp-json\/wp\/v2\/product_cat?post=291751"},{"taxonomy":"product_tag","embeddable":true,"href":"https:\/\/textilfy.es\/fr\/wp-json\/wp\/v2\/product_tag?post=291751"}],"curies":[{"name":"wp","href":"https:\/\/api.w.org\/{rel}","templated":true}]}}