{"id":291772,"date":"2023-04-26T16:50:21","date_gmt":"2023-04-26T14:50:21","guid":{"rendered":"https:\/\/textilfy.es\/impresion\/non%20class\u00e9\/serge-de-coton-fin\/"},"modified":"2026-04-16T11:22:28","modified_gmt":"2026-04-16T09:22:28","slug":"serge-de-coton-fin","status":"publish","type":"product","link":"https:\/\/textilfy.es\/fr\/impression\/tissus-naturels\/serge-de-coton-fin\/","title":{"rendered":"Serg\u00e9 de coton fin"},"content":{"rendered":"\n<details class=\"wp-block-details is-layout-flow wp-block-details-is-layout-flow\"><summary>Notre serg\u00e9 de coton fin, tiss\u00e9 avec du fil biologique, allie \u00e9l\u00e9gance et durabilit\u00e9 dans un tissu de 200 gr\/m2 et large de 148 cm. Ce mat\u00e9riau \u00e9cologique, r\u00e9put\u00e9 pour sa qualit\u00e9 et sa douceur, est parfait pour une vari\u00e9t\u00e9 de v\u00eatements et de projets de mode. Sa texture l\u00e9g\u00e8re et agr\u00e9able, associ\u00e9e \u00e0 son origine biologique, en fait un choix id\u00e9al pour ceux qui accordent \u00e0 la fois de l\u2019importance au style et au respect de l\u2019environnement.  <\/summary>\n<p><\/p>\n\n\n\n<p>Caract\u00e9ristiques du serg\u00e9 de coton fin :<\/p>\n\n\n\n<ul class=\"wp-block-list\">\n<li><strong>Qualit\u00e9 biologique et durable :<\/strong> Fabriqu\u00e9 avec du fil de coton biologique, ce tissu est doux, durable et respectueux de la plan\u00e8te.<\/li>\n\n\n\n<li><strong>Polyvalence dans la conception :<\/strong> Avec un poids l\u00e9ger et une large gamme d\u2019applications, il est id\u00e9al pour confectionner des v\u00eatements de mode, des accessoires et des textiles pour la maison.<\/li>\n\n\n\n<li><strong>Style et confort :<\/strong> Le serg\u00e9 de coton fin offre un \u00e9quilibre parfait entre confort et \u00e9l\u00e9gance, adapt\u00e9 \u00e0 tous types de v\u00eatements, des chemises de pardessus aux pantalons, en passant par la literie, etc.<\/li>\n\n\n\n<li><strong>Durabilit\u00e9 et responsabilit\u00e9 :<\/strong> En choisissant le coton biologique, le serg\u00e9 de coton fin refl\u00e8te un engagement envers des pratiques de mode plus responsables et \u00e9cologiques, soulignant l\u2019importance des<a href=\"https:\/\/textilfy.es\/fr\/tissus-naturels\/\"> tissus naturels<\/a> dans la mode actuelle.<br\/><br\/><\/li>\n<\/ul>\n\n\n\n<p>Caract\u00e9ristiques du produit :<\/p>\n\n\n\n<ul class=\"wp-block-list\">\n<li><strong>Mat\u00e9riel :<\/strong> Serg\u00e9 100 % coton biologique.<\/li>\n\n\n\n<li><strong>Poids et largeur :<\/strong> 200 gr\/m2 et 148 cm.<\/li>\n\n\n\n<li><strong>Utilisation recommand\u00e9e :<\/strong> Adapt\u00e9 \u00e0 la mode, aux accessoires et aux textiles pour la maison.<\/li>\n<\/ul>\n<\/details>\n","protected":false},"excerpt":{"rendered":"","protected":false},"featured_media":262271,"comment_status":"open","ping_status":"closed","template":"","meta":{"inline_featured_image":false},"product_brand":[],"product_cat":[244],"product_tag":[],"class_list":{"0":"post-291772","1":"product","2":"type-product","3":"status-publish","4":"has-post-thumbnail","6":"product_cat-tissus-naturels","7":"sales-flash-overlay","8":"woocommerce-text-align-center","9":"woocommerce-image-align-center","10":"do-quantity-buttons","12":"first","13":"instock","14":"taxable","15":"shipping-taxable","16":"purchasable","17":"product-type-variable","18":"has-default-attributes"},"_links":{"self":[{"href":"https:\/\/textilfy.es\/fr\/wp-json\/wp\/v2\/product\/291772","targetHints":{"allow":["GET"]}}],"collection":[{"href":"https:\/\/textilfy.es\/fr\/wp-json\/wp\/v2\/product"}],"about":[{"href":"https:\/\/textilfy.es\/fr\/wp-json\/wp\/v2\/types\/product"}],"replies":[{"embeddable":true,"href":"https:\/\/textilfy.es\/fr\/wp-json\/wp\/v2\/comments?post=291772"}],"wp:featuredmedia":[{"embeddable":true,"href":"https:\/\/textilfy.es\/fr\/wp-json\/wp\/v2\/media\/262271"}],"wp:attachment":[{"href":"https:\/\/textilfy.es\/fr\/wp-json\/wp\/v2\/media?parent=291772"}],"wp:term":[{"taxonomy":"product_brand","embeddable":true,"href":"https:\/\/textilfy.es\/fr\/wp-json\/wp\/v2\/product_brand?post=291772"},{"taxonomy":"product_cat","embeddable":true,"href":"https:\/\/textilfy.es\/fr\/wp-json\/wp\/v2\/product_cat?post=291772"},{"taxonomy":"product_tag","embeddable":true,"href":"https:\/\/textilfy.es\/fr\/wp-json\/wp\/v2\/product_tag?post=291772"}],"curies":[{"name":"wp","href":"https:\/\/api.w.org\/{rel}","templated":true}]}}