{"id":291812,"date":"2023-04-26T16:49:27","date_gmt":"2023-04-26T14:49:27","guid":{"rendered":"https:\/\/textilfy.es\/impresion\/non%20class\u00e9\/tricot-lycra\/"},"modified":"2026-04-16T11:22:41","modified_gmt":"2026-04-16T09:22:41","slug":"tricot-lycra","status":"publish","type":"product","link":"https:\/\/textilfy.es\/fr\/impression\/tissus-synthetiques\/tricot-lycra\/","title":{"rendered":"Tricot lycra"},"content":{"rendered":"\n<details class=\"wp-block-details is-layout-flow wp-block-details-is-layout-flow\"><summary>D\u00e9couvrez le potentiel de ce tissu tricot\u00e9 lycra de 270 grammes, un v\u00eatement id\u00e9al pour le monde de la mode et du sportswear. Ce tissu, plus lourd que le tricot GRS en lycra recycl\u00e9 de 190 grammes, est id\u00e9al pour les maillots de bain et le sport, car il offre une sensation premium et une durabilit\u00e9 exceptionnelle. <\/summary>\n<p>\n<\/p>\n\n\n<p>La densit\u00e9 plus \u00e9lev\u00e9e de ce tissu offre non seulement de la qualit\u00e9, mais assure aussi une plus grande opacit\u00e9 et r\u00e9sistance. Cela en fait la perfection pour les maillots de bain n\u00e9cessitant une couverture fiable et un sentiment de s\u00e9curit\u00e9 lorsqu\u2019ils sont port\u00e9s. De plus, son poids suppl\u00e9mentaire ajoute une touche de structure et de forme, am\u00e9liorant le design et l\u2019ajustement du v\u00eatement.  <\/p>\n\n\n\n<p>Dans le domaine sportif, ce tricot en lycra est un choix judicieux pour les collants et les v\u00eatements d\u2019entra\u00eenement. Sa capacit\u00e9 \u00e0 s\u2019\u00e9tirer tout en maintenant la forme offre un confort et une souplesse in\u00e9gal\u00e9s, permettant une libert\u00e9 totale de mouvement lors de toute activit\u00e9 physique. La robustesse du tissu garantit que les v\u00eatements conservent leur forme et leur apparence, m\u00eame dans des conditions d\u2019utilisation intense.  <\/p>\n\n\n\n<p>Malgr\u00e9 son poids et sa solidit\u00e9, ce tissu conserve la douceur et l\u2019\u00e9lasticit\u00e9 caract\u00e9ristiques du lycra, assurant un ajustement confortable et une adaptabilit\u00e9 \u00e0 diff\u00e9rents types de corps. C\u2019est un tissu polyvalent qui convient \u00e0 une grande vari\u00e9t\u00e9 de styles et de besoins, du design de mode aux v\u00eatements de sport fonctionnels. <\/p>\n\n\n\n<p>Le tricot en lycra d\u00e9montre comment la qualit\u00e9 et la performance peuvent aller de pair dans le monde des <a href=\"https:\/\/textilfy.es\/tejidos-sinteticos\/\">tissus synth\u00e9tiques<\/a>. Gr\u00e2ce \u00e0 son poids \u00e9lev\u00e9, sa durabilit\u00e9 et sa flexibilit\u00e9, c\u2019est un choix id\u00e9al pour ceux qui souhaitent cr\u00e9er des v\u00eatements qui se distinguent \u00e0 la fois par le style et la fonctionnalit\u00e9. <\/p>\n\n\n\n<p>En conclusion, notre tricot en lycra est un excellent choix pour les cr\u00e9ateurs et les consommateurs qui valorisent la qualit\u00e9, la durabilit\u00e9 et la performance dans leurs v\u00eatements. Qu\u2019il s\u2019agisse de maillots de bain, de sport ou de leggings et leggings, ce tissu offre une solution robuste et de haute qualit\u00e9 pour un large \u00e9ventail d\u2019applications dans la mode. <\/p>\n<\/details>\n","protected":false},"excerpt":{"rendered":"<p>Il est principalement utilis\u00e9 pour se baigner. Aussi pour la fabrication de v\u00eatements de sport ou de chaussettes. Il a beaucoup de poids, ce qui transmet une excellente qualit\u00e9 au produit final.  <\/p>\n","protected":false},"featured_media":287006,"comment_status":"open","ping_status":"closed","template":"","meta":{"inline_featured_image":false},"product_brand":[],"product_cat":[218],"product_tag":[],"class_list":{"0":"post-291812","1":"product","2":"type-product","3":"status-publish","4":"has-post-thumbnail","6":"product_cat-tissus-synthetiques","7":"sales-flash-overlay","8":"woocommerce-text-align-center","9":"woocommerce-image-align-center","10":"do-quantity-buttons","12":"first","13":"instock","14":"taxable","15":"shipping-taxable","16":"purchasable","17":"product-type-variable","18":"has-default-attributes"},"_links":{"self":[{"href":"https:\/\/textilfy.es\/fr\/wp-json\/wp\/v2\/product\/291812","targetHints":{"allow":["GET"]}}],"collection":[{"href":"https:\/\/textilfy.es\/fr\/wp-json\/wp\/v2\/product"}],"about":[{"href":"https:\/\/textilfy.es\/fr\/wp-json\/wp\/v2\/types\/product"}],"replies":[{"embeddable":true,"href":"https:\/\/textilfy.es\/fr\/wp-json\/wp\/v2\/comments?post=291812"}],"wp:featuredmedia":[{"embeddable":true,"href":"https:\/\/textilfy.es\/fr\/wp-json\/wp\/v2\/media\/287006"}],"wp:attachment":[{"href":"https:\/\/textilfy.es\/fr\/wp-json\/wp\/v2\/media?parent=291812"}],"wp:term":[{"taxonomy":"product_brand","embeddable":true,"href":"https:\/\/textilfy.es\/fr\/wp-json\/wp\/v2\/product_brand?post=291812"},{"taxonomy":"product_cat","embeddable":true,"href":"https:\/\/textilfy.es\/fr\/wp-json\/wp\/v2\/product_cat?post=291812"},{"taxonomy":"product_tag","embeddable":true,"href":"https:\/\/textilfy.es\/fr\/wp-json\/wp\/v2\/product_tag?post=291812"}],"curies":[{"name":"wp","href":"https:\/\/api.w.org\/{rel}","templated":true}]}}