{"id":291859,"date":"2023-04-26T16:48:58","date_gmt":"2023-04-26T14:48:58","guid":{"rendered":"https:\/\/textilfy.es\/impresion\/non%20class\u00e9\/tricot-de-coton-biologique\/"},"modified":"2026-04-16T11:22:53","modified_gmt":"2026-04-16T09:22:53","slug":"tricot-de-coton-biologique","status":"publish","type":"product","link":"https:\/\/textilfy.es\/fr\/impression\/tissus-naturels\/tricot-de-coton-biologique\/","title":{"rendered":"Tricot de coton biologique"},"content":{"rendered":"\n<details class=\"wp-block-details is-layout-flow wp-block-details-is-layout-flow\"><summary>Le tricot de coton biologique est un choix primordial dans le domaine de l\u2019habillement, notamment pour les T-shirts, en raison de sa qualit\u00e9 sup\u00e9rieure et de sa durabilit\u00e9. Fabriqu\u00e9 avec du fil biologique, ce tissu respecte non seulement l\u2019environnement, mais offre aussi une exp\u00e9rience de port exceptionnelle. <\/summary>\n<p><\/p>\n\n\n\n<p>Son poids remarquable conf\u00e8re une sensation de haute qualit\u00e9 aux v\u00eatements pr\u00eats-\u00e0-porter pour une texture opaque et r\u00e9sistante, id\u00e9ale pour des t-shirts qui se distinguent \u00e0 la fois par leur durabilit\u00e9 et leur confort. La fabrication de ce tissu sur des machines circulaires lui conf\u00e8re une \u00e9lasticit\u00e9 dans un sens, ce qui facilite son adaptation au corps sans sacrifier la forme ou l\u2019int\u00e9grit\u00e9 du tissu. <\/p>\n\n\n\n<p>La polyvalence du tricot en coton biologique va au-del\u00e0 des t-shirts. Il est parfait pour confectionner une vari\u00e9t\u00e9 de v\u00eatements, y compris des pyjamas l\u00e9gers, des v\u00eatements pour b\u00e9b\u00e9, des pantalons de yoga et des robes. Cette polyvalence en fait un tissu tr\u00e8s recherch\u00e9 pour une large gamme d\u2019applications, que ce soit dans la mode d\u00e9contract\u00e9e et confortable.  <\/p>\n\n\n\n<p>En choisissant des v\u00eatements en coton biologique, les cr\u00e9ateurs et les consommateurs font un choix conscient vers la durabilit\u00e9. En donnant la priorit\u00e9 \u00e0 l\u2019utilisation de mati\u00e8res organiques, il contribue \u00e0 r\u00e9duire l\u2019impact environnemental de l\u2019industrie textile, tout en garantissant la s\u00e9curit\u00e9 et le confort des v\u00eatements pour tous les usagers, y compris ceux \u00e0 la peau sensible. <\/p>\n\n\n\n<p>En r\u00e9sum\u00e9, le tricot de coton biologique est un tissu exceptionnel tant par sa qualit\u00e9 que par son engagement envers la durabilit\u00e9. Gr\u00e2ce \u00e0 sa douceur au toucher, sa durabilit\u00e9 et sa polyvalence dans les applications, il est un choix id\u00e9al dans <a href=\"https:\/\/textilfy.es\/fr\/tissus-naturels\/\">les tissus naturels<\/a> pour une grande vari\u00e9t\u00e9 de v\u00eatements, offrant confort et style sans compromettre les valeurs \u00e9cologiques. <\/p>\n<\/details>\n","protected":false},"excerpt":{"rendered":"","protected":false},"featured_media":262255,"comment_status":"open","ping_status":"closed","template":"","meta":{"inline_featured_image":false},"product_brand":[],"product_cat":[244],"product_tag":[],"class_list":{"0":"post-291859","1":"product","2":"type-product","3":"status-publish","4":"has-post-thumbnail","6":"product_cat-tissus-naturels","7":"sales-flash-overlay","8":"woocommerce-text-align-center","9":"woocommerce-image-align-center","10":"do-quantity-buttons","12":"first","13":"instock","14":"taxable","15":"shipping-taxable","16":"purchasable","17":"product-type-variable","18":"has-default-attributes"},"_links":{"self":[{"href":"https:\/\/textilfy.es\/fr\/wp-json\/wp\/v2\/product\/291859","targetHints":{"allow":["GET"]}}],"collection":[{"href":"https:\/\/textilfy.es\/fr\/wp-json\/wp\/v2\/product"}],"about":[{"href":"https:\/\/textilfy.es\/fr\/wp-json\/wp\/v2\/types\/product"}],"replies":[{"embeddable":true,"href":"https:\/\/textilfy.es\/fr\/wp-json\/wp\/v2\/comments?post=291859"}],"wp:featuredmedia":[{"embeddable":true,"href":"https:\/\/textilfy.es\/fr\/wp-json\/wp\/v2\/media\/262255"}],"wp:attachment":[{"href":"https:\/\/textilfy.es\/fr\/wp-json\/wp\/v2\/media?parent=291859"}],"wp:term":[{"taxonomy":"product_brand","embeddable":true,"href":"https:\/\/textilfy.es\/fr\/wp-json\/wp\/v2\/product_brand?post=291859"},{"taxonomy":"product_cat","embeddable":true,"href":"https:\/\/textilfy.es\/fr\/wp-json\/wp\/v2\/product_cat?post=291859"},{"taxonomy":"product_tag","embeddable":true,"href":"https:\/\/textilfy.es\/fr\/wp-json\/wp\/v2\/product_tag?post=291859"}],"curies":[{"name":"wp","href":"https:\/\/api.w.org\/{rel}","templated":true}]}}