{"id":291895,"date":"2023-04-26T16:48:47","date_gmt":"2023-04-26T14:48:47","guid":{"rendered":"https:\/\/textilfy.es\/impresion\/non%20class\u00e9\/popeline-de-coton\/"},"modified":"2026-04-16T11:22:54","modified_gmt":"2026-04-16T09:22:54","slug":"popeline-de-coton","status":"publish","type":"product","link":"https:\/\/textilfy.es\/fr\/impression\/tissus-naturels\/popeline-de-coton\/","title":{"rendered":"Popeline de coton"},"content":{"rendered":"\n<details class=\"wp-block-details is-layout-flow wp-block-details-is-layout-flow\"><summary>Le popeline de coton est un tissu classique tr\u00e8s appr\u00e9ci\u00e9 dans le monde de l\u2019habillement, notamment dans la fabrication de chemises et le patchwork. Ce tissu, r\u00e9put\u00e9 pour sa douceur et son toucher agr\u00e9able, est compos\u00e9 de coton 100 % et p\u00e8se 98 gr\/m2, ce qui le rend id\u00e9al pour une vari\u00e9t\u00e9 d\u2019applications dans la mode. <\/summary>\n<p><\/p>\n\n\n\n<p>Avec une largeur de 145 cm, le popeline de coton est parfait pour confectionner des v\u00eatements et des v\u00eatements pour enfants. Sa texture rigide et sa respirabilit\u00e9 la rendent particuli\u00e8rement recommand\u00e9e pour la mode f\u00e9minine et masculine, y compris les chemises, robes et chafettes. Sa capacit\u00e9 \u00e0 maintenir un bon drapeau et son apparence impeccable en font un excellent choix pour les v\u00eatements de travail et les uniformes.  <\/p>\n\n\n\n<p>Pendant la saison estivale, la fra\u00eecheur et le confort apport\u00e9s par le popeline de coton sont in\u00e9gal\u00e9s, gr\u00e2ce \u00e0 sa texture l\u00e9g\u00e8re et sa capacit\u00e9 \u00e0 permettre la transpiration. De plus, sa polyvalence le rend adapt\u00e9 \u00e0 une large gamme de styles et de mod\u00e8les, allant des tenues d\u00e9contract\u00e9es aux tenues plus formelles. <\/p>\n\n\n\n<p>En conclusion, le popeline de coton est un tissu essentiel dans l\u2019industrie de la mode, appr\u00e9ci\u00e9 pour sa qualit\u00e9, sa polyvalence et son confort. Que ce soit pour le quotidien, la mode pour enfants, la tenue formelle ou les uniformes, le popeline de coton offre une solution \u00e9l\u00e9gante et pratique pour divers besoins, se d\u00e9marquant parmi les <a href=\"https:\/\/textilfy.es\/fr\/tissus-naturels\/\">tissus naturels<\/a> les plus fiables. <\/p>\n<\/details>\n","protected":false},"excerpt":{"rendered":"","protected":false},"featured_media":262253,"comment_status":"open","ping_status":"closed","template":"","meta":{"inline_featured_image":false},"product_brand":[],"product_cat":[244],"product_tag":[],"class_list":{"0":"post-291895","1":"product","2":"type-product","3":"status-publish","4":"has-post-thumbnail","6":"product_cat-tissus-naturels","7":"sales-flash-overlay","8":"woocommerce-text-align-center","9":"woocommerce-image-align-center","10":"do-quantity-buttons","12":"first","13":"instock","14":"taxable","15":"shipping-taxable","16":"purchasable","17":"product-type-variable","18":"has-default-attributes"},"_links":{"self":[{"href":"https:\/\/textilfy.es\/fr\/wp-json\/wp\/v2\/product\/291895","targetHints":{"allow":["GET"]}}],"collection":[{"href":"https:\/\/textilfy.es\/fr\/wp-json\/wp\/v2\/product"}],"about":[{"href":"https:\/\/textilfy.es\/fr\/wp-json\/wp\/v2\/types\/product"}],"replies":[{"embeddable":true,"href":"https:\/\/textilfy.es\/fr\/wp-json\/wp\/v2\/comments?post=291895"}],"wp:featuredmedia":[{"embeddable":true,"href":"https:\/\/textilfy.es\/fr\/wp-json\/wp\/v2\/media\/262253"}],"wp:attachment":[{"href":"https:\/\/textilfy.es\/fr\/wp-json\/wp\/v2\/media?parent=291895"}],"wp:term":[{"taxonomy":"product_brand","embeddable":true,"href":"https:\/\/textilfy.es\/fr\/wp-json\/wp\/v2\/product_brand?post=291895"},{"taxonomy":"product_cat","embeddable":true,"href":"https:\/\/textilfy.es\/fr\/wp-json\/wp\/v2\/product_cat?post=291895"},{"taxonomy":"product_tag","embeddable":true,"href":"https:\/\/textilfy.es\/fr\/wp-json\/wp\/v2\/product_tag?post=291895"}],"curies":[{"name":"wp","href":"https:\/\/api.w.org\/{rel}","templated":true}]}}