{"id":291908,"date":"2023-04-26T16:48:28","date_gmt":"2023-04-26T14:48:28","guid":{"rendered":"https:\/\/textilfy.es\/impresion\/non%20class\u00e9\/gots-muslin\/"},"modified":"2026-04-16T11:23:06","modified_gmt":"2026-04-16T09:23:06","slug":"gots-muslin","status":"publish","type":"product","link":"https:\/\/textilfy.es\/fr\/impression\/tissus-naturels\/gots-muslin\/","title":{"rendered":"GOTS Muslin"},"content":{"rendered":"\n<details class=\"wp-block-details is-layout-flow wp-block-details-is-layout-flow\"><summary>La mousseline de coton biologique GOTS est un tissu essentiel pour les soins et le confort des b\u00e9b\u00e9s, reconnu pour sa douceur exceptionnelle et sa d\u00e9licatesse au toucher. Ce tissu, certifi\u00e9 par la Norme mondiale du textile biologique (GOTS), garantit non seulement une qualit\u00e9 sup\u00e9rieure mais aussi un engagement envers des pratiques durables et \u00e9thiques dans sa production. <\/summary>\n<p>\n<\/p>\n\n\n<p>Le design caract\u00e9ristique de la mousseline, avec son motif en grille, est non seulement esth\u00e9tiquement attrayant, mais contribue aussi \u00e0 sa fonctionnalit\u00e9. Ce tissu est incroyablement doux, ce qui le rend id\u00e9al pour le contact avec les peaux les plus sensibles, comme les b\u00e9b\u00e9s. <\/p>\n\n\n\n<p>Avec un accent sur la durabilit\u00e9, la mousseline GOTS en coton biologique est le choix id\u00e9al pour les parents et aidants soucieux de l\u2019environnement. Son utilisation d\u00e9passe les produits pour b\u00e9b\u00e9, \u00e9tant un choix populaire dans la mode durable et dans la cr\u00e9ation de produits textiles o\u00f9 la qualit\u00e9 et la responsabilit\u00e9 \u00e9cologique sont une priorit\u00e9. <\/p>\n\n\n\n<p>En r\u00e9sum\u00e9, la mousseline de coton biologique GOTS est un tissu id\u00e9al pour les applications o\u00f9 un tissu doux, s\u00fbr et durable est n\u00e9cessaire. Sa certification GOTS garantit que les normes les plus \u00e9lev\u00e9es sont respect\u00e9es \u00e0 chaque \u00e9tape de sa production, en faisant une option fiable et respectueuse de l\u2019environnement, en faisant l\u2019un des <a href=\"https:\/\/textilfy.es\/fr\/tissus-naturels\/\">tissus naturels les plus pris\u00e9s<\/a> . <\/p>\n<\/details>\n","protected":false},"excerpt":{"rendered":"<p>Mousseline typique pour b\u00e9b\u00e9s avec son motif caract\u00e9ristique en forme de grille. Tr\u00e8s agr\u00e9able au toucher et doux pour pouvoir \u00eatre en contact avec la peau la plus sensible. <\/p>\n","protected":false},"featured_media":287985,"comment_status":"open","ping_status":"closed","template":"","meta":{"inline_featured_image":false},"product_brand":[],"product_cat":[244],"product_tag":[],"class_list":{"0":"post-291908","1":"product","2":"type-product","3":"status-publish","4":"has-post-thumbnail","6":"product_cat-tissus-naturels","7":"sales-flash-overlay","8":"woocommerce-text-align-center","9":"woocommerce-image-align-center","10":"do-quantity-buttons","12":"first","13":"instock","14":"taxable","15":"shipping-taxable","16":"purchasable","17":"product-type-variable","18":"has-default-attributes"},"_links":{"self":[{"href":"https:\/\/textilfy.es\/fr\/wp-json\/wp\/v2\/product\/291908","targetHints":{"allow":["GET"]}}],"collection":[{"href":"https:\/\/textilfy.es\/fr\/wp-json\/wp\/v2\/product"}],"about":[{"href":"https:\/\/textilfy.es\/fr\/wp-json\/wp\/v2\/types\/product"}],"replies":[{"embeddable":true,"href":"https:\/\/textilfy.es\/fr\/wp-json\/wp\/v2\/comments?post=291908"}],"wp:featuredmedia":[{"embeddable":true,"href":"https:\/\/textilfy.es\/fr\/wp-json\/wp\/v2\/media\/287985"}],"wp:attachment":[{"href":"https:\/\/textilfy.es\/fr\/wp-json\/wp\/v2\/media?parent=291908"}],"wp:term":[{"taxonomy":"product_brand","embeddable":true,"href":"https:\/\/textilfy.es\/fr\/wp-json\/wp\/v2\/product_brand?post=291908"},{"taxonomy":"product_cat","embeddable":true,"href":"https:\/\/textilfy.es\/fr\/wp-json\/wp\/v2\/product_cat?post=291908"},{"taxonomy":"product_tag","embeddable":true,"href":"https:\/\/textilfy.es\/fr\/wp-json\/wp\/v2\/product_tag?post=291908"}],"curies":[{"name":"wp","href":"https:\/\/api.w.org\/{rel}","templated":true}]}}