{"id":291931,"date":"2023-04-26T16:48:37","date_gmt":"2023-04-26T14:48:37","guid":{"rendered":"https:\/\/textilfy.es\/impresion\/non%20class\u00e9\/poplin-gots\/"},"modified":"2026-04-16T11:23:06","modified_gmt":"2026-04-16T09:23:06","slug":"poplin-gots","status":"publish","type":"product","link":"https:\/\/textilfy.es\/fr\/impression\/tissus-naturels\/poplin-gots\/","title":{"rendered":"Poplin GOTS"},"content":{"rendered":"\n<details class=\"wp-block-details is-layout-flow wp-block-details-is-layout-flow\"><summary>Le poplin GOTS est une \u00e9volution durable du tissu classique du poplin. Gr\u00e2ce \u00e0 la certification GOTS (Global Organic Textile Standard), ce tissu conserve non seulement les qualit\u00e9s du popeline traditionnel, telles que sa douceur, son bon tombement et son toucher agr\u00e9able, mais garantit \u00e9galement que sa production respecte les normes \u00e9cologiques et sociales les plus \u00e9lev\u00e9es. <\/summary>\n<p><br\/><\/p>\n\n\n\n<p>Fabriqu\u00e9 en coton GOTS 100 % biologique et avec un poids de 114 gr\/m2, ce tissu GOTS en popeline large de 145 cm est parfait pour diverses applications dans la mode. Il est id\u00e9al pour confectionner des v\u00eatements pour femmes, hommes et enfants, y compris des chemises, des robes, des blouses et des v\u00eatements pour enfants, gr\u00e2ce \u00e0 sa texture l\u00e9g\u00e8re, sa respirabilit\u00e9 et son confort, surtout pendant les mois les plus chauds. De plus, son apparence parfaite la rend adapt\u00e9e aux v\u00eatements de travail et aux uniformes.  <br\/><br\/>Pendant la saison estivale, la fra\u00eecheur et le confort apport\u00e9s par le popeline GOTS sont in\u00e9gal\u00e9s, gr\u00e2ce \u00e0 sa capacit\u00e9 \u00e0 permettre la respirabilit\u00e9. De plus, sa polyvalence le rend adapt\u00e9 \u00e0 une large gamme de styles et de mod\u00e8les, allant des tenues d\u00e9contract\u00e9es aux tenues plus formelles. <\/p>\n\n\n\n<p>En choisissant le poplin de coton biologique GOTS, les cr\u00e9ateurs et les consommateurs prennent une d\u00e9cision consciente en faveur de la mode durable, soutenant des pratiques qui respectent l\u2019environnement et l\u2019\u00e9thique de travail. Ce choix refl\u00e8te un engagement envers la qualit\u00e9, la durabilit\u00e9 et le bien-\u00eatre mondial, r\u00e9affirmant la valeur des <a href=\"https:\/\/textilfy.es\/fr\/tissus-naturels\/\">tissus naturels<\/a> dans une mode responsable. <\/p>\n<\/details>\n","protected":false},"excerpt":{"rendered":"","protected":false},"featured_media":262251,"comment_status":"open","ping_status":"closed","template":"","meta":{"inline_featured_image":false},"product_brand":[],"product_cat":[244],"product_tag":[],"class_list":{"0":"post-291931","1":"product","2":"type-product","3":"status-publish","4":"has-post-thumbnail","6":"product_cat-tissus-naturels","7":"sales-flash-overlay","8":"woocommerce-text-align-center","9":"woocommerce-image-align-center","10":"do-quantity-buttons","12":"first","13":"instock","14":"taxable","15":"shipping-taxable","16":"purchasable","17":"product-type-variable","18":"has-default-attributes"},"_links":{"self":[{"href":"https:\/\/textilfy.es\/fr\/wp-json\/wp\/v2\/product\/291931","targetHints":{"allow":["GET"]}}],"collection":[{"href":"https:\/\/textilfy.es\/fr\/wp-json\/wp\/v2\/product"}],"about":[{"href":"https:\/\/textilfy.es\/fr\/wp-json\/wp\/v2\/types\/product"}],"replies":[{"embeddable":true,"href":"https:\/\/textilfy.es\/fr\/wp-json\/wp\/v2\/comments?post=291931"}],"wp:featuredmedia":[{"embeddable":true,"href":"https:\/\/textilfy.es\/fr\/wp-json\/wp\/v2\/media\/262251"}],"wp:attachment":[{"href":"https:\/\/textilfy.es\/fr\/wp-json\/wp\/v2\/media?parent=291931"}],"wp:term":[{"taxonomy":"product_brand","embeddable":true,"href":"https:\/\/textilfy.es\/fr\/wp-json\/wp\/v2\/product_brand?post=291931"},{"taxonomy":"product_cat","embeddable":true,"href":"https:\/\/textilfy.es\/fr\/wp-json\/wp\/v2\/product_cat?post=291931"},{"taxonomy":"product_tag","embeddable":true,"href":"https:\/\/textilfy.es\/fr\/wp-json\/wp\/v2\/product_tag?post=291931"}],"curies":[{"name":"wp","href":"https:\/\/api.w.org\/{rel}","templated":true}]}}