{"id":291944,"date":"2023-04-26T16:48:18","date_gmt":"2023-04-26T14:48:18","guid":{"rendered":"https:\/\/textilfy.es\/impresion\/non%20class\u00e9\/micropolyester-grs\/"},"modified":"2026-04-16T11:23:06","modified_gmt":"2026-04-16T09:23:06","slug":"micropolyester-grs","status":"publish","type":"product","link":"https:\/\/textilfy.es\/fr\/impression\/tissus-synthetiques\/micropolyester-grs\/","title":{"rendered":"Micropolyester GRS"},"content":{"rendered":"\n<details class=\"wp-block-details is-layout-flow wp-block-details-is-layout-flow\"><summary>Le micropolyester GRS en polyester recycl\u00e9 est un tissu innovant et respectueux de l\u2019environnement qui repr\u00e9sente une fusion parfaite entre durabilit\u00e9 et fonctionnalit\u00e9. Gr\u00e2ce \u00e0 sa certification GRS (Global Recycled Standard), ce mat\u00e9riau garantit non seulement l\u2019utilisation du polyester recycl\u00e9, mais garantit \u00e9galement des pratiques \u00e9cologiques dans sa production. <\/summary>\n<p><br\/><\/p>\n\n\n\n<p>Ce tissu, de 110 g\/m2 et large de 147 cm, est une microfibre \u00e9conomique r\u00e9put\u00e9e pour son excellent toucher. Son tissu taffetas le rend id\u00e9al pour confectionner des v\u00eatements sportifs et d\u00e9contract\u00e9s, comme les maillots de bain pour hommes, gr\u00e2ce \u00e0 sa fonction de s\u00e9chage rapide. De plus, sa polyvalence en fait un tissu privil\u00e9gi\u00e9 pour de multiples applications, de la mode aux articles du quotidien comme les accessoires.  <\/p>\n\n\n\n<p>Une caract\u00e9ristique distinctive du micropolyester GRS est la finesse de ses fibres. Ces fibres de plus en plus fines compar\u00e9es \u00e0 <a href=\"https:\/\/textilfy.es\/tejidos-sinteticos\/\">d\u2019autres vari\u00e9t\u00e9s de tissus synth\u00e9tiques en polyester<\/a> conf\u00e8rent au tissu une texture douce et un aspect plus raffin\u00e9 et velout\u00e9. Cette qualit\u00e9 la rend particuli\u00e8rement attrayante pour ceux qui recherchent un m\u00e9lange de confort, de style et de durabilit\u00e9.  <\/p>\n\n\n\n<p>En r\u00e9sum\u00e9, le micropolyester GRS est un choix exceptionnel pour un large \u00e9ventail d\u2019applications, offrant qualit\u00e9, durabilit\u00e9, prix et polyvalence. Sa certification GRS refl\u00e8te non seulement un engagement envers l\u2019environnement, mais garantit \u00e9galement une haute qualit\u00e9 et une durabilit\u00e9 dans le produit final. <\/p>\n<\/details>\n","protected":false},"excerpt":{"rendered":"<p>Microfibre \u00e9conomique avec une bonne touche. Le tissage en taffetas est id\u00e9al pour confectionner des v\u00eatements comme les maillots de bain pour enfants et comme tissu de combat pour de multiples applications. <\/p>\n","protected":false},"featured_media":287047,"comment_status":"open","ping_status":"closed","template":"","meta":{"inline_featured_image":false},"product_brand":[],"product_cat":[218],"product_tag":[],"class_list":{"0":"post-291944","1":"product","2":"type-product","3":"status-publish","4":"has-post-thumbnail","6":"product_cat-tissus-synthetiques","7":"sales-flash-overlay","8":"woocommerce-text-align-center","9":"woocommerce-image-align-center","10":"do-quantity-buttons","12":"first","13":"instock","14":"taxable","15":"shipping-taxable","16":"purchasable","17":"product-type-variable","18":"has-default-attributes"},"_links":{"self":[{"href":"https:\/\/textilfy.es\/fr\/wp-json\/wp\/v2\/product\/291944","targetHints":{"allow":["GET"]}}],"collection":[{"href":"https:\/\/textilfy.es\/fr\/wp-json\/wp\/v2\/product"}],"about":[{"href":"https:\/\/textilfy.es\/fr\/wp-json\/wp\/v2\/types\/product"}],"replies":[{"embeddable":true,"href":"https:\/\/textilfy.es\/fr\/wp-json\/wp\/v2\/comments?post=291944"}],"wp:featuredmedia":[{"embeddable":true,"href":"https:\/\/textilfy.es\/fr\/wp-json\/wp\/v2\/media\/287047"}],"wp:attachment":[{"href":"https:\/\/textilfy.es\/fr\/wp-json\/wp\/v2\/media?parent=291944"}],"wp:term":[{"taxonomy":"product_brand","embeddable":true,"href":"https:\/\/textilfy.es\/fr\/wp-json\/wp\/v2\/product_brand?post=291944"},{"taxonomy":"product_cat","embeddable":true,"href":"https:\/\/textilfy.es\/fr\/wp-json\/wp\/v2\/product_cat?post=291944"},{"taxonomy":"product_tag","embeddable":true,"href":"https:\/\/textilfy.es\/fr\/wp-json\/wp\/v2\/product_tag?post=291944"}],"curies":[{"name":"wp","href":"https:\/\/api.w.org\/{rel}","templated":true}]}}