{"id":291983,"date":"2023-04-26T16:47:59","date_gmt":"2023-04-26T14:47:59","guid":{"rendered":"https:\/\/textilfy.es\/impresion\/non%20class\u00e9\/toile-de-coton-gots\/"},"modified":"2026-04-16T11:23:18","modified_gmt":"2026-04-16T09:23:18","slug":"toile-de-coton-gots","status":"publish","type":"product","link":"https:\/\/textilfy.es\/fr\/impression\/tissus-naturels\/toile-de-coton-gots\/","title":{"rendered":"Toile de coton GOTS"},"content":{"rendered":"\n<details class=\"wp-block-details is-layout-flow wp-block-details-is-layout-flow\"><summary>Notre toile GOTS est un produit exceptionnel, id\u00e9al pour ceux qui recherchent un tissu de haute qualit\u00e9, durable et polyvalent. Gr\u00e2ce \u00e0 sa certification GOTS (Global Organic Textile Standard), cette toile garantit qu\u2019elle a \u00e9t\u00e9 produite selon les normes \u00e9cologiques et sociales les plus strictes. L\u2019utilisation de laine non blanchie lui conf\u00e8re un aspect naturel et unique, avec des nuances rappelant le tabac, offrant une beaut\u00e9 organique et authentique.  <\/summary>\n<p>\n<\/p>\n\n\n<p>L\u2019impression num\u00e9rique de cette toile en coton biologique se fond parfaitement dans le tissu, offrant une finition naturelle et subtile. Contrairement aux tissus blancs, o\u00f9 les couleurs peuvent sembler plus intenses, sur cette toile les couleurs sont pr\u00e9sent\u00e9es avec une \u00e9l\u00e9gance discr\u00e8te qui compl\u00e8te son caract\u00e8re organique.   <\/p>\n\n\n\n<p>Ce tissu en toile de coton est id\u00e9al pour cr\u00e9er une large gamme de produits durables et pratiques. Il est parfait pour fabriquer des sacs \u00e9cologiques, des sacs en tissu, des sacs \u00e0 dos, des sacs, des housses, des toiles pour la peinture et les travaux manuels. Sa robustesse et sa r\u00e9sistance \u00e0 l\u2019usure le rendent particuli\u00e8rement adapt\u00e9 aux objets n\u00e9cessitant de la durabilit\u00e9.    <\/p>\n\n\n\n<p>Compos\u00e9e 100 % coton biologique, cette toile se distingue par sa fermet\u00e9 et sa robustesse, \u00e9tant une option fiable pour les projets de couture n\u00e9cessitant un tissu \u00e0 haute r\u00e9sistance. De plus, son origine \u00e9cologique en fait une option \u00e9cologique, parfaite pour les consommateurs soucieux de l\u2019environnement.   <\/p>\n\n\n\n<p>En r\u00e9sum\u00e9, la b\u00e2che GOTS est un excellent choix pour ceux qui valorisent la qualit\u00e9, la durabilit\u00e9 et la polyvalence. Sa beaut\u00e9 naturelle, sa r\u00e9sistance et sa certification \u00e9cologique en font un tissu indispensable parmi <a href=\"https:\/\/textilfy.es\/fr\/tissus-naturels\/\">les tissus naturels<\/a> pour une grande vari\u00e9t\u00e9 de projets cr\u00e9atifs et pratiques. <\/p>\n<\/details>\n","protected":false},"excerpt":{"rendered":"<blockquote>\n<p>&nbsp;<\/p>\n<\/blockquote>\n","protected":false},"featured_media":289654,"comment_status":"open","ping_status":"closed","template":"","meta":{"inline_featured_image":false},"product_brand":[],"product_cat":[244],"product_tag":[],"class_list":{"0":"post-291983","1":"product","2":"type-product","3":"status-publish","4":"has-post-thumbnail","6":"product_cat-tissus-naturels","7":"sales-flash-overlay","8":"woocommerce-text-align-center","9":"woocommerce-image-align-center","10":"do-quantity-buttons","12":"first","13":"instock","14":"taxable","15":"shipping-taxable","16":"purchasable","17":"product-type-variable","18":"has-default-attributes"},"_links":{"self":[{"href":"https:\/\/textilfy.es\/fr\/wp-json\/wp\/v2\/product\/291983","targetHints":{"allow":["GET"]}}],"collection":[{"href":"https:\/\/textilfy.es\/fr\/wp-json\/wp\/v2\/product"}],"about":[{"href":"https:\/\/textilfy.es\/fr\/wp-json\/wp\/v2\/types\/product"}],"replies":[{"embeddable":true,"href":"https:\/\/textilfy.es\/fr\/wp-json\/wp\/v2\/comments?post=291983"}],"wp:featuredmedia":[{"embeddable":true,"href":"https:\/\/textilfy.es\/fr\/wp-json\/wp\/v2\/media\/289654"}],"wp:attachment":[{"href":"https:\/\/textilfy.es\/fr\/wp-json\/wp\/v2\/media?parent=291983"}],"wp:term":[{"taxonomy":"product_brand","embeddable":true,"href":"https:\/\/textilfy.es\/fr\/wp-json\/wp\/v2\/product_brand?post=291983"},{"taxonomy":"product_cat","embeddable":true,"href":"https:\/\/textilfy.es\/fr\/wp-json\/wp\/v2\/product_cat?post=291983"},{"taxonomy":"product_tag","embeddable":true,"href":"https:\/\/textilfy.es\/fr\/wp-json\/wp\/v2\/product_tag?post=291983"}],"curies":[{"name":"wp","href":"https:\/\/api.w.org\/{rel}","templated":true}]}}