{"id":292001,"date":"2023-04-26T16:47:41","date_gmt":"2023-04-26T14:47:41","guid":{"rendered":"https:\/\/textilfy.es\/impresion\/non%20class\u00e9\/toile-315-coton\/"},"modified":"2026-04-16T11:23:18","modified_gmt":"2026-04-16T09:23:18","slug":"toile-315-coton","status":"publish","type":"product","link":"https:\/\/textilfy.es\/fr\/impression\/tissus-naturels\/toile-315-coton\/","title":{"rendered":"Toile 315 coton"},"content":{"rendered":"\n<details class=\"wp-block-details is-layout-flow wp-block-details-is-layout-flow\"><summary>La toile de coton que nous proposons est un tissu d\u2019une qualit\u00e9 et d\u2019une r\u00e9sistance exceptionnelles, parfait pour confectionner une grande vari\u00e9t\u00e9 d\u2019accessoires et de sacs. Cette toile de coton, qui p\u00e8se 315 grammes et a une largeur imprimable de 155 cm, est un mat\u00e9riau robuste et durable, id\u00e9al pour les projets n\u00e9cessitant un tissu r\u00e9sistant et fiable. <br><\/summary>\n<p>L\u2019une des caract\u00e9ristiques les plus remarquables de notre toile de coton est qu\u2019elle est pr\u00e9sent\u00e9e telle qu\u2019elle sort du m\u00e9tier \u00e0 fil, sans finitions suppl\u00e9mentaires.<\/p>\n\n\n\n<p>Cette naturalit\u00e9 garantit non seulement la puret\u00e9 du mat\u00e9riau, mais apporte aussi un grand sentiment de qualit\u00e9 au produit final. Les couleurs de cette toile ont un effet similaire \u00e0 celui de l\u2019impression sur toile, donnant \u00e0 tout design un aspect artistique et raffin\u00e9. Cette toile de coton est particuli\u00e8rement adapt\u00e9e \u00e0 la cr\u00e9ation de produits durables. Des accessoires de mode tels que sacs, sacs \u00e0 dos et portefeuilles, jusqu\u2019aux objets plus utilitaires tels que les \u00e9tuis, \u00e9tuis et objets d\u00e9coratifs.   <\/p>\n\n\n\n<p>De plus, l\u2019utilisation du coton dans cette toile garantit un toucher agr\u00e9able et un grand confort pour un usage quotidien, rendant les objets cr\u00e9\u00e9s avec cette toile non seulement pratiques, mais aussi agr\u00e9ables au toucher et \u00e0 l\u2019\u0153il.<\/p>\n\n\n\n<p>Notre toile de coton est un excellent choix pour ceux qui recherchent un tissu de haute qualit\u00e9, durable et polyvalent. Id\u00e9ale pour une vari\u00e9t\u00e9 de projets cr\u00e9atifs et pratiques, cette toile apportera une touche d\u2019\u00e9l\u00e9gance et de durabilit\u00e9 \u00e0 toute cr\u00e9ation, garantissant que les produits finaux soient attrayants et fonctionnels. <\/p>\n\n\n\n<p>Ce tissu, en raison de son poids et du fait qu\u2019il ne re\u00e7oit aucun traitement, n\u00e9cessite un lavage soigneux \u00e0 la main. Nous ne recommandons pas de le laver \u00e0 la machine \u00e0 laver. <\/p>\n<\/details>\n","protected":false},"excerpt":{"rendered":"<p>Tr\u00e8s solides et r\u00e9sistantes, avec lesquels vous pouvez fabriquer d\u2019innombrables accessoires et sacs. Tout comme il sort du m\u00e9tier \u00e0 m\u00e9tier, sans finitions. Il transmet un grand sentiment de qualit\u00e9 au produit final. Les couleurs sont laiss\u00e9es avec un effet similaire \u00e0 l\u2019impression sur toile.   <\/p>\n","protected":false},"featured_media":289648,"comment_status":"open","ping_status":"closed","template":"","meta":{"inline_featured_image":false},"product_brand":[],"product_cat":[244],"product_tag":[],"class_list":{"0":"post-292001","1":"product","2":"type-product","3":"status-publish","4":"has-post-thumbnail","6":"product_cat-tissus-naturels","7":"sales-flash-overlay","8":"woocommerce-text-align-center","9":"woocommerce-image-align-center","10":"do-quantity-buttons","12":"first","13":"instock","14":"taxable","15":"shipping-taxable","16":"purchasable","17":"product-type-variable","18":"has-default-attributes"},"_links":{"self":[{"href":"https:\/\/textilfy.es\/fr\/wp-json\/wp\/v2\/product\/292001","targetHints":{"allow":["GET"]}}],"collection":[{"href":"https:\/\/textilfy.es\/fr\/wp-json\/wp\/v2\/product"}],"about":[{"href":"https:\/\/textilfy.es\/fr\/wp-json\/wp\/v2\/types\/product"}],"replies":[{"embeddable":true,"href":"https:\/\/textilfy.es\/fr\/wp-json\/wp\/v2\/comments?post=292001"}],"wp:featuredmedia":[{"embeddable":true,"href":"https:\/\/textilfy.es\/fr\/wp-json\/wp\/v2\/media\/289648"}],"wp:attachment":[{"href":"https:\/\/textilfy.es\/fr\/wp-json\/wp\/v2\/media?parent=292001"}],"wp:term":[{"taxonomy":"product_brand","embeddable":true,"href":"https:\/\/textilfy.es\/fr\/wp-json\/wp\/v2\/product_brand?post=292001"},{"taxonomy":"product_cat","embeddable":true,"href":"https:\/\/textilfy.es\/fr\/wp-json\/wp\/v2\/product_cat?post=292001"},{"taxonomy":"product_tag","embeddable":true,"href":"https:\/\/textilfy.es\/fr\/wp-json\/wp\/v2\/product_tag?post=292001"}],"curies":[{"name":"wp","href":"https:\/\/api.w.org\/{rel}","templated":true}]}}