{"id":292037,"date":"2023-04-26T16:47:50","date_gmt":"2023-04-26T14:47:50","guid":{"rendered":"https:\/\/textilfy.es\/impresion\/non%20class\u00e9\/des-derniers-metres-en-toile-epaisse\/"},"modified":"2026-04-16T11:23:19","modified_gmt":"2026-04-16T09:23:19","slug":"des-derniers-metres-en-toile-epaisse","status":"publish","type":"product","link":"https:\/\/textilfy.es\/fr\/impression\/tissus-synthetiques\/des-derniers-metres-en-toile-epaisse\/","title":{"rendered":"Des derniers m\u00e8tres en toile \u00e9paisse !"},"content":{"rendered":"<div class=\"gb-container gb-container-beb60617\">\n<div class=\"gb-container gb-container-54298b5e\">\n\n<details class=\"wp-block-details is-layout-flow wp-block-details-is-layout-flow\"><summary>Derniers m\u00e8tres de stock avant d\u2019arr\u00eater le produit. La toile \u00e9paisse est un tissu robuste et polyvalent, id\u00e9al pour un large \u00e9ventail d\u2019applications. Pesant 318 grammes et mesurant 140 cm de large, cette toile a \u00e9t\u00e9 initialement con\u00e7ue pour la rembourrage, gr\u00e2ce \u00e0 sa solidit\u00e9 et sa durabilit\u00e9. Aujourd\u2019hui, son utilisation s\u2019est \u00e9tendue \u00e0 la production d\u2019accessoires et d\u2019articles m\u00e9nagers.   <\/summary>\n<p><\/p>\n\n\n\n<p>La toile \u00e9paisse se caract\u00e9rise par son tissage tr\u00e8s marqu\u00e9, ce qui lui conf\u00e8re une texture distinctive et un aspect premium. Sa couleur de fond optique blanche offre non seulement une base lumineuse et polyvalente pour une vari\u00e9t\u00e9 de motifs, mais met aussi en valeur les couleurs et motifs appliqu\u00e9s dessus. En tant que tissus <a href=\"https:\/\/textilfy.es\/tejidos-sinteticos\/\">synth\u00e9tiques<\/a>, il allie robustesse et esth\u00e9tique, id\u00e9al pour les projets n\u00e9cessitant durabilit\u00e9.  <\/p>\n\n\n\n<p>Ce tissu est un excellent choix pour ceux qui recherchent un mat\u00e9riau r\u00e9sistant et esth\u00e9tique pour leurs projets de rembourrage, de d\u00e9coration ou de fabrication d\u2019accessoires. Son \u00e9paisseur et sa texture le rendent adapt\u00e9 aux produits n\u00e9cessitant durabilit\u00e9 et une touche d\u2019\u00e9l\u00e9gance, tels que les housses de coussin, rideaux, sacs et bien plus encore. La toile \u00e9paisse est \u00e9galement facile \u00e0 manipuler et \u00e0 entretenir, ce qui en fait un choix pratique pour les professionnels ainsi que pour les passionn\u00e9s de couture et de design.  <\/p>\n\n\n\n<p>C\u2019est un tissu de haute qualit\u00e9, durable et esth\u00e9tiquement attrayant, parfait pour une vari\u00e9t\u00e9 d\u2019utilisations dans la sellerie, la d\u00e9coration int\u00e9rieure et la fabrication d\u2019accessoires. Sa texture marqu\u00e9e, sa couleur de fond blanc optique et sa robustesse en font un choix populaire pour ceux qui recherchent durabilit\u00e9 et style dans leurs projets de tricot. <\/p>\n<\/details>\n\n<\/div>\n<\/div>","protected":false},"excerpt":{"rendered":"","protected":false},"featured_media":286670,"comment_status":"open","ping_status":"closed","template":"","meta":{"inline_featured_image":false},"product_brand":[],"product_cat":[218],"product_tag":[],"class_list":{"0":"post-292037","1":"product","2":"type-product","3":"status-publish","4":"has-post-thumbnail","6":"product_cat-tissus-synthetiques","7":"sales-flash-overlay","8":"woocommerce-text-align-center","9":"woocommerce-image-align-center","10":"do-quantity-buttons","12":"first","13":"instock","14":"taxable","15":"shipping-taxable","16":"purchasable","17":"product-type-variable","18":"has-default-attributes"},"_links":{"self":[{"href":"https:\/\/textilfy.es\/fr\/wp-json\/wp\/v2\/product\/292037","targetHints":{"allow":["GET"]}}],"collection":[{"href":"https:\/\/textilfy.es\/fr\/wp-json\/wp\/v2\/product"}],"about":[{"href":"https:\/\/textilfy.es\/fr\/wp-json\/wp\/v2\/types\/product"}],"replies":[{"embeddable":true,"href":"https:\/\/textilfy.es\/fr\/wp-json\/wp\/v2\/comments?post=292037"}],"wp:featuredmedia":[{"embeddable":true,"href":"https:\/\/textilfy.es\/fr\/wp-json\/wp\/v2\/media\/286670"}],"wp:attachment":[{"href":"https:\/\/textilfy.es\/fr\/wp-json\/wp\/v2\/media?parent=292037"}],"wp:term":[{"taxonomy":"product_brand","embeddable":true,"href":"https:\/\/textilfy.es\/fr\/wp-json\/wp\/v2\/product_brand?post=292037"},{"taxonomy":"product_cat","embeddable":true,"href":"https:\/\/textilfy.es\/fr\/wp-json\/wp\/v2\/product_cat?post=292037"},{"taxonomy":"product_tag","embeddable":true,"href":"https:\/\/textilfy.es\/fr\/wp-json\/wp\/v2\/product_tag?post=292037"}],"curies":[{"name":"wp","href":"https:\/\/api.w.org\/{rel}","templated":true}]}}