{"id":292052,"date":"2023-04-26T16:47:31","date_gmt":"2023-04-26T14:47:31","guid":{"rendered":"https:\/\/textilfy.es\/impresion\/non%20class\u00e9\/lin-coton\/"},"modified":"2026-04-16T11:23:31","modified_gmt":"2026-04-16T09:23:31","slug":"lin-coton","status":"publish","type":"product","link":"https:\/\/textilfy.es\/fr\/impression\/tissus-naturels\/lin-coton\/","title":{"rendered":"Lin \/ coton"},"content":{"rendered":"\n<details class=\"wp-block-details is-layout-flow wp-block-details-is-layout-flow\"><summary>Ce tissu lin\/coton est un m\u00e9lange \u00e9l\u00e9gant et sophistiqu\u00e9, id\u00e9al pour une vari\u00e9t\u00e9 d\u2019usages d\u00e9coratifs et vestimentaires. Ce tissu combine 50 % de lin et 50 % de coton, cr\u00e9ant un mat\u00e9riau qui \u00e9quilibre parfaitement beaut\u00e9 naturelle et durabilit\u00e9. Pesant 145 grammes et mesurant 140 cm de large, ce tissu est polyvalent et facile \u00e0 manipuler pour diff\u00e9rents projets.  <\/summary>\n<p>\n<\/p>\n\n\n<p>Le lin est connu pour ses \u00ab chats \u00bb distinctifs ou imperfections naturelles qui lui conf\u00e8rent un attrait unique et une finition distinctive. Cette qualit\u00e9 rend le tissu en lin et en coton particuli\u00e8rement appr\u00e9ci\u00e9 pour son \u00e9l\u00e9gance et sa texture. L\u2019inclusion du coton dans le m\u00e9lange ajoute douceur et flexibilit\u00e9 qui am\u00e9liorent la manipulation et la durabilit\u00e9 du tissu, le rendant parfait pour une grande vari\u00e9t\u00e9 d\u2019applications.  <\/p>\n\n\n\n<p>Ce tissu est un choix populaire pour fabriquer des nappes, comme les chemins de table et les serviettes. Sa texture riche et son apparence raffin\u00e9e mettent en valeur n\u2019importe quelle d\u00e9coration de table, ajoutant une touche de sophistication et de style. De plus, la r\u00e9sistance et la facilit\u00e9 d\u2019entretien de ce tissu le rendent id\u00e9al pour un usage quotidien, conservant sa beaut\u00e9 au fil du temps.  <\/p>\n\n\n\n<p>Les accessoires faits de notre tissu lin\/coton sont tout aussi impressionnants. Des sacs et accessoires aux \u00e9l\u00e9ments d\u00e9coratifs tels que les abat-journaux, ce mat\u00e9riau apporte une \u00e9l\u00e9gance naturelle et une touche de classe \u00e0 tout produit. <\/p>\n<\/details>\n","protected":false},"excerpt":{"rendered":"<p>C\u2019est le seul lin que nous ayons dans le catalogue, combin\u00e9 \u00e0 50 % de coton. C\u2019est un tissu \u00e9l\u00e9gant pour fabriquer des nappes : des chemins, des serviettes&#8230; et aussi dans les accessoires. <\/p>\n","protected":false},"featured_media":289664,"comment_status":"open","ping_status":"closed","template":"","meta":{"inline_featured_image":false},"product_brand":[],"product_cat":[244],"product_tag":[],"class_list":{"0":"post-292052","1":"product","2":"type-product","3":"status-publish","4":"has-post-thumbnail","6":"product_cat-tissus-naturels","7":"sales-flash-overlay","8":"woocommerce-text-align-center","9":"woocommerce-image-align-center","10":"do-quantity-buttons","12":"first","13":"instock","14":"taxable","15":"shipping-taxable","16":"purchasable","17":"product-type-variable","18":"has-default-attributes"},"_links":{"self":[{"href":"https:\/\/textilfy.es\/fr\/wp-json\/wp\/v2\/product\/292052","targetHints":{"allow":["GET"]}}],"collection":[{"href":"https:\/\/textilfy.es\/fr\/wp-json\/wp\/v2\/product"}],"about":[{"href":"https:\/\/textilfy.es\/fr\/wp-json\/wp\/v2\/types\/product"}],"replies":[{"embeddable":true,"href":"https:\/\/textilfy.es\/fr\/wp-json\/wp\/v2\/comments?post=292052"}],"wp:featuredmedia":[{"embeddable":true,"href":"https:\/\/textilfy.es\/fr\/wp-json\/wp\/v2\/media\/289664"}],"wp:attachment":[{"href":"https:\/\/textilfy.es\/fr\/wp-json\/wp\/v2\/media?parent=292052"}],"wp:term":[{"taxonomy":"product_brand","embeddable":true,"href":"https:\/\/textilfy.es\/fr\/wp-json\/wp\/v2\/product_brand?post=292052"},{"taxonomy":"product_cat","embeddable":true,"href":"https:\/\/textilfy.es\/fr\/wp-json\/wp\/v2\/product_cat?post=292052"},{"taxonomy":"product_tag","embeddable":true,"href":"https:\/\/textilfy.es\/fr\/wp-json\/wp\/v2\/product_tag?post=292052"}],"curies":[{"name":"wp","href":"https:\/\/api.w.org\/{rel}","templated":true}]}}