{"id":292069,"date":"2023-04-26T16:47:12","date_gmt":"2023-04-26T14:47:12","guid":{"rendered":"https:\/\/textilfy.es\/impresion\/non%20class\u00e9\/hydrofuge-grs\/"},"modified":"2026-04-16T11:23:31","modified_gmt":"2026-04-16T09:23:31","slug":"hydrofuge-grs","status":"publish","type":"product","link":"https:\/\/textilfy.es\/fr\/impression\/tissus-synthetiques\/hydrofuge-grs\/","title":{"rendered":"Hydrofuge GRS"},"content":{"rendered":"\n<p><\/p>\n<div class=\"gb-container gb-container-f59121e9\">\n\n<details class=\"wp-block-details is-layout-flow wp-block-details-is-layout-flow\"><summary>Le tissu hydrofuge GRS, d\u2019un poids de 124 grammes et d\u2019une largeur de 140 cm, est une solution textile innovante, parfaite pour ceux qui recherchent des mat\u00e9riaux fonctionnels et de haute qualit\u00e9. Ce tissu hydrofuge se distingue par sa capacit\u00e9 \u00e0 laisser des liquides \u00e0 sa surface avec un effet similaire au mercure, ce qui le rend id\u00e9al pour de nombreuses applications pratiques. <\/summary>\n<p>Son utilisation est largement recommand\u00e9e pour la fabrication de rideaux de douche, nappes, bavoirs, peignoirs, masques et autres articles n\u00e9cessitant une protection contre l\u2019humidit\u00e9. En plus de sa propri\u00e9t\u00e9 hydrofuge, ce tissu poss\u00e8de une finition antibact\u00e9rienne, ce qui en fait une option hygi\u00e9nique et s\u00fbre pour les environnements o\u00f9 la propret\u00e9 est primordiale. <\/p>\n\n\n\n<p>La certification OEKO-TEX et l\u2019homologation selon la norme UNE-0065 t\u00e9moignent de sa qualit\u00e9 et de sa s\u00e9curit\u00e9, garantissant que le tissu respecte les normes les plus \u00e9lev\u00e9es en mati\u00e8re de durabilit\u00e9 et de respect de l\u2019environnement. Ces certifications garantissent que le tissu est exempt de substances nocives, ce qui est particuli\u00e8rement important pour les produits en contact direct avec la peau. <\/p>\n\n\n\n<p>De plus, le tissu hydrofuge GRS est r\u00e9utilisable et facile \u00e0 entretenir, car il peut \u00eatre lav\u00e9 \u00e0 des temp\u00e9ratures allant jusqu\u2019\u00e0 80 \u00baC sans perdre ses propri\u00e9t\u00e9s. Cela en fait non seulement une option durable et \u00e9conomique, mais cela soutient aussi son engagement envers la durabilit\u00e9 et la r\u00e9duction de l\u2019impact environnemental. <\/p>\n\n\n\n<p>Par cons\u00e9quent, le GRS hydrofuge, faisant partie de la famille des <a href=\"https:\/\/textilfy.es\/tejidos-sinteticos\/\">tissus synth\u00e9tiques<\/a>, est un choix id\u00e9al pour les clients recherchant un mat\u00e9riau fonctionnel, s\u00fbr et \u00e9cologique. Gr\u00e2ce \u00e0 sa combinaison de propri\u00e9t\u00e9s hydrofuges et antibact\u00e9riennes, ainsi que sa r\u00e9utilisabilit\u00e9 et son entretien facile, ce tissu offre une solution pratique et durable pour un large \u00e9ventail d\u2019applications. <\/p>\n<\/details>\n\n<\/div>","protected":false},"excerpt":{"rendered":"","protected":false},"featured_media":262232,"comment_status":"open","ping_status":"closed","template":"","meta":{"inline_featured_image":false},"product_brand":[],"product_cat":[218],"product_tag":[],"class_list":{"0":"post-292069","1":"product","2":"type-product","3":"status-publish","4":"has-post-thumbnail","6":"product_cat-tissus-synthetiques","7":"sales-flash-overlay","8":"woocommerce-text-align-center","9":"woocommerce-image-align-center","10":"do-quantity-buttons","12":"first","13":"instock","14":"taxable","15":"shipping-taxable","16":"purchasable","17":"product-type-variable","18":"has-default-attributes"},"_links":{"self":[{"href":"https:\/\/textilfy.es\/fr\/wp-json\/wp\/v2\/product\/292069","targetHints":{"allow":["GET"]}}],"collection":[{"href":"https:\/\/textilfy.es\/fr\/wp-json\/wp\/v2\/product"}],"about":[{"href":"https:\/\/textilfy.es\/fr\/wp-json\/wp\/v2\/types\/product"}],"replies":[{"embeddable":true,"href":"https:\/\/textilfy.es\/fr\/wp-json\/wp\/v2\/comments?post=292069"}],"wp:featuredmedia":[{"embeddable":true,"href":"https:\/\/textilfy.es\/fr\/wp-json\/wp\/v2\/media\/262232"}],"wp:attachment":[{"href":"https:\/\/textilfy.es\/fr\/wp-json\/wp\/v2\/media?parent=292069"}],"wp:term":[{"taxonomy":"product_brand","embeddable":true,"href":"https:\/\/textilfy.es\/fr\/wp-json\/wp\/v2\/product_brand?post=292069"},{"taxonomy":"product_cat","embeddable":true,"href":"https:\/\/textilfy.es\/fr\/wp-json\/wp\/v2\/product_cat?post=292069"},{"taxonomy":"product_tag","embeddable":true,"href":"https:\/\/textilfy.es\/fr\/wp-json\/wp\/v2\/product_tag?post=292069"}],"curies":[{"name":"wp","href":"https:\/\/api.w.org\/{rel}","templated":true}]}}