{"id":292097,"date":"2023-04-26T16:47:20","date_gmt":"2023-04-26T14:47:20","guid":{"rendered":"https:\/\/textilfy.es\/impresion\/non%20class\u00e9\/fortuny\/"},"modified":"2026-04-16T11:23:32","modified_gmt":"2026-04-16T09:23:32","slug":"fortuny","status":"publish","type":"product","link":"https:\/\/textilfy.es\/fr\/impression\/tissus-synthetiques\/fortuny\/","title":{"rendered":"Fortuny"},"content":{"rendered":"\n<details class=\"wp-block-details is-layout-flow wp-block-details-is-layout-flow\"><summary>Notre tissu Fortuny est un ajout novateur et fascinant \u00e0 notre collection, inspir\u00e9 par l\u2019h\u00e9ritage et la ma\u00eetrise du styliste Mariano Fortuny, connu pour son rejet des tendances conventionnelles et sa r\u00e9bellion face au haut profil des maisons de mode de son \u00e9poque<a href=\"https:\/\/www.fortuny.com.es\/blog\/tecnicas\/los-plisados-de-fortuny-superando-fronteras\/\" target=\"_blank\" rel=\"noreferrer noopener\"><\/a>. Inspir\u00e9 par les plis classiques Fortuny, qui ont transform\u00e9 la mode avec des robes et des tuniques rendant hommage aux styles de la Gr\u00e8ce antique, notre tissu Fortuny capture cette m\u00eame \u00e9l\u00e9gance et sophistication. <\/summary>\n<p><br\/><\/p>\n\n\n\n<p>Le proc\u00e9d\u00e9 de plissage de Fortuny, brevet\u00e9 en 1909, consiste \u00e0 plier le tissu sur lui-m\u00eame puis \u00e0 le presser ou coudre dans cette position, cr\u00e9ant des plis de longueur variable et irr\u00e9guli\u00e8re qui n\u00e9cessitent beaucoup de travail manuel<a href=\"https:\/\/www.fortuny.com.es\/blog\/tecnicas\/los-plisados-de-fortuny-superando-fronteras\/\" target=\"_blank\" rel=\"noreferrer noopener\"><\/a>. Cette technique distinctive apporte non seulement une texture \u00e9l\u00e9gante et un effet pliss\u00e9 au tissu, mais assure aussi sa durabilit\u00e9 et le maintien de sa forme, comme en t\u00e9moignent les robes Delphos qui conservent leurs plis m\u00eame 60 ans apr\u00e8s leur fabrication<a href=\"https:\/\/www.fortuny.com.es\/blog\/tecnicas\/los-plisados-de-fortuny-superando-fronteras\/\" target=\"_blank\" rel=\"noreferrer noopener\"><\/a>. <\/p>\n\n\n\n<p>Ce tissu est satin\u00e9 avec une touche de brillance, ce qui renforce encore son apparence sophistiqu\u00e9e. Elle est id\u00e9ale pour la mode et la confection de chemisiers et de jupes, offrant douceur, \u00e9lasticit\u00e9 et une adaptation fluide \u00e0 la forme naturelle du corps. La combinaison de plis dynamiques et de couleurs luxuriantes cr\u00e9e des v\u00eatements \u00e0 la fois riches, vibrants et pleins de mouvement, capturant la fascination de son cr\u00e9ateur pour la mani\u00e8re dont les plis produisent lumi\u00e8re et mouvement<a href=\"https:\/\/www.fortuny.com.es\/blog\/tecnicas\/los-plisados-de-fortuny-superando-fronteras\/\" target=\"_blank\" rel=\"noreferrer noopener\"><\/a>.  <\/p>\n\n\n\n<p>En r\u00e9sum\u00e9, notre tissu Fortuny est un choix parfait pour ceux qui souhaitent capturer une \u00e9l\u00e9gance intemporelle et un art raffin\u00e9 dans leurs cr\u00e9ations de mode, offrant un mat\u00e9riau \u00e0 la fois historiquement significatif et esth\u00e9tiquement saisissant, dans la cat\u00e9gorie des<a href=\"https:\/\/textilfy.es\/fr\/tissus-naturels\/\"> tissus synth\u00e9tiques<\/a> de haute qualit\u00e9.<\/p>\n<\/details>\n","protected":false},"excerpt":{"rendered":"","protected":false},"featured_media":262234,"comment_status":"open","ping_status":"closed","template":"","meta":{"inline_featured_image":false},"product_brand":[],"product_cat":[218],"product_tag":[],"class_list":{"0":"post-292097","1":"product","2":"type-product","3":"status-publish","4":"has-post-thumbnail","6":"product_cat-tissus-synthetiques","7":"sales-flash-overlay","8":"woocommerce-text-align-center","9":"woocommerce-image-align-center","10":"do-quantity-buttons","12":"first","13":"instock","14":"taxable","15":"shipping-taxable","16":"purchasable","17":"product-type-variable","18":"has-default-attributes"},"_links":{"self":[{"href":"https:\/\/textilfy.es\/fr\/wp-json\/wp\/v2\/product\/292097","targetHints":{"allow":["GET"]}}],"collection":[{"href":"https:\/\/textilfy.es\/fr\/wp-json\/wp\/v2\/product"}],"about":[{"href":"https:\/\/textilfy.es\/fr\/wp-json\/wp\/v2\/types\/product"}],"replies":[{"embeddable":true,"href":"https:\/\/textilfy.es\/fr\/wp-json\/wp\/v2\/comments?post=292097"}],"wp:featuredmedia":[{"embeddable":true,"href":"https:\/\/textilfy.es\/fr\/wp-json\/wp\/v2\/media\/262234"}],"wp:attachment":[{"href":"https:\/\/textilfy.es\/fr\/wp-json\/wp\/v2\/media?parent=292097"}],"wp:term":[{"taxonomy":"product_brand","embeddable":true,"href":"https:\/\/textilfy.es\/fr\/wp-json\/wp\/v2\/product_brand?post=292097"},{"taxonomy":"product_cat","embeddable":true,"href":"https:\/\/textilfy.es\/fr\/wp-json\/wp\/v2\/product_cat?post=292097"},{"taxonomy":"product_tag","embeddable":true,"href":"https:\/\/textilfy.es\/fr\/wp-json\/wp\/v2\/product_tag?post=292097"}],"curies":[{"name":"wp","href":"https:\/\/api.w.org\/{rel}","templated":true}]}}