{"id":292110,"date":"2023-04-26T16:46:41","date_gmt":"2023-04-26T14:46:41","guid":{"rendered":"https:\/\/textilfy.es\/impresion\/non%20class\u00e9\/grs-crepe-en-polyester-recycle\/"},"modified":"2026-04-16T11:23:32","modified_gmt":"2026-04-16T09:23:32","slug":"grs-crepe-en-polyester-recycle","status":"publish","type":"product","link":"https:\/\/textilfy.es\/fr\/impression\/tissus-synthetiques\/grs-crepe-en-polyester-recycle\/","title":{"rendered":"GRS cr\u00eape en polyester recycl\u00e9"},"content":{"rendered":"\n<details class=\"wp-block-details is-layout-flow wp-block-details-is-layout-flow\"><summary>Avec notre cr\u00eape en polyester recycl\u00e9 GRS, d\u00e9couvrez l\u2019union de la mode, de la fonctionnalit\u00e9 et de la responsabilit\u00e9 environnementale. Ce tissu classique et intemporel, d\u00e9sormais certifi\u00e9 Global Recycle Standard, est parfait pour ceux qui recherchent qualit\u00e9 et durabilit\u00e9 dans leurs v\u00eatements. <br><br><\/summary>\n<p><strong>Texture unique et durable<\/strong> : notre cr\u00eape en polyester recycl\u00e9 GRS conserve la texture l\u00e9g\u00e8rement granuleuse caract\u00e9ristique de la cr\u00eape traditionnelle, apportant une touche distinctive et \u00e9l\u00e9gante \u00e0 chaque v\u00eatement, tout en soutenant des pratiques durables.<\/p>\n\n\n\n<p><strong>Polyvalence tout-terrain<\/strong> : Id\u00e9al pour confectionner jupes, chemisiers et pantalons, ce tissu s\u2019adapte \u00e0 tous les styles et occasions. Son caract\u00e8re polyvalent en fait un excellent choix pour toute p\u00e9riode de l\u2019ann\u00e9e, offrant confort et \u00e9l\u00e9gance tout au long de l\u2019ann\u00e9e. <\/p>\n\n\n\n<p><strong>Engagement envers la durabilit\u00e9<\/strong> : Certifi\u00e9 par la Global Recycle Standard (GRS), notre cr\u00eape en polyester recycl\u00e9 vous garantit un produit qui contribue \u00e0 r\u00e9duire l\u2019impact environnemental. L\u2019utilisation de mat\u00e9riaux recycl\u00e9s souligne notre engagement envers des pratiques de mode plus responsables et respectueuses de l\u2019environnement. <\/p>\n\n\n\n<p><strong>Durabilit\u00e9 et facilit\u00e9 d\u2019entretien<\/strong> : En plus d\u2019\u00eatre respectueuse de l\u2019environnement, cette cr\u00eape en polyester recycl\u00e9 GRS offre durabilit\u00e9 et r\u00e9sistance \u00e0 l\u2019usure, gr\u00e2ce \u00e0 la qualit\u00e9 du polyester recycl\u00e9. Il est facile \u00e0 entretenir, r\u00e9sistant aux rides et conserve sa couleur et sa texture m\u00eame apr\u00e8s plusieurs lavages. <\/p>\n\n\n\n<p><strong>Vari\u00e9t\u00e9 dans le design et les couleurs<\/strong> : Avec un large choix de couleurs et d\u2019imprim\u00e9s, il offre de vastes possibilit\u00e9s cr\u00e9atives, permettant aux designers et consommateurs d\u2019exprimer leur style individuel tout en soutenant la mode durable, faisant du cr\u00eape en polyester recycl\u00e9 GRS une r\u00e9f\u00e9rence en <a href=\"https:\/\/textilfy.es\/tejidos-sinteticos\/\">mati\u00e8re de tissus synth\u00e9tiques respectueux<\/a> de l\u2019environnement.<\/p>\n<\/details>\n","protected":false},"excerpt":{"rendered":"","protected":false},"featured_media":287009,"comment_status":"open","ping_status":"closed","template":"","meta":{"inline_featured_image":false},"product_brand":[],"product_cat":[218],"product_tag":[],"class_list":{"0":"post-292110","1":"product","2":"type-product","3":"status-publish","4":"has-post-thumbnail","6":"product_cat-tissus-synthetiques","7":"sales-flash-overlay","8":"woocommerce-text-align-center","9":"woocommerce-image-align-center","10":"do-quantity-buttons","12":"first","13":"instock","14":"taxable","15":"shipping-taxable","16":"purchasable","17":"product-type-variable","18":"has-default-attributes"},"_links":{"self":[{"href":"https:\/\/textilfy.es\/fr\/wp-json\/wp\/v2\/product\/292110","targetHints":{"allow":["GET"]}}],"collection":[{"href":"https:\/\/textilfy.es\/fr\/wp-json\/wp\/v2\/product"}],"about":[{"href":"https:\/\/textilfy.es\/fr\/wp-json\/wp\/v2\/types\/product"}],"replies":[{"embeddable":true,"href":"https:\/\/textilfy.es\/fr\/wp-json\/wp\/v2\/comments?post=292110"}],"wp:featuredmedia":[{"embeddable":true,"href":"https:\/\/textilfy.es\/fr\/wp-json\/wp\/v2\/media\/287009"}],"wp:attachment":[{"href":"https:\/\/textilfy.es\/fr\/wp-json\/wp\/v2\/media?parent=292110"}],"wp:term":[{"taxonomy":"product_brand","embeddable":true,"href":"https:\/\/textilfy.es\/fr\/wp-json\/wp\/v2\/product_brand?post=292110"},{"taxonomy":"product_cat","embeddable":true,"href":"https:\/\/textilfy.es\/fr\/wp-json\/wp\/v2\/product_cat?post=292110"},{"taxonomy":"product_tag","embeddable":true,"href":"https:\/\/textilfy.es\/fr\/wp-json\/wp\/v2\/product_tag?post=292110"}],"curies":[{"name":"wp","href":"https:\/\/api.w.org\/{rel}","templated":true}]}}