{"id":292148,"date":"2023-04-26T16:46:31","date_gmt":"2023-04-26T14:46:31","guid":{"rendered":"https:\/\/textilfy.es\/impresion\/non%20class\u00e9\/stretch-burlington\/"},"modified":"2026-04-16T11:23:45","modified_gmt":"2026-04-16T09:23:45","slug":"stretch-burlington","status":"publish","type":"product","link":"https:\/\/textilfy.es\/fr\/impression\/tissus-synthetiques\/stretch-burlington\/","title":{"rendered":"Stretch Burlington"},"content":{"rendered":"\n<p>Le tissu id\u00e9al pour les ind\u00e9cis ! Un peu extensible et l\u00e9g\u00e8rement translucide, la plus polyvalente et en m\u00eame temps la moins ch\u00e8re de notre catalogue. Si vous avez besoin d\u2019un tissu mais que vous n\u2019avez pas de pr\u00e9f\u00e9rence particuli\u00e8re pour un tissu, c\u2019est la meilleure option. Il peut \u00eatre utilis\u00e9 pour presque tous les projets.   <\/p>\n\n<details class=\"wp-block-details is-layout-flow wp-block-details-is-layout-flow\"><summary>Notre tissu Burlington est un choix innovant pour les projets de habillage, offrant une flexibilit\u00e9 exceptionnelle. Il est compos\u00e9 \u00e0 100 % de polyester, les couleurs imprim\u00e9es en quatre couleurs sont vives et en font un choix parfait pour les v\u00eatements et accessoires de mode. <\/summary>\n<p>Caract\u00e9ristiques du produit :<\/p>\n\n\n\n<ul class=\"wp-block-list\">\n<li>Confort et \u00e9lasticit\u00e9 : Le tissu extensible Burlington se distingue par sa capacit\u00e9 \u00e0 s\u2019adapter aux mouvements du corps sans sacrifier la durabilit\u00e9. L\u2019extensibilit\u00e9 la rend id\u00e9ale pour les v\u00eatements n\u00e9cessitant une coupe confortable et polyvalente. <\/li>\n\n\n\n<li>Polyester haut de gamme : Fabriqu\u00e9 \u00e0 100 % polyester, le burlington \u00e9lastique offre une r\u00e9sistance et une durabilit\u00e9 exceptionnelles. Il est parfait pour les v\u00eatements qui doivent conserver leur forme et leur couleur au fil du temps. <\/li>\n\n\n\n<li>Impressions couleur : Notre caract\u00e9ristique phare est la possibilit\u00e9 d\u2019imprimer en couleur. Les motifs que nous imprimons sur ce tissu sont vibrants, d\u00e9taill\u00e9s et personnalis\u00e9s pour r\u00e9pondre \u00e0 vos besoins de design. Des motifs abstraits aux chefs-d\u2019\u0153uvre visuels, vos id\u00e9es peuvent prendre vie dans ce tissu de haute qualit\u00e9.  <\/li>\n\n\n\n<li>Polyvalence du design : convient \u00e0 une grande vari\u00e9t\u00e9 de projets de couture, des costumes de mode aux accessoires. Sa r\u00e9sistance et son confort le rendent adapt\u00e9 \u00e0 de multiples usages. <\/li>\n\n\n\n<li>Facile \u00e0 entretenir : Malgr\u00e9 son apparence, le polyester extensible Burlington est un tissu facile \u00e0 entretenir. Vous pouvez la laver et la s\u00e9cher sans complications, en maintenant sa qualit\u00e9 et sa couleur. <br\/><\/li>\n<\/ul>\n\n\n\n<p>Caract\u00e9ristiques du produit :<\/p>\n\n\n\n<ul class=\"wp-block-list\">\n<li>Mat\u00e9riau : 100 % polyester<\/li>\n\n\n\n<li>Largeur du tissu : 145 cm<\/li>\n\n\n\n<li>Usage recommand\u00e9 : v\u00eatements de mode, accessoires et plus encore.<\/li>\n<\/ul>\n<\/details>\n","protected":false},"excerpt":{"rendered":"<p>Le tissu id\u00e9al pour les ind\u00e9cis ! Un peu \u00e9lastique et l\u00e9g\u00e8rement translucide, la plus polyvalente et en m\u00eame temps la plus \u00e9conomique de notre catalogue. Si vous avez besoin d\u2019un tissu mais que vous n\u2019avez pas de pr\u00e9dilection particuli\u00e8re pour un tissu, c\u2019est votre meilleur choix. Il peut \u00eatre utilis\u00e9 pour presque tous les projets.   <\/p>\n","protected":false},"featured_media":289668,"comment_status":"open","ping_status":"closed","template":"","meta":{"inline_featured_image":false},"product_brand":[],"product_cat":[218],"product_tag":[451,375,448,447,452,449,450],"class_list":{"0":"post-292148","1":"product","2":"type-product","3":"status-publish","4":"has-post-thumbnail","6":"product_cat-tissus-synthetiques","7":"product_tag-confort-et-style","8":"product_tag-creation-de-mode-personnalisee","9":"product_tag-polyester-imprime-en-couleur","10":"product_tag-tissu-extensible-burlington","11":"product_tag-tissu-polyester-extensible","12":"product_tag-vetements-de-mode-uniques","13":"product_tag-vetements-de-sport-haute-performance","14":"sales-flash-overlay","15":"woocommerce-text-align-center","16":"woocommerce-image-align-center","17":"do-quantity-buttons","19":"first","20":"instock","21":"taxable","22":"shipping-taxable","23":"purchasable","24":"product-type-variable","25":"has-default-attributes"},"_links":{"self":[{"href":"https:\/\/textilfy.es\/fr\/wp-json\/wp\/v2\/product\/292148","targetHints":{"allow":["GET"]}}],"collection":[{"href":"https:\/\/textilfy.es\/fr\/wp-json\/wp\/v2\/product"}],"about":[{"href":"https:\/\/textilfy.es\/fr\/wp-json\/wp\/v2\/types\/product"}],"replies":[{"embeddable":true,"href":"https:\/\/textilfy.es\/fr\/wp-json\/wp\/v2\/comments?post=292148"}],"wp:featuredmedia":[{"embeddable":true,"href":"https:\/\/textilfy.es\/fr\/wp-json\/wp\/v2\/media\/289668"}],"wp:attachment":[{"href":"https:\/\/textilfy.es\/fr\/wp-json\/wp\/v2\/media?parent=292148"}],"wp:term":[{"taxonomy":"product_brand","embeddable":true,"href":"https:\/\/textilfy.es\/fr\/wp-json\/wp\/v2\/product_brand?post=292148"},{"taxonomy":"product_cat","embeddable":true,"href":"https:\/\/textilfy.es\/fr\/wp-json\/wp\/v2\/product_cat?post=292148"},{"taxonomy":"product_tag","embeddable":true,"href":"https:\/\/textilfy.es\/fr\/wp-json\/wp\/v2\/product_tag?post=292148"}],"curies":[{"name":"wp","href":"https:\/\/api.w.org\/{rel}","templated":true}]}}