{"id":292167,"date":"2023-02-09T11:50:58","date_gmt":"2023-02-09T10:50:58","guid":{"rendered":"https:\/\/textilfy.es\/impresion\/non%20class\u00e9\/t-shirts-personnalises\/"},"modified":"2026-04-20T11:16:49","modified_gmt":"2026-04-20T09:16:49","slug":"t-shirts-personnalises","status":"publish","type":"product","link":"https:\/\/textilfy.es\/fr\/impression\/vetements-personnalises\/t-shirts-personnalises\/","title":{"rendered":"T-shirts personnalis\u00e9s"},"content":{"rendered":"\n<p><\/p>\n\n<details class=\"wp-block-details is-layout-flow wp-block-details-is-layout-flow\"><summary>R\u00e9alisez vos t-shirts \u00e0 imprim\u00e9 int\u00e9gral avec des designs en couleur gr\u00e2ce \u00e0 nos mod\u00e8les personnalis\u00e9s. Avec la possibilit\u00e9 de choisir entre plusieurs tissus en coton ou polyester et en diff\u00e9rentes tailles.  <br>Nous proposons une vari\u00e9t\u00e9 de tissus de haute qualit\u00e9 tels que le coton tricot\u00e9, le polyester et le tricot de bambou, sur lesquels vous pouvez capturer vos cr\u00e9ations les plus cr\u00e9atives.<br><br><\/summary>\n<p><strong>Qualit\u00e9 et confort<\/strong> : Nos tissus ont \u00e9t\u00e9 s\u00e9lectionn\u00e9s pour leur douceur, leur r\u00e9sistance et leur qualit\u00e9 d\u2019impression. Choisissez entre le confort classique du tricot de coton, la durabilit\u00e9 et la flexibilit\u00e9 du maillot de polyester, ou la douceur et la durabilit\u00e9 du tricot en bambou pour vos t-shirts personnalis\u00e9s. <\/p>\n\n\n\n<p><strong>Design illimit\u00e9<\/strong> : Avec la personnalisation en impression compl\u00e8te, vous avez le pouvoir de concevoir chaque partie de votre chemise : le devant, le dos et les manches peuvent \u00eatre personnalis\u00e9s individuellement pour cr\u00e9er une pi\u00e8ce vraiment unique. Notre service d\u2019impression en couleur veille \u00e0 ce que vos id\u00e9es soient captur\u00e9es clairement et vivement, quelle que soit la complexit\u00e9 du design. <\/p>\n\n\n\n<p><strong>Impression de haute qualit\u00e9<\/strong> : Nous utilisons une technologie d\u2019impression de pointe pour garantir que chaque couleur soit fid\u00e8lement refl\u00e9t\u00e9e par des couleurs riches et d\u00e9taill\u00e9es. Votre t-shirt fullprint sera l\u2019expression de votre personnalit\u00e9 et de votre style. <\/p>\n\n\n\n<p><strong>Processus de commande simple et rapide<\/strong> : concevoir vos t-shirts personnalis\u00e9s avec notre configurateur 3D est simple. Il suffit de choisir votre tissu, de t\u00e9l\u00e9charger votre design et de personnaliser chaque section du t-shirt. Nous nous occupons du reste, assurant une production et une livraison efficaces.  <\/p>\n\n\n\n<p><strong>Durabilit\u00e9 et responsabilit\u00e9<\/strong> : Engag\u00e9s envers l\u2019environnement, nous proposons des options de tissus \u00e9cologiques comme le tricot de bambou, afin que vous puissiez profiter d\u2019une mode personnalis\u00e9e qui prend aussi soin de la plan\u00e8te.<\/p>\n<\/details>\n","protected":false},"excerpt":{"rendered":"","protected":false},"featured_media":277531,"comment_status":"open","ping_status":"closed","template":"","meta":{"inline_featured_image":false},"product_brand":[],"product_cat":[196],"product_tag":[],"class_list":{"0":"post-292167","1":"product","2":"type-product","3":"status-publish","4":"has-post-thumbnail","6":"product_cat-vetements-personnalises","7":"sales-flash-overlay","8":"woocommerce-text-align-center","9":"woocommerce-image-align-center","10":"do-quantity-buttons","12":"first","13":"instock","14":"taxable","15":"shipping-taxable","16":"purchasable","17":"product-type-variable","18":"has-default-attributes"},"_links":{"self":[{"href":"https:\/\/textilfy.es\/fr\/wp-json\/wp\/v2\/product\/292167","targetHints":{"allow":["GET"]}}],"collection":[{"href":"https:\/\/textilfy.es\/fr\/wp-json\/wp\/v2\/product"}],"about":[{"href":"https:\/\/textilfy.es\/fr\/wp-json\/wp\/v2\/types\/product"}],"replies":[{"embeddable":true,"href":"https:\/\/textilfy.es\/fr\/wp-json\/wp\/v2\/comments?post=292167"}],"wp:featuredmedia":[{"embeddable":true,"href":"https:\/\/textilfy.es\/fr\/wp-json\/wp\/v2\/media\/277531"}],"wp:attachment":[{"href":"https:\/\/textilfy.es\/fr\/wp-json\/wp\/v2\/media?parent=292167"}],"wp:term":[{"taxonomy":"product_brand","embeddable":true,"href":"https:\/\/textilfy.es\/fr\/wp-json\/wp\/v2\/product_brand?post=292167"},{"taxonomy":"product_cat","embeddable":true,"href":"https:\/\/textilfy.es\/fr\/wp-json\/wp\/v2\/product_cat?post=292167"},{"taxonomy":"product_tag","embeddable":true,"href":"https:\/\/textilfy.es\/fr\/wp-json\/wp\/v2\/product_tag?post=292167"}],"curies":[{"name":"wp","href":"https:\/\/api.w.org\/{rel}","templated":true}]}}