{"id":290485,"date":"2023-05-16T09:12:27","date_gmt":"2023-05-16T07:12:27","guid":{"rendered":"https:\/\/textilfy.es\/produzione-di-abbigliamento\/"},"modified":"2026-04-16T11:07:39","modified_gmt":"2026-04-16T09:07:39","slug":"produzione-di-abbigliamento","status":"publish","type":"page","link":"https:\/\/textilfy.es\/it\/produzione-di-abbigliamento\/","title":{"rendered":"Produzione di abbigliamento"},"content":{"rendered":"<div class=\"gb-container gb-container-224842f2\">\n<div class=\"gb-grid-wrapper gb-grid-wrapper-5bff22cb\">\n<div class=\"gb-grid-column gb-grid-column-3bdc7b17\"><div class=\"gb-container gb-container-3bdc7b17\"><\/div><\/div>\n\n<div class=\"gb-grid-column gb-grid-column-c0577089\"><div class=\"gb-container gb-container-c0577089\">\n\n<h1 class=\"gb-headline gb-headline-5cef408c gb-headline-text\"><strong>Sfrutta al massimo i tuoi design con Textilfy<\/strong> <strong>e il suo servizio di produzione di abbigliamento<\/strong><\/h1>\n\n<\/div><\/div>\n\n<div class=\"gb-grid-column gb-grid-column-e2fda5ae\"><div class=\"gb-container gb-container-e2fda5ae\"><\/div><\/div>\n<\/div>\n<\/div><div class=\"gb-container gb-container-3e01e543\">\n<div class=\"gb-grid-wrapper gb-grid-wrapper-3b0cc8ff\">\n<div class=\"gb-grid-column gb-grid-column-b66261e8\"><div class=\"gb-container gb-container-b66261e8\"><\/div><\/div>\n\n<div class=\"gb-grid-column gb-grid-column-bd7ecedc\"><div class=\"gb-container gb-container-bd7ecedc\">\n\n<h5 class=\"gb-headline gb-headline-e38d65e5 gb-headline-text\">Qualche anno fa da Textilfy abbiamo rivoluzionato la stampa tessile offrendoti la possibilit\u00e0 di stampare i tuoi disegni da un metro di tessuto. Ora Textilfy offre anche il servizio di produzione di abbigliamento, con il quale puoi stampare i tuoi disegni su prodotti finiti da un&#8217;unica unit\u00e0. Facile e comodo.  <\/h5>\n\n<\/div><\/div>\n\n<div class=\"gb-grid-column gb-grid-column-5a268ecb\"><div class=\"gb-container gb-container-5a268ecb\"><\/div><\/div>\n<\/div>\n<\/div><div class=\"gb-container gb-container-804671fa\">\n<div class=\"gb-grid-wrapper gb-grid-wrapper-45d8c035 flexcol\">\n<div class=\"gb-grid-column gb-grid-column-a94de4e3\"><div class=\"gb-container gb-container-a94de4e3\">\n<div class=\"gb-grid-wrapper gb-grid-wrapper-690505c5\">\n<div class=\"gb-grid-column gb-grid-column-bc8d9552\"><div class=\"gb-container gb-container-bc8d9552\">\n\n<figure class=\"gb-block-image gb-block-image-a36c79f6\"><img loading=\"lazy\" decoding=\"async\" width=\"193\" height=\"193\" class=\"gb-image gb-image-a36c79f6\" src=\"https:\/\/pro.textilfy.es\/wp-content\/uploads\/2023\/06\/confeccion.svg\" alt=\"Sartoria\" title=\"Sartoria\"><\/figure>\n\n<\/div><\/div>\n\n<div class=\"gb-grid-column gb-grid-column-07e691ae\"><div class=\"gb-container gb-container-07e691ae\">\n<div class=\"gb-container gb-container-a980fdae\">\n\n<p class=\"gb-headline gb-headline-797a7536 gb-headline-text\">Facciamo prodotti fatti a mano per te da 1 unit\u00e0<\/p>\n\n<\/div>\n<\/div><\/div>\n<\/div>\n<\/div><\/div>\n\n<div class=\"gb-grid-column gb-grid-column-ae05a139\"><div class=\"gb-container gb-container-ae05a139\">\n<div class=\"gb-grid-wrapper gb-grid-wrapper-dcf62aa0\">\n<div class=\"gb-grid-column gb-grid-column-d1e852c4\"><div class=\"gb-container gb-container-d1e852c4\">\n\n<figure class=\"gb-block-image gb-block-image-2bd5a3d0\"><img loading=\"lazy\" decoding=\"async\" width=\"193\" height=\"193\" class=\"gb-image gb-image-2bd5a3d0\" src=\"https:\/\/pro.textilfy.es\/wp-content\/uploads\/2023\/06\/envio.svg\" alt=\"Navigazione\" title=\"Navigazione\"><\/figure>\n\n<\/div><\/div>\n\n<div class=\"gb-grid-column gb-grid-column-f23e8ee2\"><div class=\"gb-container gb-container-f23e8ee2\">\n\n<p class=\"gb-headline gb-headline-bf7b9fdc gb-headline-text\">Tu ci invii il tuo progetto e noi ci occupiamo di tutto<\/p>\n\n<\/div><\/div>\n<\/div>\n<\/div><\/div>\n\n<div class=\"gb-grid-column gb-grid-column-05667a3d\"><div class=\"gb-container gb-container-05667a3d\">\n<div class=\"gb-grid-wrapper gb-grid-wrapper-4a2d59e8\">\n<div class=\"gb-grid-column gb-grid-column-f099acd2\"><div class=\"gb-container gb-container-f099acd2\">\n\n<figure class=\"gb-block-image gb-block-image-8f827112\"><img loading=\"lazy\" decoding=\"async\" width=\"193\" height=\"193\" class=\"gb-image gb-image-8f827112\" src=\"https:\/\/pro.textilfy.es\/wp-content\/uploads\/2023\/06\/prototipa.svg\" alt=\"Prototipo\" title=\"Prototipo\"><\/figure>\n\n<\/div><\/div>\n\n<div class=\"gb-grid-column gb-grid-column-aace0eff\"><div class=\"gb-container gb-container-aace0eff\">\n\n<p class=\"gb-headline gb-headline-b74d8d6a gb-headline-text\">Prototipare facilmente e ridurre i rischi con il nostro <a href=\"https:\/\/pro.textilfy.es\/imprime\/ropa\/\" data-type=\"link\" data-id=\"https:\/\/pro.textilfy.es\/imprime\/ropa\/\">configuratore 3D<\/a><\/p>\n\n<\/div><\/div>\n<\/div>\n<\/div><\/div>\n\n<div class=\"gb-grid-column gb-grid-column-12fb33a6\"><div class=\"gb-container gb-container-12fb33a6\">\n<div class=\"gb-grid-wrapper gb-grid-wrapper-a2c608cc\">\n<div class=\"gb-grid-column gb-grid-column-5e63ac3f\"><div class=\"gb-container gb-container-5e63ac3f\">\n\n<figure class=\"gb-block-image gb-block-image-43d790b8\"><img loading=\"lazy\" decoding=\"async\" width=\"193\" height=\"193\" class=\"gb-image gb-image-43d790b8\" src=\"https:\/\/pro.textilfy.es\/wp-content\/uploads\/2023\/06\/productos.svg\" alt=\"Prodotti\" title=\"Prodotti\"><\/figure>\n\n<\/div><\/div>\n\n<div class=\"gb-grid-column gb-grid-column-59969324\"><div class=\"gb-container gb-container-59969324\">\n\n<p class=\"gb-headline gb-headline-df595324 gb-headline-text\">Fino a 25 prodotti e pi\u00f9 di 100 combinazioni<\/p>\n\n<\/div><\/div>\n<\/div>\n<\/div><\/div>\n<\/div>\n<\/div><div class=\"gb-container gb-container-c051f997\">\n<div class=\"gb-grid-wrapper gb-grid-wrapper-18b29281\">\n<div class=\"gb-grid-column gb-grid-column-c37746f4\"><div class=\"gb-container gb-container-c37746f4\">\n\n<figure class=\"gb-block-image gb-block-image-fc37c3bc\"><img loading=\"lazy\" decoding=\"async\" width=\"737\" height=\"483\" class=\"gb-image gb-image-fc37c3bc\" src=\"https:\/\/pro.textilfy.es\/wp-content\/uploads\/2023\/06\/textilfy-como-funciona.jpg\" alt=\"Spiega come funziona\" title=\"Spiega come funziona\" srcset=\"https:\/\/textilfy.es\/wp-content\/uploads\/2023\/06\/textilfy-como-funciona.jpg 737w, https:\/\/textilfy.es\/wp-content\/uploads\/2023\/06\/textilfy-como-funciona-600x393.jpg 600w, https:\/\/textilfy.es\/wp-content\/uploads\/2023\/06\/textilfy-como-funciona-300x197.jpg 300w\" sizes=\"auto, (max-width: 737px) 100vw, 737px\" \/><\/figure>\n\n<\/div><\/div>\n\n<div class=\"gb-grid-column gb-grid-column-f896bcc7\"><div class=\"gb-container gb-container-f896bcc7\">\n\n<h2 class=\"gb-headline gb-headline-302b5d0b gb-headline-text\">Avremo fino a 25 prodotti con pi\u00f9 di 100 combinazioni pronte con un semplice clic<\/h2>\n\n\n\n<p class=\"gb-headline gb-headline-2b31cb95 gb-headline-text\">T-shirt, felpe, grembiulii, borse tote e molti altri prodotti suddivisi per categorie di donne, uomini, bambini, accessori e casa. Carica facilmente il tuo design e produci da un&#8217;unit\u00e0. Ti assistiamo durante tutto il processo di sviluppo del design, affinch\u00e9 le tue idee si riflettano in tutti i tuoi prodotti proprio come lo immaginate.  <\/p>\n\n\n\n<a class=\"gb-button gb-button-83698122 gb-button-text\" href=\"https:\/\/pro.textilfy.es\/nuestras-telas\/\">Visualizza categorie<\/a>\n\n<\/div><\/div>\n<\/div>\n<\/div><div class=\"gb-container gb-container-35b2ffb9\">\n<div class=\"gb-grid-wrapper gb-grid-wrapper-4f8c585d\">\n<div class=\"gb-grid-column gb-grid-column-c4478b5b\"><div class=\"gb-container gb-container-c4478b5b\">\n\n<h2 class=\"gb-headline gb-headline-da2d3aaa gb-headline-text\">Facciamo fatti a mano per te<\/h2>\n\n\n\n<p class=\"gb-headline gb-headline-b4bb42b7 gb-headline-text\">Sappiamo che \u00e8 piuttosto complesso realizzare i tuoi prodotti una volta ricevuto il tessuto stampato, quindi Textilfy esegue l&#8217;intero processo con facilit\u00e0 per te. Ricevi il prodotto finito a casa, pronto all&#8217;uso o al marketing. La produzione di abbigliamento \u00e8 il nostro business e ci occupiamo del monitoraggio di tutti i processi: design, prototipazione, stampa, sartoria, finitura e spedizione.  <\/p>\n\n\n\n<a class=\"gb-button gb-button-91ac06ef gb-button-text\" href=\"https:\/\/textilfy.es\/disena-tu-tela\/\">Acquista ora<\/a>\n\n<\/div><\/div>\n\n<div class=\"gb-grid-column gb-grid-column-843cfd4c\"><div class=\"gb-container gb-container-843cfd4c\">\n\n<figure class=\"gb-block-image gb-block-image-065e3300\"><img loading=\"lazy\" decoding=\"async\" width=\"734\" height=\"521\" class=\"gb-image gb-image-065e3300\" src=\"https:\/\/pro.textilfy.es\/wp-content\/uploads\/2023\/06\/confeccion-textilfy.jpg\" alt=\"Abbigliamento Textilfy\" title=\"Abbigliamento Textilfy\" srcset=\"https:\/\/textilfy.es\/wp-content\/uploads\/2023\/06\/confeccion-textilfy.jpg 734w, https:\/\/textilfy.es\/wp-content\/uploads\/2023\/06\/confeccion-textilfy-600x426.jpg 600w, https:\/\/textilfy.es\/wp-content\/uploads\/2023\/06\/confeccion-textilfy-300x213.jpg 300w\" sizes=\"auto, (max-width: 734px) 100vw, 734px\" \/><\/figure>\n\n<\/div><\/div>\n<\/div>\n<\/div><div class=\"gb-container gb-container-65a2fdde\">\n<div class=\"gb-grid-wrapper gb-grid-wrapper-06013dcb\">\n<div class=\"gb-grid-column gb-grid-column-2c2e7198\"><div class=\"gb-container gb-container-2c2e7198\">\n<div class=\"gb-container gb-container-8b3a3fab back-img\">\n\n<h3 class=\"gb-headline gb-headline-758e45bc gb-headline-text\">Seleziona il prodotto e la configurazione che desideri per il tuo design<\/h3>\n\n<\/div>\n\n<div class=\"gb-container gb-container-452baab8\">\n\n<p class=\"gb-headline gb-headline-49b05ebd gb-headline-text\">Scegli tra i nostri 25 prodotti pronti all&#8217;uso e seleziona come personalizzarli con i diversi tessuti e accessori.<\/p>\n\n<\/div>\n<\/div><\/div>\n\n<div class=\"gb-grid-column gb-grid-column-97bbb0c0\"><div class=\"gb-container gb-container-97bbb0c0\">\n<div class=\"gb-container gb-container-3b71df2b back-img\">\n\n<h3 class=\"gb-headline gb-headline-22e2d8e8 gb-headline-text\">Carica i tuoi progetti nel nostro configuratore 3D e adattali secondo i tuoi gusti<\/h3>\n\n<\/div>\n\n<div class=\"gb-container gb-container-2a601069\">\n\n<p class=\"gb-headline gb-headline-b2e26624 gb-headline-text\">Se hai domande su come assemblare il tuo capo o accessorio, scrivici al hello@textilfy.com e ti aiuteremo durante tutto il processo.<\/p>\n\n<\/div>\n<\/div><\/div>\n\n<div class=\"gb-grid-column gb-grid-column-bf3d2491\"><div class=\"gb-container gb-container-bf3d2491\">\n<div class=\"gb-container gb-container-67366716 back-img\">\n\n<h3 class=\"gb-headline gb-headline-c392b1d5 gb-headline-text marder\">Paga per unit\u00e0 selezionate e non spendere troppo<\/h3>\n\n<\/div>\n\n<div class=\"gb-container gb-container-7d0c17f9\">\n\n<p class=\"gb-headline gb-headline-e84b9d06 gb-headline-text\">Risparmia centinaia di prodotti in magazzino e produce on demand solo con le unit\u00e0 che effettivamente venderai.<\/p>\n\n<\/div>\n<\/div><\/div>\n\n<div class=\"gb-grid-column gb-grid-column-54493191\"><div class=\"gb-container gb-container-54493191\">\n<div class=\"gb-container gb-container-f239a656 back-img\">\n\n<h3 class=\"gb-headline gb-headline-60e8d362 gb-headline-text\">Stampiamo e produciamo in modo sostenibile e artigianale<\/h3>\n\n<\/div>\n\n<div class=\"gb-container gb-container-4e765d97\">\n\n<p class=\"gb-headline gb-headline-b8377b4f gb-headline-text\">I nostri inchiostri sono a base d&#8217;acqua e hanno la certificazione OEKO-TEX classe 1. I nostri vestiti sono realizzati localmente e a mano. <\/p>\n\n<\/div>\n<\/div><\/div>\n<\/div>\n<\/div><div class=\"gb-container gb-container-58465254\">\n<div class=\"gb-grid-wrapper gb-grid-wrapper-a3b7e54c\">\n<div class=\"gb-grid-column gb-grid-column-317a52be\"><div class=\"gb-container gb-container-317a52be\">\n\n<figure class=\"gb-block-image gb-block-image-7a63327e\"><img loading=\"lazy\" decoding=\"async\" width=\"715\" height=\"422\" class=\"gb-image gb-image-7a63327e\" src=\"https:\/\/textilfy.es\/wp-content\/uploads\/2024\/11\/SosteniblidadTextilfy.jpg\" alt=\"Sostenibilit\u00e0 tessile\" title=\"Sostenibilit\u00e0 tessile\" srcset=\"https:\/\/textilfy.es\/wp-content\/uploads\/2024\/11\/SosteniblidadTextilfy.jpg 715w, https:\/\/textilfy.es\/wp-content\/uploads\/2024\/11\/SosteniblidadTextilfy-600x354.jpg 600w, https:\/\/textilfy.es\/wp-content\/uploads\/2024\/11\/SosteniblidadTextilfy-300x177.jpg 300w\" sizes=\"auto, (max-width: 715px) 100vw, 715px\" \/><\/figure>\n\n<\/div><\/div>\n\n<div class=\"gb-grid-column gb-grid-column-bf4c95ca\"><div class=\"gb-container gb-container-bf4c95ca\">\n\n<h2 class=\"gb-headline gb-headline-42d4afb5 gb-headline-text\">Produrre centinaia di unit\u00e0 \u00e8 ormai un ricordo del passato<\/h2>\n\n\n\n<p class=\"gb-headline gb-headline-7e9324c2 gb-headline-text\">Pi\u00f9 sostenibile perch\u00e9 produci solo ci\u00f2 che vendi. Pi\u00f9 efficiente perch\u00e9 puoi iterare i tuoi progetti costantemente e a costi molto economici. Siamo convinti che esista un altro modo di creare abiti pi\u00f9 consapevole che ti permette di avere il controllo sul tuo prodotto per migliorarlo un po&#8217; di pi\u00f9.  <br><\/p>\n\n\n\n<p class=\"gb-headline gb-headline-43dc7d46 gb-headline-text\">Con la produzione on-demand, i designer emergenti possono lanciare collezioni senza la pressione di grandi investimenti iniziali in inventario. Questo incoraggia creativit\u00e0 e sperimentazione, poich\u00e9 i costi e i rischi associati alla produzione di grandi quantit\u00e0 sono significativamente ridotti. <\/p>\n\n\n\n<p class=\"gb-headline gb-headline-2966843a gb-headline-text\">Inoltre, la produzione di abbigliamento on-demand \u00e8 una scelta pi\u00f9 sostenibile. Producendo solo ci\u00f2 che \u00e8 necessario, si riduce al minimo lo spreco di materiali e risorse, contribuendo a un&#8217;industria della moda pi\u00f9 consapevole ed ecologica. Questa metodologia rappresenta non solo un&#8217;evoluzione nel modo in cui la moda viene pensata e prodotta, ma anche un passo verso pratiche di consumo pi\u00f9 responsabili e personalizzate.  <\/p>\n\n<\/div><\/div>\n<\/div>\n<\/div>","protected":false},"excerpt":{"rendered":"","protected":false},"author":1,"featured_media":290491,"parent":0,"menu_order":0,"comment_status":"closed","ping_status":"closed","template":"","meta":{"inline_featured_image":false,"footnotes":""},"class_list":["post-290485","page","type-page","status-publish","has-post-thumbnail"],"_links":{"self":[{"href":"https:\/\/textilfy.es\/it\/wp-json\/wp\/v2\/pages\/290485","targetHints":{"allow":["GET"]}}],"collection":[{"href":"https:\/\/textilfy.es\/it\/wp-json\/wp\/v2\/pages"}],"about":[{"href":"https:\/\/textilfy.es\/it\/wp-json\/wp\/v2\/types\/page"}],"author":[{"embeddable":true,"href":"https:\/\/textilfy.es\/it\/wp-json\/wp\/v2\/users\/1"}],"replies":[{"embeddable":true,"href":"https:\/\/textilfy.es\/it\/wp-json\/wp\/v2\/comments?post=290485"}],"version-history":[{"count":2,"href":"https:\/\/textilfy.es\/it\/wp-json\/wp\/v2\/pages\/290485\/revisions"}],"predecessor-version":[{"id":290544,"href":"https:\/\/textilfy.es\/it\/wp-json\/wp\/v2\/pages\/290485\/revisions\/290544"}],"wp:featuredmedia":[{"embeddable":true,"href":"https:\/\/textilfy.es\/it\/wp-json\/wp\/v2\/media\/290491"}],"wp:attachment":[{"href":"https:\/\/textilfy.es\/it\/wp-json\/wp\/v2\/media?parent=290485"}],"curies":[{"name":"wp","href":"https:\/\/api.w.org\/{rel}","templated":true}]}}