{"id":290587,"date":"2019-09-11T07:56:18","date_gmt":"2019-09-11T05:56:18","guid":{"rendered":"https:\/\/textilfy.es\/avviso-legale\/"},"modified":"2019-09-11T07:56:18","modified_gmt":"2019-09-11T05:56:18","slug":"avviso-legale","status":"publish","type":"page","link":"https:\/\/textilfy.es\/it\/avviso-legale\/","title":{"rendered":"Avviso legale"},"content":{"rendered":"<div style=\"padding: 2%;\">\n<h3 style=\"text-align: left;\"><strong><u>AVVISO LEGALE<\/u><\/strong><\/h3>\n<p style=\"text-align: justify;\"> <strong> C\u00edrculo Textil Servicios Textiles SL,<\/strong> d&#8217;ora in poi RESPONSABILE, rende disponibile questo documento agli utenti, con cui intende rispettare gli obblighi stabiliti dalla Legge 34\/2002 dell&#8217;11 luglio sui Servizi della Societ\u00e0 dell&#8217;Informazione e il Commercio Elettronico (LSSICE), nonch\u00e9 informare tutti gli utenti del sito web sulle condizioni di utilizzo. Chiunque acceda a questo sito assume il ruolo di utente, impegnandosi nel rispetto e nella rigorosa conformit\u00e0 alle disposizioni qui espresse, nonch\u00e9 a qualsiasi altra disposizione legale applicabile. <\/p>\n<p style=\"text-align: justify;\"> <strong> C\u00edrculo Textil Servicios Textiles SL<\/strong> si riserva il diritto di modificare qualsiasi tipo di informazione che possa comparire sul sito web, senza alcun obbligo di preavviso o di informare gli utenti di tali obblighi, e la pubblicazione sul sito \u00e8 considerata sufficiente.<\/p>\n<ul>\n<li><strong>Nome aziendale<\/strong>: C\u00edrculo Textil Servicios Textiles SL<\/li>\n<li><strong>Dominio web:<\/strong> https:\/\/textilfy.es\/<\/li>\n<li><strong>I.F: <\/strong>B84283902<\/li>\n<li><strong>Sede legale: <\/strong>C\/ Palmera, 2 locali A. CP 28029 Madrid.<\/li>\n<li><strong>Email<\/strong>: hello@textilfy.com<\/li>\n<li><strong>Telefono<\/strong>: 91 049 39 91<\/li>\n<li><strong>Registro Mercantile di Madrid<\/strong><\/li>\n<\/ul>\n<h3 style=\"text-align: left;\"><strong>RESPONSABILIT\u00c0<\/strong><\/h3>\n<p style=\"text-align: justify;\">Il fornitore \u00e8 esente da qualsiasi tipo di responsabilit\u00e0 derivante dalle informazioni pubblicate sul suo sito web, a condizione che tali informazioni siano state manipolate o introdotte da terzi non correlati ad esso. Da questo sito \u00e8 possibile che tu venga reindirizzato a contenuti provenienti da siti di terze parti. Poich\u00e9 il fornitore non pu\u00f2 sempre controllare i contenuti caricati da terzi sul suo sito, non si assume alcuna responsabilit\u00e0 per tali contenuti. In ogni caso, il fornitore dichiara che proceder\u00e0 con la rimozione immediata di qualsiasi contenuto che possa violare la legislazione nazionale o internazionale, la morale o l&#8217;ordine pubblico, procedendo con la rimozione immediata della reindirizzazione verso il sito web e informando le autorit\u00e0 competenti del contenuto in questione.   <\/p>\n<p style=\"text-align: justify;\"><strong>Il fornitore non \u00e8 responsabile delle informazioni e dei contenuti memorizzati, inclusi ma non limitati a, in forum, chat, generatori di blog, commenti, social network o qualsiasi altro mezzo che consenta a terzi di pubblicare contenuti in modo indipendente sul sito web del fornitore. Tuttavia, e in conformit\u00e0 con le disposizioni degli articoli 11 e 16 della LSSI-CE, il fornitore si rende a disposizione di tutti gli utenti, autorit\u00e0 e forze di sicurezza, collaborando attivamente alla rimozione o, dove opportuno, al blocco di tutti i contenuti che potrebbero influenzare o violare la legislazione nazionale.  o internazionali, diritti di terzi o moralit\u00e0 e ordine pubblico. Nel caso in cui l&#8217;utente ritenga che ci siano contenuti sul sito che potrebbero essere soggetti a questa classificazione, si prega di notificare immediatamente l&#8217;amministratore del sito.  <\/strong><\/p>\n<h3 style=\"text-align: left !important;\"><strong>PROPRIET\u00c0 INTELLETTUALE E INDUSTRIALE  <\/strong><\/h3>\n<p style=\"text-align: justify;\">Il sito web, inclusi ma non limitati a programmazione, editing, compilazione e altri elementi necessari al suo funzionamento, i design, i loghi, i testi e\/o la grafica sono di propriet\u00e0 del fornitore o, dove opportuno, possiede una licenza o un&#8217;autorizzazione esplicita dagli autori. Indipendentemente dallo scopo per cui sono stati destinati, la riproduzione, l&#8217;uso, lo sfruttamento, la distribuzione e la commercializzazione totale o parziale richiedono in ogni caso l&#8217;autorizzazione scritta preventiva del fornitore. Qualsiasi uso non precedentemente autorizzato dal fornitore sar\u00e0 considerato una grave violazione dei diritti di propriet\u00e0 intellettuale o industriale dell&#8217;autore. Il fornitore riconosce i relativi diritti di propriet\u00e0 industriale e intellettuale a favore dei propri proprietari, e la loro semplice menzione o presenza sul sito web non implica l&#8217;esistenza di alcun diritto o responsabilit\u00e0 del fornitore nei loro confronti, n\u00e9 implica l&#8217;approvazione, la sponsorizzazione o la raccomandazione da parte degli stessi.   <\/p>\n<h3 style=\"text-align: left !important;\"><strong>DIRITTO DI COMPETENZA E GIURISDIZIONE<\/strong><\/h3>\n<p style=\"text-align: justify;\">Questo sito web \u00e8 soggetto alla legge spagnola e, in caso di controversia o controversia derivante dall&#8217;uso di questo sito, entrambe le parti si sottomettono alla giurisdizione dei tribunali della citt\u00e0 di <strong>Madrid<\/strong> (Spagna). Questa clausola di sottomissione esplicita ai tribunali della citt\u00e0 di<strong> Madrid<\/strong> non sar\u00e0 applicabile in caso di contenzioso con gli utenti del sito che, secondo la normativa vigente, detengono lo status di consumatori, nel qual caso entrambe le parti saranno soggette alla giurisdizione dei Tribunali e dei Tribunali di residenza del consumatore. Allo stesso modo, in questi casi, il fornitore e l&#8217;utente possono sottoporre le loro controversie all&#8217;arbitrato previsto dalla legislazione sull&#8217;arbitrato e dalla protezione dei consumatori e degli utenti, nonch\u00e9 alle procedure di risoluzione extragiudiziaria stabilite tramite codici di condotta o altri strumenti di autoregolamentazione.  <\/p>\n<p style=\"text-align: justify;\">Se non sei d&#8217;accordo con i prodotti o servizi contrattati e sei un cliente appartenente all&#8217;Unione Europea, tranne che spagnolo, puoi andare al seguente link per presentare il reclamo appropriato: <a href=\"http:\/\/ec.europa.eu\/consumers\/odr\/\" target=\"_blank\" rel=\"noopener\">http:\/\/ec.europa.eu\/consumers\/odr<\/a><\/p>\n<\/div>\n","protected":false},"excerpt":{"rendered":"<p>AVVISO LEGALE C\u00edrculo Textil Servicios Textiles SL, d&#8217;ora in poi RESPONSABILE, rende disponibile questo documento agli utenti, con cui intende rispettare gli obblighi stabiliti dalla Legge 34\/2002 dell&#8217;11 luglio sui Servizi della Societ\u00e0 dell&#8217;Informazione e il Commercio Elettronico (LSSICE), nonch\u00e9 informare tutti gli utenti del sito web sulle condizioni di utilizzo. Chiunque acceda a questo &#8230; <a title=\"Avviso legale\" class=\"read-more\" href=\"https:\/\/textilfy.es\/it\/avviso-legale\/\" aria-label=\"More on Avviso legale\">Leggi tutto<\/a><\/p>\n","protected":false},"author":1,"featured_media":0,"parent":0,"menu_order":0,"comment_status":"closed","ping_status":"closed","template":"","meta":{"inline_featured_image":false,"footnotes":""},"class_list":["post-290587","page","type-page","status-publish"],"_links":{"self":[{"href":"https:\/\/textilfy.es\/it\/wp-json\/wp\/v2\/pages\/290587","targetHints":{"allow":["GET"]}}],"collection":[{"href":"https:\/\/textilfy.es\/it\/wp-json\/wp\/v2\/pages"}],"about":[{"href":"https:\/\/textilfy.es\/it\/wp-json\/wp\/v2\/types\/page"}],"author":[{"embeddable":true,"href":"https:\/\/textilfy.es\/it\/wp-json\/wp\/v2\/users\/1"}],"replies":[{"embeddable":true,"href":"https:\/\/textilfy.es\/it\/wp-json\/wp\/v2\/comments?post=290587"}],"version-history":[{"count":0,"href":"https:\/\/textilfy.es\/it\/wp-json\/wp\/v2\/pages\/290587\/revisions"}],"wp:attachment":[{"href":"https:\/\/textilfy.es\/it\/wp-json\/wp\/v2\/media?parent=290587"}],"curies":[{"name":"wp","href":"https:\/\/api.w.org\/{rel}","templated":true}]}}