{"id":291080,"date":"2024-09-27T10:14:35","date_gmt":"2024-09-27T08:14:35","guid":{"rendered":"https:\/\/textilfy.es\/impresion\/senza-categoria\/vello-di-cotone-320\/"},"modified":"2026-05-05T14:44:15","modified_gmt":"2026-05-05T12:44:15","slug":"vello-di-cotone-320","status":"publish","type":"product","link":"https:\/\/textilfy.es\/it\/stampar\/tessuti-naturali\/vello-di-cotone-320\/","title":{"rendered":"Vello di cotone 320"},"content":{"rendered":"\n<details class=\"wp-block-details is-layout-flow wp-block-details-is-layout-flow\"><summary>Il nostro <em>pile di cotone non spazzolato<\/em> da 320 grammi \u00e8 la scelta perfetta per realizzare capi comodi, caldi e resistenti. Questo tessuto, noto per la sua morbidezza e durata, \u00e8 ideale per la realizzazione di felpe, vestiti da neonato come pantaloni, salopette e felpe per bambini. Se cerchi un tessuto che combini comfort e versatilit\u00e0, il pile di cotone \u00e8 la scelta migliore.  <\/summary>\n<p><\/p>\n\n\n\n<p><\/p>\n\n\n\n<h3 class=\"wp-block-heading\">Caratteristiche del cotone di peluche<\/h3>\n\n\n\n<p>Il pile di cotone \u00e8 un tessuto spesso e soffice che offre un&#8217;eccellente isolamento termico, perfetto per le stagioni fredde. Non <em>essendo spazzolata<\/em>, la finitura \u00e8 liscia all&#8217;interno, il che le conferisce una consistenza morbida al tatto senza l&#8217;eccesso di volume tipico del pile spazzolato. Questo lo rende un tessuto equilibrato, con grande capacit\u00e0 di traspirabilit\u00e0 e senza perdere la capacit\u00e0 di mantenere il calore.  <\/p>\n\n\n\n<h3 class=\"wp-block-heading\">Vantaggi del cotone<\/h3>\n\n\n\n<p><em>Il cotone<\/em> \u00e8 una fibra naturale molto apprezzata per la sua traspirabilit\u00e0, morbidezza e resistenza, ideale per realizzare abiti a contatto diretto con la pelle, specialmente per neonati e bambini. Il nostro pile di cotone non spazzolato non \u00e8 solo ipoallergenico e morbido, ma \u00e8 anche facile da lavare, mantenendo qualit\u00e0 e forma dopo diversi lavaggi, rendendolo ideale per capi di abbigliamento frequentemente usati come felpe e abbigliamento per bambini. <\/p>\n\n\n\n<h3 class=\"wp-block-heading\">Applicazioni e utilizzi<\/h3>\n\n\n\n<p>Questo pile di cotone da 320 grammi \u00e8 perfetto per realizzare <em>felpe, pantaloni, salopette e vestiti da neonato<\/em>. Il suo peso e la sua struttura lo rendono ideale per creare capi comodi e caldi, adatti sia all&#8217;interno che all&#8217;esterno. Inoltre, \u00e8 perfetto per progetti sportivi e di moda casual, mantenendo comunque un&#8217;eccellente combinazione di comfort e stile.  <\/p>\n\n\n\n<h3 class=\"wp-block-heading\">Acquisti su misura e personalizzati<\/h3>\n\n\n\n<p>Personalizza il tuo ordine di pile di cotone non spazzolato, parte dei nostri <a href=\"https:\/\/textilfy.es\/it\/tessuti-naturali\/\">tessuti naturali<\/a>, in base alle esigenze del tuo progetto. Offriamo questo tessuto su misura cos\u00ec puoi creare felpe, abbigliamento per bambini e altro ancora con la quantit\u00e0 esatta di cui hai bisogno. Fai il tuo ordine oggi stesso e goditi la qualit\u00e0 e la morbidezza del pile di cotone!  <\/p>\n<\/details>\n","protected":false},"excerpt":{"rendered":"","protected":false},"featured_media":291090,"comment_status":"open","ping_status":"closed","template":"","meta":{"inline_featured_image":false},"product_brand":[],"product_cat":[235],"product_tag":[],"class_list":{"0":"post-291080","1":"product","2":"type-product","3":"status-publish","4":"has-post-thumbnail","6":"product_cat-tessuti-naturali","7":"sales-flash-overlay","8":"woocommerce-text-align-center","9":"woocommerce-image-align-center","10":"do-quantity-buttons","12":"first","13":"instock","14":"taxable","15":"shipping-taxable","16":"purchasable","17":"product-type-variable","18":"has-default-attributes"},"_links":{"self":[{"href":"https:\/\/textilfy.es\/it\/wp-json\/wp\/v2\/product\/291080","targetHints":{"allow":["GET"]}}],"collection":[{"href":"https:\/\/textilfy.es\/it\/wp-json\/wp\/v2\/product"}],"about":[{"href":"https:\/\/textilfy.es\/it\/wp-json\/wp\/v2\/types\/product"}],"replies":[{"embeddable":true,"href":"https:\/\/textilfy.es\/it\/wp-json\/wp\/v2\/comments?post=291080"}],"wp:featuredmedia":[{"embeddable":true,"href":"https:\/\/textilfy.es\/it\/wp-json\/wp\/v2\/media\/291090"}],"wp:attachment":[{"href":"https:\/\/textilfy.es\/it\/wp-json\/wp\/v2\/media?parent=291080"}],"wp:term":[{"taxonomy":"product_brand","embeddable":true,"href":"https:\/\/textilfy.es\/it\/wp-json\/wp\/v2\/product_brand?post=291080"},{"taxonomy":"product_cat","embeddable":true,"href":"https:\/\/textilfy.es\/it\/wp-json\/wp\/v2\/product_cat?post=291080"},{"taxonomy":"product_tag","embeddable":true,"href":"https:\/\/textilfy.es\/it\/wp-json\/wp\/v2\/product_tag?post=291080"}],"curies":[{"name":"wp","href":"https:\/\/api.w.org\/{rel}","templated":true}]}}