{"id":291145,"date":"2024-03-07T22:46:37","date_gmt":"2024-03-07T21:46:37","guid":{"rendered":"https:\/\/textilfy.es\/impresion\/senza-categoria\/felpe-personalizzate\/"},"modified":"2026-04-20T11:15:18","modified_gmt":"2026-04-20T09:15:18","slug":"felpe-personalizzate","status":"publish","type":"product","link":"https:\/\/textilfy.es\/it\/stampar\/abbigliamento-personalizzato\/felpe-personalizzate\/","title":{"rendered":"Felpe personalizzate"},"content":{"rendered":"\n<details class=\"wp-block-details is-layout-flow wp-block-details-is-layout-flow\"><summary>Scopri le nostre felpe personalizzate, disponibili in tessuto di cotone non spazzolato e felpa in poliestere spazzolato a maglia. Crea il tuo design unico e crea una dichiarazione di stile con la tua felpa personalizzata! <br><\/summary>\n<p>Crea il tuo stile unico grazie a Textilfy. Offriamo felpe personalizzate che ti permettono di esprimere la tua creativit\u00e0 in modo unico. Le nostre felpe sono stampate e realizzate in Spagna. Vengono realizzati su richiesta una volta che l&#8217;ordine arriva. Cio\u00e8, non abbiamo stock perch\u00e9 produciamo i progetti che i nostri clienti inviano. Sono prodotti di qualit\u00e0, fatti da zero per te. Che tu stia cercando un capo per uso personale o per promuovere il tuo brand, le nostre felpe personalizzate sono la scelta perfetta perch\u00e9 attirano l&#8217;attenzione.        <\/p>\n\n\n\n<p><strong>Caratteristiche principali delle nostre felpe personalizzate:<\/strong><\/p>\n\n\n\n<ul class=\"wp-block-list\">\n<li><strong>Varie opzioni di tessuti:<\/strong> Le nostre felpe sono disponibili in due opzioni di tessuto per soddisfare le tue esigenze e preferenze. Il tessuto di cotone a maglia offre traspirabilit\u00e0 e comfort per tutto il giorno. \u00c8 pi\u00f9 fresco perch\u00e9 non \u00e8 posato all&#8217;interno. Mentre il poliestere spazzolato offre una sensazione morbida e calda.   <\/li>\n\n\n\n<li><strong>Stampa integrale:<\/strong> Con la nostra tecnologia di stampa completa di alta qualit\u00e0, puoi personalizzare la tua felpa con qualsiasi disegno su qualsiasi parte del modello. Puoi caricare separatamente l&#8217;immagine che vuoi su ciascuna delle sue parti. Dai disegni posizionali a pattern e rapporti di diverse dimensioni.  <\/li>\n\n\n\n<li><strong>Comfort e stile:<\/strong> Progettate con comfort e stile, le nostre felpe personalizzate sono la combinazione perfetta di moda e funzionalit\u00e0. Con una vestibilit\u00e0 moderna e confortevole, sono ideali per qualsiasi occasione, sia per rilassarsi a casa sia per indossare un look urbano per strada. <\/li>\n\n\n\n<li><strong>Variet\u00e0 di dimensioni:<\/strong> Le nostre felpe sono disponibili in un&#8217;ampia gamma di taglie, da XS a XXL, per garantire una vestibilit\u00e0 perfetta per tutti.<\/li>\n<\/ul>\n\n\n\n<p><strong>Istruzioni per la personalizzazione:<\/strong> <\/p>\n\n\n\n<p>Il processo di personalizzazione della tua felpa \u00e8 semplice e semplice. Devi solo seguire questi 4 passaggi: <\/p>\n\n\n\n<ol class=\"wp-block-list\">\n<li><strong>Seleziona la tecnica da utilizzare:<\/strong> Scegli tra le nostre opzioni di timbro. Per ora \u00e8 disponibile solo full print, ma in seguito puoi farlo tramite serigrafia, DTG\/DTF o ricamo. <\/li>\n\n\n\n<li><strong>Carica il tuo design personalizzato nel personalizzatore 3D:<\/strong> Usa il nostro strumento di upload per caricare il tuo design personalizzato e visualizzare in anteprima il tuo capo.  <\/li>\n\n\n\n<li><strong>Anteprima e aggiustamento:<\/strong> Visualizza come apparir\u00e0 il tuo design sulla felpa e apporta le modifiche necessarie finch\u00e9 non sarai completamente soddisfatto. Non importa se non sei del tutto sicuro della qualit\u00e0 dei tuoi file. Lo esamineremo prima di entrare in produzione e ti chiederemo di inviarci file di qualit\u00e0 superiore se necessario.  <\/li>\n\n\n\n<li><strong>Scegli tessuto e misura e conferma il tuo ordine:<\/strong> Una volta che sei convinto del tuo design, scegli semplicemente il tessuto, la tua taglia e conferma l&#8217;ordine. Ci occuperemo noi del resto. <\/li>\n<\/ol>\n\n\n\n<p><strong>Benefici:<\/strong><\/p>\n\n\n\n<ul class=\"wp-block-list\">\n<li><strong>Felpe uniche ed esclusive:<\/strong> Crea una felpa che rifletta il tuo stile personale e ti distingui dalla massa con un capo unico ed esclusivo.<\/li>\n\n\n\n<li><strong>Qualit\u00e0 garantita:<\/strong> Utilizziamo materiali di altissima qualit\u00e0 e tecnologie di stampa avanzate per garantire che la tua felpa personalizzata sia duratura e dall&#8217;aspetto professionale.<\/li>\n\n\n\n<li><strong>Perfetto per regali e promozioni:<\/strong> Che tu stia cercando un regalo unico per una persona cara o voglia promuovere il tuo marchio, le nostre felpe personalizzate sono la scelta perfetta.<\/li>\n<\/ul>\n\n\n\n<p>Crea subito le tue felpe personalizzate! Ti offriamo l&#8217;opportunit\u00e0 di esprimere la tua creativit\u00e0 e il tuo stile personale in modo unico. Con un&#8217;ampia gamma di opzioni di personalizzazione e la garanzia di qualit\u00e0 di Textilfy, puoi essere sicuro di ricevere una felpa davvero tua.  <\/p>\n<\/details>\n","protected":false},"excerpt":{"rendered":"","protected":false},"featured_media":280895,"comment_status":"open","ping_status":"closed","template":"","meta":{"inline_featured_image":false},"product_brand":[],"product_cat":[208],"product_tag":[],"class_list":{"0":"post-291145","1":"product","2":"type-product","3":"status-publish","4":"has-post-thumbnail","6":"product_cat-abbigliamento-personalizzato","7":"sales-flash-overlay","8":"woocommerce-text-align-center","9":"woocommerce-image-align-center","10":"do-quantity-buttons","12":"first","13":"instock","14":"taxable","15":"shipping-taxable","16":"purchasable","17":"product-type-variable","18":"has-default-attributes"},"_links":{"self":[{"href":"https:\/\/textilfy.es\/it\/wp-json\/wp\/v2\/product\/291145","targetHints":{"allow":["GET"]}}],"collection":[{"href":"https:\/\/textilfy.es\/it\/wp-json\/wp\/v2\/product"}],"about":[{"href":"https:\/\/textilfy.es\/it\/wp-json\/wp\/v2\/types\/product"}],"replies":[{"embeddable":true,"href":"https:\/\/textilfy.es\/it\/wp-json\/wp\/v2\/comments?post=291145"}],"wp:featuredmedia":[{"embeddable":true,"href":"https:\/\/textilfy.es\/it\/wp-json\/wp\/v2\/media\/280895"}],"wp:attachment":[{"href":"https:\/\/textilfy.es\/it\/wp-json\/wp\/v2\/media?parent=291145"}],"wp:term":[{"taxonomy":"product_brand","embeddable":true,"href":"https:\/\/textilfy.es\/it\/wp-json\/wp\/v2\/product_brand?post=291145"},{"taxonomy":"product_cat","embeddable":true,"href":"https:\/\/textilfy.es\/it\/wp-json\/wp\/v2\/product_cat?post=291145"},{"taxonomy":"product_tag","embeddable":true,"href":"https:\/\/textilfy.es\/it\/wp-json\/wp\/v2\/product_tag?post=291145"}],"curies":[{"name":"wp","href":"https:\/\/api.w.org\/{rel}","templated":true}]}}